{"id":16067,"date":"2023-10-30T15:17:22","date_gmt":"2023-10-30T14:17:22","guid":{"rendered":"https:\/\/baralivres.ma\/?post_type=product&#038;p=16067"},"modified":"2023-10-30T15:17:22","modified_gmt":"2023-10-30T14:17:22","slug":"balzac-et-la-petite-tailleuse-chinoise","status":"publish","type":"product","link":"https:\/\/baralivres.ma\/?product=balzac-et-la-petite-tailleuse-chinoise","title":{"rendered":"Balzac et la Petite Tailleuse chinoise"},"content":{"rendered":"<p>Nous nous approch\u00e2mes de la valise, qui \u00e9tait soigneusement ligot\u00e9e avec une grosse corde en paille tress\u00e9e, nou\u00e9e en forme de croix. Apr\u00e8s avoir d\u00e9fait ses attaches, nous l&rsquo;ouvrimes en silence. \u00c0 l&rsquo;int\u00e9rieur, des piles de livres s&rsquo;illumin\u00e8rent sous la lueur de notre torche \u00e9lectrique. Les grands \u00e9crivains occidentaux nous accueillirent chaleureusement, avec en t\u00eate notre vieil ami Balzac, accompagn\u00e9 de cinq ou six de ses romans. Victor Hugo, Stendhal, Dumas, Flaubert, Baudelaire, Romain Rolland, Rousseau, Tolsto\u00ef, Gogol, Dosto\u00efevski, et quelques auteurs anglais tels que Dickens, Kipling, Emily Bront\u00eb \u00e9taient \u00e9galement pr\u00e9sents. C&rsquo;\u00e9tait une exp\u00e9rience \u00e9blouissante ! Il referma la valise et, posant sa main dessus comme un symbole de d\u00e9termination, il me dit : &lsquo;Avec ces livres, je vais m\u00e9tamorphoser la Petite Tailleuse. Elle ne sera plus jamais simplement une fille des montagnes.&rsquo;<\/p>\n","protected":false},"excerpt":{"rendered":"<p>Ouverture d&rsquo;une valise pleine de livres classiques occidentaux, promettant de transformer la vie d&rsquo;une montagnarde.<\/p>\n","protected":false},"featured_media":16068,"comment_status":"open","ping_status":"closed","template":"","meta":{"inline_featured_image":false},"product_cat":[204,143],"product_tag":[],"class_list":{"0":"post-16067","1":"product","2":"type-product","3":"status-publish","4":"has-post-thumbnail","6":"product_cat-francais","7":"product_cat-roman","8":"pa_auteurs-sijie-dai","10":"first","11":"instock","12":"shipping-taxable","13":"purchasable","14":"product-type-simple"},"_links":{"self":[{"href":"https:\/\/baralivres.ma\/index.php?rest_route=\/wp\/v2\/product\/16067","targetHints":{"allow":["GET"]}}],"collection":[{"href":"https:\/\/baralivres.ma\/index.php?rest_route=\/wp\/v2\/product"}],"about":[{"href":"https:\/\/baralivres.ma\/index.php?rest_route=\/wp\/v2\/types\/product"}],"replies":[{"embeddable":true,"href":"https:\/\/baralivres.ma\/index.php?rest_route=%2Fwp%2Fv2%2Fcomments&post=16067"}],"version-history":[{"count":1,"href":"https:\/\/baralivres.ma\/index.php?rest_route=\/wp\/v2\/product\/16067\/revisions"}],"predecessor-version":[{"id":16073,"href":"https:\/\/baralivres.ma\/index.php?rest_route=\/wp\/v2\/product\/16067\/revisions\/16073"}],"wp:featuredmedia":[{"embeddable":true,"href":"https:\/\/baralivres.ma\/index.php?rest_route=\/wp\/v2\/media\/16068"}],"wp:attachment":[{"href":"https:\/\/baralivres.ma\/index.php?rest_route=%2Fwp%2Fv2%2Fmedia&parent=16067"}],"wp:term":[{"taxonomy":"product_cat","embeddable":true,"href":"https:\/\/baralivres.ma\/index.php?rest_route=%2Fwp%2Fv2%2Fproduct_cat&post=16067"},{"taxonomy":"product_tag","embeddable":true,"href":"https:\/\/baralivres.ma\/index.php?rest_route=%2Fwp%2Fv2%2Fproduct_tag&post=16067"}],"curies":[{"name":"wp","href":"https:\/\/api.w.org\/{rel}","templated":true}]}}