{"id":16066,"date":"2023-10-30T15:16:30","date_gmt":"2023-10-30T14:16:30","guid":{"rendered":"https:\/\/baralivres.ma\/?post_type=product&#038;p=16066"},"modified":"2024-10-29T18:12:53","modified_gmt":"2024-10-29T17:12:53","slug":"la-spirale-initiatique","status":"publish","type":"product","link":"https:\/\/baralivres.ma\/?product=la-spirale-initiatique","title":{"rendered":"La spirale initiatique"},"content":{"rendered":"<p>Dans ce nouveau p\u00e9riple int\u00e9rieur, Maud S\u00e9journant, profond\u00e9ment influenc\u00e9e par les id\u00e9es de Jung et Erickson, et inspir\u00e9e par diverses traditions spirituelles telles que le bouddhisme, le christianisme, et la voie tolt\u00e8que, partage avec nous son exp\u00e9rience en tant que th\u00e9rapeute. Le livre est structur\u00e9 en suivant la \u00ab\u00a0roue de m\u00e9decine\u00a0\u00bb des chamans am\u00e9rindiens, avec chacune de ses quatre directions offrant un enseignement qui puise \u00e0 la fois dans la sagesse ancienne et les connaissances contemporaines. Ces enseignements sont enrichis par des r\u00e9cits de vies, des r\u00eaves, des portraits, et des exercices pratiques, offrant ainsi une fa\u00e7on de redonner de la magie au monde.<\/p>\n","protected":false},"excerpt":{"rendered":"<p>Maud S\u00e9journant partage sa perspective th\u00e9rapeutique en harmonisant traditions spirituelles et enseignements chamans pour r\u00e9enchanter l&rsquo;existence.<\/p>\n","protected":false},"featured_media":16070,"comment_status":"open","ping_status":"closed","template":"","meta":{"inline_featured_image":false},"product_cat":[3673],"product_tag":[],"class_list":{"0":"post-16066","1":"product","2":"type-product","3":"status-publish","4":"has-post-thumbnail","6":"product_cat-aventire-secrete","7":"pa_auteurs-maud-sejournant","9":"first","10":"instock","11":"shipping-taxable","12":"purchasable","13":"product-type-simple"},"_links":{"self":[{"href":"https:\/\/baralivres.ma\/index.php?rest_route=\/wp\/v2\/product\/16066","targetHints":{"allow":["GET"]}}],"collection":[{"href":"https:\/\/baralivres.ma\/index.php?rest_route=\/wp\/v2\/product"}],"about":[{"href":"https:\/\/baralivres.ma\/index.php?rest_route=\/wp\/v2\/types\/product"}],"replies":[{"embeddable":true,"href":"https:\/\/baralivres.ma\/index.php?rest_route=%2Fwp%2Fv2%2Fcomments&post=16066"}],"version-history":[{"count":1,"href":"https:\/\/baralivres.ma\/index.php?rest_route=\/wp\/v2\/product\/16066\/revisions"}],"predecessor-version":[{"id":16071,"href":"https:\/\/baralivres.ma\/index.php?rest_route=\/wp\/v2\/product\/16066\/revisions\/16071"}],"wp:featuredmedia":[{"embeddable":true,"href":"https:\/\/baralivres.ma\/index.php?rest_route=\/wp\/v2\/media\/16070"}],"wp:attachment":[{"href":"https:\/\/baralivres.ma\/index.php?rest_route=%2Fwp%2Fv2%2Fmedia&parent=16066"}],"wp:term":[{"taxonomy":"product_cat","embeddable":true,"href":"https:\/\/baralivres.ma\/index.php?rest_route=%2Fwp%2Fv2%2Fproduct_cat&post=16066"},{"taxonomy":"product_tag","embeddable":true,"href":"https:\/\/baralivres.ma\/index.php?rest_route=%2Fwp%2Fv2%2Fproduct_tag&post=16066"}],"curies":[{"name":"wp","href":"https:\/\/api.w.org\/{rel}","templated":true}]}}