{"id":16061,"date":"2023-10-30T15:13:37","date_gmt":"2023-10-30T14:13:37","guid":{"rendered":"https:\/\/baralivres.ma\/?post_type=product&#038;p=16061"},"modified":"2024-10-29T18:13:11","modified_gmt":"2024-10-29T17:13:11","slug":"au-dela-du-chemin-le-moins-frequente","status":"publish","type":"product","link":"https:\/\/baralivres.ma\/?product=au-dela-du-chemin-le-moins-frequente","title":{"rendered":"Au-del\u00e0 du chemin le moins fr\u00e9quent\u00e9"},"content":{"rendered":"<p>Vingt ans apr\u00e8s la publication de son c\u00e9l\u00e8bre ouvrage \u00ab\u00a0Le chemin le moins fr\u00e9quent\u00e9,\u00a0\u00bb le renomm\u00e9 psychiatre Scott Peck nous offre de nouvelles perspectives pour mieux vivre. Son dernier livre, \u00ab\u00a0Au-del\u00e0 du chemin le moins fr\u00e9quent\u00e9,\u00a0\u00bb refl\u00e8te ses \u00e9volutions personnelles ainsi que ses d\u00e9couvertes tant sur le plan psychologique que spirituel, marquant ainsi une \u00e9tape de maturit\u00e9 dans son parcours. Dans cet ouvrage, Scott Peck nous encourage \u00e0 revoir notre mode de fonctionnement int\u00e9rieur, en nous aidant \u00e0 identifier nos blocages, nos croyances limitantes et nos jugements. Il pr\u00e9sente une approche ax\u00e9e sur la ma\u00eetrise de soi et la clart\u00e9 d&rsquo;esprit, abordant des th\u00e8mes captivants tels que le narcissisme, les dettes affectives, la soumission, la discipline, le pouvoir du choix, les contradictions int\u00e9rieures, la gr\u00e2ce, et bien d&rsquo;autres encore. Ce livre propose une exploration subtile et intelligente, offrant des pistes pour initier des changements positifs et profonds dans notre vie.<\/p>\n","protected":false},"excerpt":{"rendered":"<p>Scott Peck, apr\u00e8s 20 ans, offre des cl\u00e9s de maturit\u00e9, exploration int\u00e9rieure pour des changements positifs.<\/p>\n","protected":false},"featured_media":16063,"comment_status":"open","ping_status":"closed","template":"","meta":{"inline_featured_image":false},"product_cat":[3673],"product_tag":[],"class_list":{"0":"post-16061","1":"product","2":"type-product","3":"status-publish","4":"has-post-thumbnail","6":"product_cat-aventire-secrete","7":"pa_auteurs-scott-peck","9":"first","10":"instock","11":"shipping-taxable","12":"purchasable","13":"product-type-simple"},"_links":{"self":[{"href":"https:\/\/baralivres.ma\/index.php?rest_route=\/wp\/v2\/product\/16061","targetHints":{"allow":["GET"]}}],"collection":[{"href":"https:\/\/baralivres.ma\/index.php?rest_route=\/wp\/v2\/product"}],"about":[{"href":"https:\/\/baralivres.ma\/index.php?rest_route=\/wp\/v2\/types\/product"}],"replies":[{"embeddable":true,"href":"https:\/\/baralivres.ma\/index.php?rest_route=%2Fwp%2Fv2%2Fcomments&post=16061"}],"version-history":[{"count":1,"href":"https:\/\/baralivres.ma\/index.php?rest_route=\/wp\/v2\/product\/16061\/revisions"}],"predecessor-version":[{"id":16064,"href":"https:\/\/baralivres.ma\/index.php?rest_route=\/wp\/v2\/product\/16061\/revisions\/16064"}],"wp:featuredmedia":[{"embeddable":true,"href":"https:\/\/baralivres.ma\/index.php?rest_route=\/wp\/v2\/media\/16063"}],"wp:attachment":[{"href":"https:\/\/baralivres.ma\/index.php?rest_route=%2Fwp%2Fv2%2Fmedia&parent=16061"}],"wp:term":[{"taxonomy":"product_cat","embeddable":true,"href":"https:\/\/baralivres.ma\/index.php?rest_route=%2Fwp%2Fv2%2Fproduct_cat&post=16061"},{"taxonomy":"product_tag","embeddable":true,"href":"https:\/\/baralivres.ma\/index.php?rest_route=%2Fwp%2Fv2%2Fproduct_tag&post=16061"}],"curies":[{"name":"wp","href":"https:\/\/api.w.org\/{rel}","templated":true}]}}