{"id":16055,"date":"2023-12-04T12:14:55","date_gmt":"2023-12-04T11:14:55","guid":{"rendered":"https:\/\/baralivres.ma\/?post_type=product&#038;p=16055"},"modified":"2024-11-28T17:38:56","modified_gmt":"2024-11-28T16:38:56","slug":"femmes","status":"publish","type":"product","link":"https:\/\/baralivres.ma\/?product=femmes","title":{"rendered":"Femmes"},"content":{"rendered":"<p>Ce vaste roman met en lumi\u00e8re un groupe de femmes diverses : Kate, une journaliste politique fran\u00e7aise ; Cyd, une Anglaise r\u00e9sidant \u00e0 New York ; Flora, une anarchiste espagnole ; Bernadette, une dirigeante f\u00e9ministe ; Ysia, une Chinoise attach\u00e9e d&rsquo;ambassade ; Louise, une virtuose du clavecin ; Deborah, l&rsquo;\u00e9pouse du narrateur. Ces personnages f\u00e9minins servent de toile de fond \u00e0 l&rsquo;histoire racont\u00e9e par le narrateur, un journaliste am\u00e9ricain, qui explore leur vie tout en examinant les bouleversements du monde au cours des dix derni\u00e8res ann\u00e9es. Les th\u00e8mes abord\u00e9s incluent le pouvoir des femmes, l&rsquo;\u00e9rotisme, les crises, le terrorisme, ainsi que les id\u00e9es et les passions des intellectuels. C&rsquo;est un roman d&rsquo;une grande actualit\u00e9 qui nous plonge au c\u0153ur de ces enjeux contemporains.<\/p>\n","protected":false},"excerpt":{"rendered":"<p>Roman met femmes vari\u00e9es, journaliste am\u00e9ricain, monde \u00e9voluant, th\u00e8mes actuels, pouvoir f\u00e9minin, passions intellectuelles.<\/p>\n","protected":false},"featured_media":16062,"comment_status":"open","ping_status":"closed","template":"","meta":{"inline_featured_image":false},"product_cat":[3873,143],"product_tag":[],"class_list":{"0":"post-16055","1":"product","2":"type-product","3":"status-publish","4":"has-post-thumbnail","6":"product_cat-roman-en-francais","7":"product_cat-roman","8":"pa_auteurs-philippe-sollers","10":"first","11":"instock","12":"shipping-taxable","13":"purchasable","14":"product-type-simple"},"_links":{"self":[{"href":"https:\/\/baralivres.ma\/index.php?rest_route=\/wp\/v2\/product\/16055","targetHints":{"allow":["GET"]}}],"collection":[{"href":"https:\/\/baralivres.ma\/index.php?rest_route=\/wp\/v2\/product"}],"about":[{"href":"https:\/\/baralivres.ma\/index.php?rest_route=\/wp\/v2\/types\/product"}],"replies":[{"embeddable":true,"href":"https:\/\/baralivres.ma\/index.php?rest_route=%2Fwp%2Fv2%2Fcomments&post=16055"}],"version-history":[{"count":1,"href":"https:\/\/baralivres.ma\/index.php?rest_route=\/wp\/v2\/product\/16055\/revisions"}],"predecessor-version":[{"id":16065,"href":"https:\/\/baralivres.ma\/index.php?rest_route=\/wp\/v2\/product\/16055\/revisions\/16065"}],"wp:featuredmedia":[{"embeddable":true,"href":"https:\/\/baralivres.ma\/index.php?rest_route=\/wp\/v2\/media\/16062"}],"wp:attachment":[{"href":"https:\/\/baralivres.ma\/index.php?rest_route=%2Fwp%2Fv2%2Fmedia&parent=16055"}],"wp:term":[{"taxonomy":"product_cat","embeddable":true,"href":"https:\/\/baralivres.ma\/index.php?rest_route=%2Fwp%2Fv2%2Fproduct_cat&post=16055"},{"taxonomy":"product_tag","embeddable":true,"href":"https:\/\/baralivres.ma\/index.php?rest_route=%2Fwp%2Fv2%2Fproduct_tag&post=16055"}],"curies":[{"name":"wp","href":"https:\/\/api.w.org\/{rel}","templated":true}]}}