{"id":16053,"date":"2023-10-30T15:09:11","date_gmt":"2023-10-30T14:09:11","guid":{"rendered":"https:\/\/baralivres.ma\/?post_type=product&#038;p=16053"},"modified":"2024-10-29T18:13:23","modified_gmt":"2024-10-29T17:13:23","slug":"il-faut-le-croire-pour-le-voir","status":"publish","type":"product","link":"https:\/\/baralivres.ma\/?product=il-faut-le-croire-pour-le-voir","title":{"rendered":"Il faut le croire pour le voir"},"content":{"rendered":"<p>Le Dr. Wayne W. Dyer illustre \u00e0 travers de multiples exemples comment les individus \u00ab\u00a0\u00e9veill\u00e9s\u00a0\u00bb peuvent constamment exp\u00e9rimenter des synchronicit\u00e9s et des \u00e9v\u00e9nements consid\u00e9r\u00e9s comme miraculeux. Il d\u00e9montre que la transformation de nos pens\u00e9es et l&rsquo;\u00e9l\u00e9vation de notre niveau de conscience ouvrent la voie \u00e0 la r\u00e9alisation de nos aspirations les plus \u00e9lev\u00e9es. Les enseignements spirituels qu&rsquo;il partage rev\u00eatent une valeur incommensurable, car ils nous permettent d&rsquo;acc\u00e9der aux pouvoirs de l&rsquo;esprit, transcendant les limites de la r\u00e9alit\u00e9 mat\u00e9rielle. Son livre, \u00ab\u00a0Il faut le croire pour le voir\u00a0\u00bb, vous guide dans l&rsquo;application des lois spirituelles universelles, vous conduisant vers un \u00e9veil personnel, une vie emplie de bonheur, de vitalit\u00e9, et la capacit\u00e9 de co-cr\u00e9er une r\u00e9alit\u00e9 remarquablement prolifique.<\/p>\n","protected":false},"excerpt":{"rendered":"<p>Le Dr. Wayne Dyer explore les miracles et synchronicit\u00e9s, montrant comment la pens\u00e9e et conscience cr\u00e9ent r\u00e9alit\u00e9.<\/p>\n","protected":false},"featured_media":16059,"comment_status":"open","ping_status":"closed","template":"","meta":{"inline_featured_image":false},"product_cat":[3673],"product_tag":[],"class_list":{"0":"post-16053","1":"product","2":"type-product","3":"status-publish","4":"has-post-thumbnail","6":"product_cat-aventire-secrete","7":"pa_auteurs-dr_wayane_w_dyer","9":"first","10":"instock","11":"shipping-taxable","12":"purchasable","13":"product-type-simple"},"_links":{"self":[{"href":"https:\/\/baralivres.ma\/index.php?rest_route=\/wp\/v2\/product\/16053","targetHints":{"allow":["GET"]}}],"collection":[{"href":"https:\/\/baralivres.ma\/index.php?rest_route=\/wp\/v2\/product"}],"about":[{"href":"https:\/\/baralivres.ma\/index.php?rest_route=\/wp\/v2\/types\/product"}],"replies":[{"embeddable":true,"href":"https:\/\/baralivres.ma\/index.php?rest_route=%2Fwp%2Fv2%2Fcomments&post=16053"}],"version-history":[{"count":1,"href":"https:\/\/baralivres.ma\/index.php?rest_route=\/wp\/v2\/product\/16053\/revisions"}],"predecessor-version":[{"id":16060,"href":"https:\/\/baralivres.ma\/index.php?rest_route=\/wp\/v2\/product\/16053\/revisions\/16060"}],"wp:featuredmedia":[{"embeddable":true,"href":"https:\/\/baralivres.ma\/index.php?rest_route=\/wp\/v2\/media\/16059"}],"wp:attachment":[{"href":"https:\/\/baralivres.ma\/index.php?rest_route=%2Fwp%2Fv2%2Fmedia&parent=16053"}],"wp:term":[{"taxonomy":"product_cat","embeddable":true,"href":"https:\/\/baralivres.ma\/index.php?rest_route=%2Fwp%2Fv2%2Fproduct_cat&post=16053"},{"taxonomy":"product_tag","embeddable":true,"href":"https:\/\/baralivres.ma\/index.php?rest_route=%2Fwp%2Fv2%2Fproduct_tag&post=16053"}],"curies":[{"name":"wp","href":"https:\/\/api.w.org\/{rel}","templated":true}]}}