{"id":16041,"date":"2023-10-30T15:05:56","date_gmt":"2023-10-30T14:05:56","guid":{"rendered":"https:\/\/baralivres.ma\/?post_type=product&#038;p=16041"},"modified":"2024-10-29T18:13:40","modified_gmt":"2024-10-29T17:13:40","slug":"arretez-de-vous-trouver-des-excuses","status":"publish","type":"product","link":"https:\/\/baralivres.ma\/?product=arretez-de-vous-trouver-des-excuses","title":{"rendered":"Arr\u00eatez de vous trouver des excuses !"},"content":{"rendered":"<p>Il est possible de se lib\u00e9rer de cette petite voix int\u00e9rieure qui r\u00e9p\u00e8te sans cesse : \u00ab\u00a0Je n&rsquo;y arriverai pas.\u00a0\u00bb Chacun d&rsquo;entre nous poss\u00e8de le pouvoir d&rsquo;atteindre la ma\u00eetrise de soi, de poursuivre ses d\u00e9sirs et d&rsquo;agir conform\u00e9ment \u00e0 ses souhaits. Cependant, nous sommes souvent assaillis par des doutes et des peurs qui entravent la r\u00e9alisation de nos r\u00eaves et nous emp\u00eachent d&rsquo;atteindre nos objectifs. Le Dr. Wayne W. Dyer nous guide pour nous aider \u00e0 retrouver confiance en nous. Au cours de ce parcours, nous acquerrons une compr\u00e9hension de la mani\u00e8re dont nos pens\u00e9es, nos \u00e9motions et nos comportements influencent nos actions, et apprendrons comment les transformer pour trouver l&rsquo;inspiration, l&rsquo;encouragement et le soutien n\u00e9cessaires pour renforcer notre estime de soi.<\/p>\n","protected":false},"excerpt":{"rendered":"<p>Lib\u00e9rez-vous de vos doutes, croyez en vous, ma\u00eetrisez vos pens\u00e9es, \u00e9motions, et comportements pour atteindre l&rsquo;estime de soi.<\/p>\n","protected":false},"featured_media":16047,"comment_status":"open","ping_status":"closed","template":"","meta":{"inline_featured_image":false},"product_cat":[3673],"product_tag":[],"class_list":{"0":"post-16041","1":"product","2":"type-product","3":"status-publish","4":"has-post-thumbnail","6":"product_cat-aventire-secrete","7":"pa_auteurs-dr_wayane_w_dyer","9":"first","10":"instock","11":"shipping-taxable","12":"purchasable","13":"product-type-simple"},"_links":{"self":[{"href":"https:\/\/baralivres.ma\/index.php?rest_route=\/wp\/v2\/product\/16041","targetHints":{"allow":["GET"]}}],"collection":[{"href":"https:\/\/baralivres.ma\/index.php?rest_route=\/wp\/v2\/product"}],"about":[{"href":"https:\/\/baralivres.ma\/index.php?rest_route=\/wp\/v2\/types\/product"}],"replies":[{"embeddable":true,"href":"https:\/\/baralivres.ma\/index.php?rest_route=%2Fwp%2Fv2%2Fcomments&post=16041"}],"version-history":[{"count":1,"href":"https:\/\/baralivres.ma\/index.php?rest_route=\/wp\/v2\/product\/16041\/revisions"}],"predecessor-version":[{"id":16048,"href":"https:\/\/baralivres.ma\/index.php?rest_route=\/wp\/v2\/product\/16041\/revisions\/16048"}],"wp:featuredmedia":[{"embeddable":true,"href":"https:\/\/baralivres.ma\/index.php?rest_route=\/wp\/v2\/media\/16047"}],"wp:attachment":[{"href":"https:\/\/baralivres.ma\/index.php?rest_route=%2Fwp%2Fv2%2Fmedia&parent=16041"}],"wp:term":[{"taxonomy":"product_cat","embeddable":true,"href":"https:\/\/baralivres.ma\/index.php?rest_route=%2Fwp%2Fv2%2Fproduct_cat&post=16041"},{"taxonomy":"product_tag","embeddable":true,"href":"https:\/\/baralivres.ma\/index.php?rest_route=%2Fwp%2Fv2%2Fproduct_tag&post=16041"}],"curies":[{"name":"wp","href":"https:\/\/api.w.org\/{rel}","templated":true}]}}