{"id":16026,"date":"2023-10-30T14:58:39","date_gmt":"2023-10-30T13:58:39","guid":{"rendered":"https:\/\/baralivres.ma\/?post_type=product&#038;p=16026"},"modified":"2023-10-30T14:58:40","modified_gmt":"2023-10-30T13:58:40","slug":"le-sanctuaire","status":"publish","type":"product","link":"https:\/\/baralivres.ma\/?product=le-sanctuaire","title":{"rendered":"Le Sanctuaire"},"content":{"rendered":"<p>Chaque aube, je me l\u00e8ve au lever du jour, alors que les brumes de la vall\u00e9e caressent la base de la montagne. Chaque soir, maman pr\u00e9pare la soupe, laissant un peu au fond de la casserole ; je remplis ma gourde, me couvre le visage de cendres et prends mon arc. Avant de partir, un baiser sur son front. Des effluves d&rsquo;amande et de reine-des-pr\u00e9s \u00e9manent de ses cheveux.<\/p>\n<p>Gemma et sa famille ont \u00e9lu domicile dans un chalet isol\u00e9 en montagne. Ils vivent depuis longtemps \u00e0 l&rsquo;abri d&rsquo;un virus qui a d\u00e9cim\u00e9 la majeure partie de l&rsquo;humanit\u00e9. Gemma, n\u00e9e et \u00e9lev\u00e9e dans ce \u00ab\u00a0Sanctuaire\u00a0\u00bb, suit les r\u00e8gles strictes \u00e9tablies par son p\u00e8re. Elle conna\u00eet chaque recoin de son territoire, devenant une excellente chasseuse. Cependant, ces limites impos\u00e9es semblent de plus en plus \u00e9troites pour cette adolescente&#8230;<\/p>\n","protected":false},"excerpt":{"rendered":"<p>Fille chasseuse isol\u00e9e dans un refuge montagnard post-apocalyptique d\u00e9couvre des fronti\u00e8res \u00e9triqu\u00e9es.<\/p>\n","protected":false},"featured_media":16036,"comment_status":"open","ping_status":"closed","template":"","meta":{"inline_featured_image":false},"product_cat":[204,143],"product_tag":[],"class_list":{"0":"post-16026","1":"product","2":"type-product","3":"status-publish","4":"has-post-thumbnail","6":"product_cat-francais","7":"product_cat-roman","8":"pa_auteurs-laurine-roux","10":"first","11":"instock","12":"shipping-taxable","13":"purchasable","14":"product-type-simple"},"_links":{"self":[{"href":"https:\/\/baralivres.ma\/index.php?rest_route=\/wp\/v2\/product\/16026","targetHints":{"allow":["GET"]}}],"collection":[{"href":"https:\/\/baralivres.ma\/index.php?rest_route=\/wp\/v2\/product"}],"about":[{"href":"https:\/\/baralivres.ma\/index.php?rest_route=\/wp\/v2\/types\/product"}],"replies":[{"embeddable":true,"href":"https:\/\/baralivres.ma\/index.php?rest_route=%2Fwp%2Fv2%2Fcomments&post=16026"}],"version-history":[{"count":1,"href":"https:\/\/baralivres.ma\/index.php?rest_route=\/wp\/v2\/product\/16026\/revisions"}],"predecessor-version":[{"id":16037,"href":"https:\/\/baralivres.ma\/index.php?rest_route=\/wp\/v2\/product\/16026\/revisions\/16037"}],"wp:featuredmedia":[{"embeddable":true,"href":"https:\/\/baralivres.ma\/index.php?rest_route=\/wp\/v2\/media\/16036"}],"wp:attachment":[{"href":"https:\/\/baralivres.ma\/index.php?rest_route=%2Fwp%2Fv2%2Fmedia&parent=16026"}],"wp:term":[{"taxonomy":"product_cat","embeddable":true,"href":"https:\/\/baralivres.ma\/index.php?rest_route=%2Fwp%2Fv2%2Fproduct_cat&post=16026"},{"taxonomy":"product_tag","embeddable":true,"href":"https:\/\/baralivres.ma\/index.php?rest_route=%2Fwp%2Fv2%2Fproduct_tag&post=16026"}],"curies":[{"name":"wp","href":"https:\/\/api.w.org\/{rel}","templated":true}]}}