{"id":16024,"date":"2023-10-30T14:58:00","date_gmt":"2023-10-30T13:58:00","guid":{"rendered":"https:\/\/baralivres.ma\/?post_type=product&#038;p=16024"},"modified":"2023-10-30T14:58:00","modified_gmt":"2023-10-30T13:58:00","slug":"autant-en-emporte-le-vent-2","status":"publish","type":"product","link":"https:\/\/baralivres.ma\/?product=autant-en-emporte-le-vent-2","title":{"rendered":"Autant en emporte le vent"},"content":{"rendered":"<p>Malgr\u00e9 les circonstances, mes sentiments restent in\u00e9branlables, envers vous, envers moi-m\u00eame, et face \u00e0 ce monde chaotique qui s&rsquo;effondre. Scarlett, une jeune femme belle et courageuse, est issue d&rsquo;une famille fortun\u00e9e de planteurs d&rsquo;Atlanta, en G\u00e9orgie. \u00c0 l&rsquo;\u00e2ge de seize ans, elle regarde l&rsquo;avenir avec une grande ambition et une profonde confiance en elle. Cependant, en cette ann\u00e9e 1861, une guerre imminente se profile \u00e0 l&rsquo;horizon, une guerre d\u00e9vastatrice qui d\u00e9chirera bient\u00f4t le pays en opposant les Sudistes aux Yankees&#8230; Cette saga historique incomparable relate les trag\u00e9dies de la guerre de S\u00e9cession, tout en \u00e9tant impr\u00e9gn\u00e9e d&rsquo;une histoire d&rsquo;amour intemporelle, mettant en sc\u00e8ne les personnages l\u00e9gendaires que sont Scarlett O&rsquo;Hara et Rhett Butler.<\/p>\n","protected":false},"excerpt":{"rendered":"<p>Scarlett, a wealthy Southern belle, faces love and war during the Civil War in this epic novel.<\/p>\n","protected":false},"featured_media":16028,"comment_status":"open","ping_status":"closed","template":"","meta":{"inline_featured_image":false},"product_cat":[204,143],"product_tag":[],"class_list":{"0":"post-16024","1":"product","2":"type-product","3":"status-publish","4":"has-post-thumbnail","6":"product_cat-francais","7":"product_cat-roman","8":"pa_auteurs-margaret-mitchell","10":"first","11":"instock","12":"shipping-taxable","13":"purchasable","14":"product-type-simple"},"_links":{"self":[{"href":"https:\/\/baralivres.ma\/index.php?rest_route=\/wp\/v2\/product\/16024","targetHints":{"allow":["GET"]}}],"collection":[{"href":"https:\/\/baralivres.ma\/index.php?rest_route=\/wp\/v2\/product"}],"about":[{"href":"https:\/\/baralivres.ma\/index.php?rest_route=\/wp\/v2\/types\/product"}],"replies":[{"embeddable":true,"href":"https:\/\/baralivres.ma\/index.php?rest_route=%2Fwp%2Fv2%2Fcomments&post=16024"}],"version-history":[{"count":2,"href":"https:\/\/baralivres.ma\/index.php?rest_route=\/wp\/v2\/product\/16024\/revisions"}],"predecessor-version":[{"id":16034,"href":"https:\/\/baralivres.ma\/index.php?rest_route=\/wp\/v2\/product\/16024\/revisions\/16034"}],"wp:featuredmedia":[{"embeddable":true,"href":"https:\/\/baralivres.ma\/index.php?rest_route=\/wp\/v2\/media\/16028"}],"wp:attachment":[{"href":"https:\/\/baralivres.ma\/index.php?rest_route=%2Fwp%2Fv2%2Fmedia&parent=16024"}],"wp:term":[{"taxonomy":"product_cat","embeddable":true,"href":"https:\/\/baralivres.ma\/index.php?rest_route=%2Fwp%2Fv2%2Fproduct_cat&post=16024"},{"taxonomy":"product_tag","embeddable":true,"href":"https:\/\/baralivres.ma\/index.php?rest_route=%2Fwp%2Fv2%2Fproduct_tag&post=16024"}],"curies":[{"name":"wp","href":"https:\/\/api.w.org\/{rel}","templated":true}]}}