{"id":16023,"date":"2023-10-30T14:56:51","date_gmt":"2023-10-30T13:56:51","guid":{"rendered":"https:\/\/baralivres.ma\/?post_type=product&#038;p=16023"},"modified":"2024-10-29T18:14:29","modified_gmt":"2024-10-29T17:14:29","slug":"le-pouvoir-de-lintention","status":"publish","type":"product","link":"https:\/\/baralivres.ma\/?product=le-pouvoir-de-lintention","title":{"rendered":"Le pouvoir de l&rsquo;intention"},"content":{"rendered":"<p>Selon Wayne W. Dyer, l&rsquo;un des \u00e9minents sages de notre \u00e9poque, il existe une force d&rsquo;\u00e9nergie pure et infinie appel\u00e9e \u00ab\u00a0l&rsquo;intention\u00a0\u00bb. Lorsque nous sommes en harmonie avec cette intention, elle cr\u00e9e un \u00e9quilibre en nous et dans notre environnement. Cette connexion nous inspire et apporte le bonheur, favorisant la r\u00e9alisation de nos projets, la pacification de nos relations et l&rsquo;alignement des \u00e9v\u00e9nements en notre faveur. En activant cette source int\u00e9rieure, nous avons le pouvoir de m\u00e9tamorphoser nos vies de mani\u00e8re extraordinaire. \u00ab\u00a0Le pouvoir de l&rsquo;intention\u00a0\u00bb ne ressemble en rien \u00e0 un livre ordinaire, il r\u00e9v\u00e8le des v\u00e9rit\u00e9s susceptibles de provoquer une transformation profonde dans votre existence.<\/p>\n","protected":false},"excerpt":{"rendered":"<p>Selon Wayne W. Dyer, l&rsquo;intention est une puissante \u00e9nergie qui, une fois activ\u00e9e, transforme miraculeusement nos vies.<\/p>\n","protected":false},"featured_media":16029,"comment_status":"open","ping_status":"closed","template":"","meta":{"inline_featured_image":false},"product_cat":[3673],"product_tag":[],"class_list":{"0":"post-16023","1":"product","2":"type-product","3":"status-publish","4":"has-post-thumbnail","6":"product_cat-aventire-secrete","7":"pa_auteurs-dr_wayane_w_dyer","9":"first","10":"instock","11":"shipping-taxable","12":"purchasable","13":"product-type-simple"},"_links":{"self":[{"href":"https:\/\/baralivres.ma\/index.php?rest_route=\/wp\/v2\/product\/16023","targetHints":{"allow":["GET"]}}],"collection":[{"href":"https:\/\/baralivres.ma\/index.php?rest_route=\/wp\/v2\/product"}],"about":[{"href":"https:\/\/baralivres.ma\/index.php?rest_route=\/wp\/v2\/types\/product"}],"replies":[{"embeddable":true,"href":"https:\/\/baralivres.ma\/index.php?rest_route=%2Fwp%2Fv2%2Fcomments&post=16023"}],"version-history":[{"count":1,"href":"https:\/\/baralivres.ma\/index.php?rest_route=\/wp\/v2\/product\/16023\/revisions"}],"predecessor-version":[{"id":16030,"href":"https:\/\/baralivres.ma\/index.php?rest_route=\/wp\/v2\/product\/16023\/revisions\/16030"}],"wp:featuredmedia":[{"embeddable":true,"href":"https:\/\/baralivres.ma\/index.php?rest_route=\/wp\/v2\/media\/16029"}],"wp:attachment":[{"href":"https:\/\/baralivres.ma\/index.php?rest_route=%2Fwp%2Fv2%2Fmedia&parent=16023"}],"wp:term":[{"taxonomy":"product_cat","embeddable":true,"href":"https:\/\/baralivres.ma\/index.php?rest_route=%2Fwp%2Fv2%2Fproduct_cat&post=16023"},{"taxonomy":"product_tag","embeddable":true,"href":"https:\/\/baralivres.ma\/index.php?rest_route=%2Fwp%2Fv2%2Fproduct_tag&post=16023"}],"curies":[{"name":"wp","href":"https:\/\/api.w.org\/{rel}","templated":true}]}}