{"id":16017,"date":"2023-10-30T14:54:16","date_gmt":"2023-10-30T13:54:16","guid":{"rendered":"https:\/\/baralivres.ma\/?post_type=product&#038;p=16017"},"modified":"2023-12-04T12:21:38","modified_gmt":"2023-12-04T11:21:38","slug":"votre-moi-sacre","status":"publish","type":"product","link":"https:\/\/baralivres.ma\/?product=votre-moi-sacre","title":{"rendered":"Votre moi sacr\u00e9"},"content":{"rendered":"<p>Dans son livre, le Dr. Wayne W. Dyer propose un programme qui se concentre sur l&rsquo;esprit plut\u00f4t que sur l&rsquo;ego, et il guide les lecteurs \u00e0 travers une s\u00e9rie d&rsquo;\u00e9tapes pour transformer leur exp\u00e9rience de vie. Il explique comment passer de la conscience \u00e9motionnelle \u00e0 l&rsquo;intuition psychologique et aux solutions spirituelles, afin d&rsquo;atteindre la r\u00e9alisation de soi, acqu\u00e9rir la conscience, le d\u00e9tachement, et enfin trouver la libert\u00e9 en abandonnant les fardeaux. \u00ab\u00a0Votre moi sacr\u00e9\u00a0\u00bb est un guide inspirant et rempli d&rsquo;espoir qui offre des conseils lumineux pour aider chacun \u00e0 mener une vie plus heureuse, plus enrichissante et plus significative.<\/p>\n","protected":false},"excerpt":{"rendered":"<p>Dr. Wayne W. Dyer guide vers une vie \u00e9panouissante en privil\u00e9giant l&rsquo;esprit sur l&rsquo;ego, menant \u00e0 libert\u00e9 et bonheur.<\/p>\n","protected":false},"featured_media":16020,"comment_status":"open","ping_status":"closed","template":"","meta":{"inline_featured_image":false},"product_cat":[3673],"product_tag":[],"class_list":{"0":"post-16017","1":"product","2":"type-product","3":"status-publish","4":"has-post-thumbnail","6":"product_cat-aventire-secrete","7":"pa_auteurs-dr_wayane_w_dyer","9":"first","10":"instock","11":"shipping-taxable","12":"purchasable","13":"product-type-simple"},"_links":{"self":[{"href":"https:\/\/baralivres.ma\/index.php?rest_route=\/wp\/v2\/product\/16017","targetHints":{"allow":["GET"]}}],"collection":[{"href":"https:\/\/baralivres.ma\/index.php?rest_route=\/wp\/v2\/product"}],"about":[{"href":"https:\/\/baralivres.ma\/index.php?rest_route=\/wp\/v2\/types\/product"}],"replies":[{"embeddable":true,"href":"https:\/\/baralivres.ma\/index.php?rest_route=%2Fwp%2Fv2%2Fcomments&post=16017"}],"version-history":[{"count":1,"href":"https:\/\/baralivres.ma\/index.php?rest_route=\/wp\/v2\/product\/16017\/revisions"}],"predecessor-version":[{"id":16022,"href":"https:\/\/baralivres.ma\/index.php?rest_route=\/wp\/v2\/product\/16017\/revisions\/16022"}],"wp:featuredmedia":[{"embeddable":true,"href":"https:\/\/baralivres.ma\/index.php?rest_route=\/wp\/v2\/media\/16020"}],"wp:attachment":[{"href":"https:\/\/baralivres.ma\/index.php?rest_route=%2Fwp%2Fv2%2Fmedia&parent=16017"}],"wp:term":[{"taxonomy":"product_cat","embeddable":true,"href":"https:\/\/baralivres.ma\/index.php?rest_route=%2Fwp%2Fv2%2Fproduct_cat&post=16017"},{"taxonomy":"product_tag","embeddable":true,"href":"https:\/\/baralivres.ma\/index.php?rest_route=%2Fwp%2Fv2%2Fproduct_tag&post=16017"}],"curies":[{"name":"wp","href":"https:\/\/api.w.org\/{rel}","templated":true}]}}