{"id":16013,"date":"2023-10-30T14:54:09","date_gmt":"2023-10-30T13:54:09","guid":{"rendered":"https:\/\/baralivres.ma\/?post_type=product&#038;p=16013"},"modified":"2023-10-30T14:54:09","modified_gmt":"2023-10-30T13:54:09","slug":"la-gitane-aux-yeux-bleus","status":"publish","type":"product","link":"https:\/\/baralivres.ma\/?product=la-gitane-aux-yeux-bleus","title":{"rendered":"La gitane aux yeux bleus"},"content":{"rendered":"<p>Ce dimanche matin, ce n&rsquo;\u00e9tait pas simplement une r\u00e9union ordinaire entre cinq femmes civilis\u00e9es aux bureaux de Librarte \u00e0 Madrid. C&rsquo;\u00e9tait plut\u00f4t un tumulte de cinq sorci\u00e8res d\u00e9cha\u00een\u00e9es, manipulant des sorts sinistres et de la magie noire pour conjurer la mal\u00e9diction qui semblait s&rsquo;abattre sur elles. La terrible nouvelle de l&rsquo;arriv\u00e9e imminente d&rsquo;Atticus Craftsman, le fils d&rsquo;un \u00e9diteur londonien venu fermer leurs bureaux jug\u00e9s peu rentables, avait frapp\u00e9 Sole\u00e1 et ses coll\u00e8gues du magazine litt\u00e9raire Librarte. Heureusement, les cinq employ\u00e9es de cette petite revue avaient \u00e9labor\u00e9 une strat\u00e9gie. Lorsque l&rsquo;inspecteur Manchego fut inform\u00e9 quelques semaines plus tard de la disparition de ce jeune et s\u00e9duisant h\u00e9ritier, il \u00e9tait loin de se douter de l&rsquo;incroyable affaire dans laquelle il allait mettre les pieds.<\/p>\n","protected":false},"excerpt":{"rendered":"<p>Des femmes de Librarte utilisent la magie pour contrer la fermeture des bureaux, entra\u00eenant une disparition myst\u00e9rieuse.<\/p>\n","protected":false},"featured_media":16019,"comment_status":"open","ping_status":"closed","template":"","meta":{"inline_featured_image":false},"product_cat":[204,143],"product_tag":[],"class_list":{"0":"post-16013","1":"product","2":"type-product","3":"status-publish","4":"has-post-thumbnail","6":"product_cat-francais","7":"product_cat-roman","8":"pa_auteurs-mamen-sanchez","10":"first","11":"instock","12":"shipping-taxable","13":"purchasable","14":"product-type-simple"},"_links":{"self":[{"href":"https:\/\/baralivres.ma\/index.php?rest_route=\/wp\/v2\/product\/16013","targetHints":{"allow":["GET"]}}],"collection":[{"href":"https:\/\/baralivres.ma\/index.php?rest_route=\/wp\/v2\/product"}],"about":[{"href":"https:\/\/baralivres.ma\/index.php?rest_route=\/wp\/v2\/types\/product"}],"replies":[{"embeddable":true,"href":"https:\/\/baralivres.ma\/index.php?rest_route=%2Fwp%2Fv2%2Fcomments&post=16013"}],"version-history":[{"count":1,"href":"https:\/\/baralivres.ma\/index.php?rest_route=\/wp\/v2\/product\/16013\/revisions"}],"predecessor-version":[{"id":16021,"href":"https:\/\/baralivres.ma\/index.php?rest_route=\/wp\/v2\/product\/16013\/revisions\/16021"}],"wp:featuredmedia":[{"embeddable":true,"href":"https:\/\/baralivres.ma\/index.php?rest_route=\/wp\/v2\/media\/16019"}],"wp:attachment":[{"href":"https:\/\/baralivres.ma\/index.php?rest_route=%2Fwp%2Fv2%2Fmedia&parent=16013"}],"wp:term":[{"taxonomy":"product_cat","embeddable":true,"href":"https:\/\/baralivres.ma\/index.php?rest_route=%2Fwp%2Fv2%2Fproduct_cat&post=16013"},{"taxonomy":"product_tag","embeddable":true,"href":"https:\/\/baralivres.ma\/index.php?rest_route=%2Fwp%2Fv2%2Fproduct_tag&post=16013"}],"curies":[{"name":"wp","href":"https:\/\/api.w.org\/{rel}","templated":true}]}}