{"id":16012,"date":"2023-10-30T14:56:00","date_gmt":"2023-10-30T13:56:00","guid":{"rendered":"https:\/\/baralivres.ma\/?post_type=product&#038;p=16012"},"modified":"2023-10-31T09:47:51","modified_gmt":"2023-10-31T08:47:51","slug":"devenez-un-grand-leader","status":"publish","type":"product","link":"https:\/\/baralivres.ma\/?product=devenez-un-grand-leader","title":{"rendered":"DEVENEZ UN GRAND LEADER"},"content":{"rendered":"<p>\u00ab\u00a0Un grand leader se distingue par son esprit ouvert, ind\u00e9pendant, sa capacit\u00e9 \u00e0 affronter les d\u00e9fis sans reculer devant la difficult\u00e9 ni les t\u00e2ches ingrates, et sa capacit\u00e9 \u00e0 \u00e9tablir une direction claire avec son \u00e9quipe.<\/p>\n<p>Steven Sample, un homme de culture et d&rsquo;action, pr\u00e9sente un ouvrage qui refl\u00e8te sa propre approche. Son livre regorge d&rsquo;id\u00e9es, de r\u00e9f\u00e9rences, et il se concentre sur le r\u00f4le quotidien et concret des leaders. Il offre aux dirigeants non seulement de nouvelles perspectives, mais aussi des conseils pratiques pour les aider \u00e0 d\u00e9velopper les qualit\u00e9s qui feront d&rsquo;eux de grands leaders. En combinant une approche intellectuelle et une orientation pragmatique, cet ouvrage vise \u00e0 inspirer et \u00e0 guider les leaders vers l&rsquo;excellence dans leur leadership.\u00a0\u00bb<\/p>\n","protected":false},"excerpt":{"rendered":"<p>\u00ab\u00a0Un grand leader allie ouverture d&rsquo;esprit, r\u00e9solution face \u00e0 l&rsquo;adversit\u00e9 et ligne de conduite avec ses collaborateurs. Steven Sample offre un livre riche en id\u00e9es, r\u00e9f\u00e9rences et conseils pratiques pour les dirigeants en qu\u00eate d&rsquo;excellence.\u00a0\u00bb<\/p>\n","protected":false},"featured_media":16025,"comment_status":"open","ping_status":"closed","template":"","meta":{"inline_featured_image":false},"product_cat":[204,91],"product_tag":[],"class_list":{"0":"post-16012","1":"product","2":"type-product","3":"status-publish","4":"has-post-thumbnail","6":"product_cat-francais","7":"product_cat-developpement","8":"pa_auteurs-steven-sample","10":"first","11":"instock","12":"shipping-taxable","13":"purchasable","14":"product-type-simple"},"_links":{"self":[{"href":"https:\/\/baralivres.ma\/index.php?rest_route=\/wp\/v2\/product\/16012","targetHints":{"allow":["GET"]}}],"collection":[{"href":"https:\/\/baralivres.ma\/index.php?rest_route=\/wp\/v2\/product"}],"about":[{"href":"https:\/\/baralivres.ma\/index.php?rest_route=\/wp\/v2\/types\/product"}],"replies":[{"embeddable":true,"href":"https:\/\/baralivres.ma\/index.php?rest_route=%2Fwp%2Fv2%2Fcomments&post=16012"}],"version-history":[{"count":1,"href":"https:\/\/baralivres.ma\/index.php?rest_route=\/wp\/v2\/product\/16012\/revisions"}],"predecessor-version":[{"id":16027,"href":"https:\/\/baralivres.ma\/index.php?rest_route=\/wp\/v2\/product\/16012\/revisions\/16027"}],"wp:featuredmedia":[{"embeddable":true,"href":"https:\/\/baralivres.ma\/index.php?rest_route=\/wp\/v2\/media\/16025"}],"wp:attachment":[{"href":"https:\/\/baralivres.ma\/index.php?rest_route=%2Fwp%2Fv2%2Fmedia&parent=16012"}],"wp:term":[{"taxonomy":"product_cat","embeddable":true,"href":"https:\/\/baralivres.ma\/index.php?rest_route=%2Fwp%2Fv2%2Fproduct_cat&post=16012"},{"taxonomy":"product_tag","embeddable":true,"href":"https:\/\/baralivres.ma\/index.php?rest_route=%2Fwp%2Fv2%2Fproduct_tag&post=16012"}],"curies":[{"name":"wp","href":"https:\/\/api.w.org\/{rel}","templated":true}]}}