{"id":16007,"date":"2023-10-30T14:51:29","date_gmt":"2023-10-30T13:51:29","guid":{"rendered":"https:\/\/baralivres.ma\/?post_type=product&#038;p=16007"},"modified":"2024-10-29T18:14:55","modified_gmt":"2024-10-29T17:14:55","slug":"changez-vos-pensees-changez-votre-vie","status":"publish","type":"product","link":"https:\/\/baralivres.ma\/?product=changez-vos-pensees-changez-votre-vie","title":{"rendered":"Changez vos pens\u00e9es, changez votre vie"},"content":{"rendered":"<p>Il y a environ cinq si\u00e8cles avant l&rsquo;\u00e8re de J\u00e9sus-Christ, Lao-Tseu, originaire de la Chine antique, a r\u00e9dig\u00e9 le Tao Te King, un ouvrage de sagesse singulier et intemporel d\u00e9crivant la voie vers une existence \u00e9quilibr\u00e9e et spirituelle. Apr\u00e8s une ann\u00e9e enti\u00e8re consacr\u00e9e \u00e0 la lecture de nombreuses traductions du Tao Te King, \u00e0 l&rsquo;interpr\u00e9tation de ses enseignements, et \u00e0 la m\u00e9ditation sur les messages de Lao-Tseu, le Dr. Wayne W. Dyer a d\u00e9cid\u00e9 de les mettre en pratique au quotidien. Ce qu&rsquo;il a retir\u00e9 de cette exp\u00e9rience a surpass\u00e9 ses attentes, lui procurant un profond sentiment d&rsquo;harmonie et de paix absolue. \u00ab\u00a0Changez vos pens\u00e9es, changez votre vie\u00a0\u00bb est un livre que l&rsquo;on peut d\u00e9guster, un chapitre par jour, pour vivre une existence joyeuse et simple.<\/p>\n","protected":false},"excerpt":{"rendered":"<p>Lao-Tseu a \u00e9crit le Tao Te King. Wayne Dyer l&rsquo;a \u00e9tudi\u00e9, transformant sa vie pour plus d&rsquo;harmonie.<\/p>\n","protected":false},"featured_media":16015,"comment_status":"open","ping_status":"closed","template":"","meta":{"inline_featured_image":false},"product_cat":[3673],"product_tag":[],"class_list":{"0":"post-16007","1":"product","2":"type-product","3":"status-publish","4":"has-post-thumbnail","6":"product_cat-aventire-secrete","7":"pa_auteurs-wayne-w-dyer","9":"first","10":"instock","11":"shipping-taxable","12":"purchasable","13":"product-type-simple"},"_links":{"self":[{"href":"https:\/\/baralivres.ma\/index.php?rest_route=\/wp\/v2\/product\/16007","targetHints":{"allow":["GET"]}}],"collection":[{"href":"https:\/\/baralivres.ma\/index.php?rest_route=\/wp\/v2\/product"}],"about":[{"href":"https:\/\/baralivres.ma\/index.php?rest_route=\/wp\/v2\/types\/product"}],"replies":[{"embeddable":true,"href":"https:\/\/baralivres.ma\/index.php?rest_route=%2Fwp%2Fv2%2Fcomments&post=16007"}],"version-history":[{"count":1,"href":"https:\/\/baralivres.ma\/index.php?rest_route=\/wp\/v2\/product\/16007\/revisions"}],"predecessor-version":[{"id":16016,"href":"https:\/\/baralivres.ma\/index.php?rest_route=\/wp\/v2\/product\/16007\/revisions\/16016"}],"wp:featuredmedia":[{"embeddable":true,"href":"https:\/\/baralivres.ma\/index.php?rest_route=\/wp\/v2\/media\/16015"}],"wp:attachment":[{"href":"https:\/\/baralivres.ma\/index.php?rest_route=%2Fwp%2Fv2%2Fmedia&parent=16007"}],"wp:term":[{"taxonomy":"product_cat","embeddable":true,"href":"https:\/\/baralivres.ma\/index.php?rest_route=%2Fwp%2Fv2%2Fproduct_cat&post=16007"},{"taxonomy":"product_tag","embeddable":true,"href":"https:\/\/baralivres.ma\/index.php?rest_route=%2Fwp%2Fv2%2Fproduct_tag&post=16007"}],"curies":[{"name":"wp","href":"https:\/\/api.w.org\/{rel}","templated":true}]}}