{"id":16004,"date":"2023-10-30T14:50:11","date_gmt":"2023-10-30T13:50:11","guid":{"rendered":"https:\/\/baralivres.ma\/?post_type=product&#038;p=16004"},"modified":"2023-10-31T09:48:31","modified_gmt":"2023-10-31T08:48:31","slug":"lentreprise-sereine","status":"publish","type":"product","link":"https:\/\/baralivres.ma\/?product=lentreprise-sereine","title":{"rendered":"L&rsquo;ENTREPRISE SEREINE"},"content":{"rendered":"<p>\u00ab\u00a0L&rsquo;entreprise sereine d&rsquo;Amy Edmondson guide les dirigeants et les \u00e9quipes sur la s\u00e9curit\u00e9 psychologique en entreprise. Il encourage une culture d&rsquo;expression libre, favorisant la cr\u00e9ativit\u00e9, l&rsquo;apprentissage et l&rsquo;innovation. L&rsquo;auteure souligne les effets n\u00e9gatifs de la peur sur la cr\u00e9ativit\u00e9 et le travail d&rsquo;\u00e9quipe, tout en proposant des conseils pratiques pour cr\u00e9er une organisation sans peur. La s\u00e9curit\u00e9 psychologique est cruciale pour la valeur des entreprises dans un environnement complexe et en \u00e9volution.\u00a0\u00bb<\/p>\n","protected":false},"excerpt":{"rendered":"<p>\u00ab\u00a0Guide d&rsquo;Amy Edmondson sur s\u00e9curit\u00e9 psychologique en entreprise, favorisant expression, cr\u00e9ativit\u00e9, innovation, et valeurs organisationnelles.\u00a0\u00bb<\/p>\n","protected":false},"featured_media":16010,"comment_status":"open","ping_status":"closed","template":"","meta":{"inline_featured_image":false},"product_cat":[204,91],"product_tag":[],"class_list":{"0":"post-16004","1":"product","2":"type-product","3":"status-publish","4":"has-post-thumbnail","6":"product_cat-francais","7":"product_cat-developpement","8":"pa_auteurs-amy-edmondson","10":"first","11":"instock","12":"shipping-taxable","13":"purchasable","14":"product-type-simple"},"_links":{"self":[{"href":"https:\/\/baralivres.ma\/index.php?rest_route=\/wp\/v2\/product\/16004","targetHints":{"allow":["GET"]}}],"collection":[{"href":"https:\/\/baralivres.ma\/index.php?rest_route=\/wp\/v2\/product"}],"about":[{"href":"https:\/\/baralivres.ma\/index.php?rest_route=\/wp\/v2\/types\/product"}],"replies":[{"embeddable":true,"href":"https:\/\/baralivres.ma\/index.php?rest_route=%2Fwp%2Fv2%2Fcomments&post=16004"}],"version-history":[{"count":1,"href":"https:\/\/baralivres.ma\/index.php?rest_route=\/wp\/v2\/product\/16004\/revisions"}],"predecessor-version":[{"id":16011,"href":"https:\/\/baralivres.ma\/index.php?rest_route=\/wp\/v2\/product\/16004\/revisions\/16011"}],"wp:featuredmedia":[{"embeddable":true,"href":"https:\/\/baralivres.ma\/index.php?rest_route=\/wp\/v2\/media\/16010"}],"wp:attachment":[{"href":"https:\/\/baralivres.ma\/index.php?rest_route=%2Fwp%2Fv2%2Fmedia&parent=16004"}],"wp:term":[{"taxonomy":"product_cat","embeddable":true,"href":"https:\/\/baralivres.ma\/index.php?rest_route=%2Fwp%2Fv2%2Fproduct_cat&post=16004"},{"taxonomy":"product_tag","embeddable":true,"href":"https:\/\/baralivres.ma\/index.php?rest_route=%2Fwp%2Fv2%2Fproduct_tag&post=16004"}],"curies":[{"name":"wp","href":"https:\/\/api.w.org\/{rel}","templated":true}]}}