{"id":16000,"date":"2023-10-30T14:48:25","date_gmt":"2023-10-30T13:48:25","guid":{"rendered":"https:\/\/baralivres.ma\/?post_type=product&#038;p=16000"},"modified":"2023-12-04T11:45:06","modified_gmt":"2023-12-04T10:45:06","slug":"les-secrets-de-lhooponopono-cest-malin","status":"publish","type":"product","link":"https:\/\/baralivres.ma\/?product=les-secrets-de-lhooponopono-cest-malin","title":{"rendered":"Les secrets de l&rsquo;ho&rsquo;oponopono, c&rsquo;est malin"},"content":{"rendered":"<p>ouhaitez-vous mieux g\u00e9rer votre col\u00e8re, mettre fin aux plaintes constantes et r\u00e9tablir la joie et les projets dans votre vie ? La r\u00e9ponse r\u00e9side dans l&rsquo;adoption de l&rsquo;approche de l&rsquo;ho&rsquo;oponopono.<\/p>\n<p>Ce concept, tir\u00e9 de la philosophie hawa\u00efenne, se r\u00e9v\u00e8le \u00eatre simple, pratique, et accessible \u00e0 tous. Il vous enseignera les moyens suivants :<\/p>\n<ul>\n<li>Transformer votre mode de vie et cultiver la s\u00e9r\u00e9nit\u00e9 int\u00e9rieure.<\/li>\n<li>Accepter pleinement ce qui ne peut \u00eatre modifi\u00e9 sans se laisser emporter par la frustration.<\/li>\n<li>Appr\u00e9cier les tr\u00e9sors inattendus offerts par la nature.<\/li>\n<li>Lib\u00e9rer le fardeau des blessures du pass\u00e9 en pratiquant le pardon.<\/li>\n<li>Accro\u00eetre votre pouvoir personnel pour influencer positivement votre r\u00e9alit\u00e9.<\/li>\n<\/ul>\n<p>Embrassez la sagesse de l&rsquo;ho&rsquo;oponopono et faisons ensemble rayonner l&rsquo;esprit pono !<\/p>\n","protected":false},"excerpt":{"rendered":"<p>L&rsquo;ho&rsquo;oponopono, inspir\u00e9 d&rsquo;Hawa\u00ef, cultive paix, pardon, gratitude, et autonomie pour une vie plus \u00e9panouie.<\/p>\n","protected":false},"featured_media":16005,"comment_status":"open","ping_status":"closed","template":"","meta":{"inline_featured_image":false},"product_cat":[204,91],"product_tag":[],"class_list":{"0":"post-16000","1":"product","2":"type-product","3":"status-publish","4":"has-post-thumbnail","6":"product_cat-francais","7":"product_cat-developpement","8":"pa_auteurs-carole-berger","10":"first","11":"instock","12":"shipping-taxable","13":"purchasable","14":"product-type-simple"},"_links":{"self":[{"href":"https:\/\/baralivres.ma\/index.php?rest_route=\/wp\/v2\/product\/16000","targetHints":{"allow":["GET"]}}],"collection":[{"href":"https:\/\/baralivres.ma\/index.php?rest_route=\/wp\/v2\/product"}],"about":[{"href":"https:\/\/baralivres.ma\/index.php?rest_route=\/wp\/v2\/types\/product"}],"replies":[{"embeddable":true,"href":"https:\/\/baralivres.ma\/index.php?rest_route=%2Fwp%2Fv2%2Fcomments&post=16000"}],"version-history":[{"count":1,"href":"https:\/\/baralivres.ma\/index.php?rest_route=\/wp\/v2\/product\/16000\/revisions"}],"predecessor-version":[{"id":16006,"href":"https:\/\/baralivres.ma\/index.php?rest_route=\/wp\/v2\/product\/16000\/revisions\/16006"}],"wp:featuredmedia":[{"embeddable":true,"href":"https:\/\/baralivres.ma\/index.php?rest_route=\/wp\/v2\/media\/16005"}],"wp:attachment":[{"href":"https:\/\/baralivres.ma\/index.php?rest_route=%2Fwp%2Fv2%2Fmedia&parent=16000"}],"wp:term":[{"taxonomy":"product_cat","embeddable":true,"href":"https:\/\/baralivres.ma\/index.php?rest_route=%2Fwp%2Fv2%2Fproduct_cat&post=16000"},{"taxonomy":"product_tag","embeddable":true,"href":"https:\/\/baralivres.ma\/index.php?rest_route=%2Fwp%2Fv2%2Fproduct_tag&post=16000"}],"curies":[{"name":"wp","href":"https:\/\/api.w.org\/{rel}","templated":true}]}}