{"id":15995,"date":"2023-10-30T14:45:18","date_gmt":"2023-10-30T13:45:18","guid":{"rendered":"https:\/\/baralivres.ma\/?post_type=product&#038;p=15995"},"modified":"2023-12-04T11:46:27","modified_gmt":"2023-12-04T10:46:27","slug":"avoir-enfin-confiance-en-soi-cest-malin","status":"publish","type":"product","link":"https:\/\/baralivres.ma\/?product=avoir-enfin-confiance-en-soi-cest-malin","title":{"rendered":"Avoir enfin confiance en soi, c&rsquo;est malin"},"content":{"rendered":"<p>Pour entreprendre de nouveaux projets et \u00e9panouir votre potentiel, il est essentiel de d\u00e9velopper une confiance en soi solide. Gr\u00e2ce \u00e0 ce livre innovant qui marie la psychologie du travail et les conseils en image, vous pouvez d\u00e9sormais atteindre cet objectif !<\/p>\n<p>Ce guide, accompagn\u00e9 d&rsquo;exercices simples, vous aidera \u00e0 :<\/p>\n<ul>\n<li>Explorer vos valeurs, vos pr\u00e9f\u00e9rences, et vos comp\u00e9tences, tout en identifiant vos peurs pour mieux vous comprendre.<\/li>\n<li>D\u00e9passer les barri\u00e8res que vous vous \u00eates fix\u00e9es en utilisant des techniques pratiques.<\/li>\n<li>Am\u00e9liorer votre image personnelle en adoptant un style qui refl\u00e8te authentiquement qui vous \u00eates, gr\u00e2ce \u00e0 des conseils avis\u00e9s.<\/li>\n<\/ul>\n<p>Retrouvez votre confiance en vous pour enfin atteindre le bonheur !<\/p>\n","protected":false},"excerpt":{"rendered":"<p>Ce livre combine psychologie, image personnelle, et exercices pour renforcer la confiance en soi et l&rsquo;\u00e9panouissement.<\/p>\n","protected":false},"featured_media":15998,"comment_status":"open","ping_status":"closed","template":"","meta":{"inline_featured_image":false},"product_cat":[204,91],"product_tag":[],"class_list":{"0":"post-15995","1":"product","2":"type-product","3":"status-publish","4":"has-post-thumbnail","6":"product_cat-francais","7":"product_cat-developpement","8":"pa_auteurs-myriam-hoffmann","10":"first","11":"instock","12":"shipping-taxable","13":"purchasable","14":"product-type-simple"},"_links":{"self":[{"href":"https:\/\/baralivres.ma\/index.php?rest_route=\/wp\/v2\/product\/15995","targetHints":{"allow":["GET"]}}],"collection":[{"href":"https:\/\/baralivres.ma\/index.php?rest_route=\/wp\/v2\/product"}],"about":[{"href":"https:\/\/baralivres.ma\/index.php?rest_route=\/wp\/v2\/types\/product"}],"replies":[{"embeddable":true,"href":"https:\/\/baralivres.ma\/index.php?rest_route=%2Fwp%2Fv2%2Fcomments&post=15995"}],"version-history":[{"count":1,"href":"https:\/\/baralivres.ma\/index.php?rest_route=\/wp\/v2\/product\/15995\/revisions"}],"predecessor-version":[{"id":15999,"href":"https:\/\/baralivres.ma\/index.php?rest_route=\/wp\/v2\/product\/15995\/revisions\/15999"}],"wp:featuredmedia":[{"embeddable":true,"href":"https:\/\/baralivres.ma\/index.php?rest_route=\/wp\/v2\/media\/15998"}],"wp:attachment":[{"href":"https:\/\/baralivres.ma\/index.php?rest_route=%2Fwp%2Fv2%2Fmedia&parent=15995"}],"wp:term":[{"taxonomy":"product_cat","embeddable":true,"href":"https:\/\/baralivres.ma\/index.php?rest_route=%2Fwp%2Fv2%2Fproduct_cat&post=15995"},{"taxonomy":"product_tag","embeddable":true,"href":"https:\/\/baralivres.ma\/index.php?rest_route=%2Fwp%2Fv2%2Fproduct_tag&post=15995"}],"curies":[{"name":"wp","href":"https:\/\/api.w.org\/{rel}","templated":true}]}}