{"id":15994,"date":"2023-10-30T14:46:37","date_gmt":"2023-10-30T13:46:37","guid":{"rendered":"https:\/\/baralivres.ma\/?post_type=product&#038;p=15994"},"modified":"2023-10-31T09:49:02","modified_gmt":"2023-10-31T08:49:02","slug":"de-la-performance-a-lexcellence","status":"publish","type":"product","link":"https:\/\/baralivres.ma\/?product=de-la-performance-a-lexcellence","title":{"rendered":"DE LA PERFORMANCE A L&rsquo;EXCELLENCE"},"content":{"rendered":"<p>\u00ab\u00a0Jim Collins et son \u00e9quipe ont \u00e9tudi\u00e9 des entreprises passant de la moyenne \u00e0 l&rsquo;excellence, r\u00e9v\u00e9lant des secrets inattendus. Onze entreprises au succ\u00e8s boursier exceptionnel ont \u00e9t\u00e9 compar\u00e9es \u00e0 leurs concurrentes, montrant que la transition vers l&rsquo;excellence s&rsquo;est faite discr\u00e8tement, dirig\u00e9e par des leaders modestes qui ont favoris\u00e9 la collaboration, encourag\u00e9 le d\u00e9bat, et adopt\u00e9 un concept simple et une discipline rigoureuse. Cela contraste avec les strat\u00e9gies flamboyantes. L&rsquo;approche minutieuse de Collins est source de r\u00e9sultats surprenants.\u00a0\u00bb<\/p>\n","protected":false},"excerpt":{"rendered":"<p>\u00ab\u00a0\u00c9tude de Jim Collins : entreprises moyennes \u00e0 excellentes gr\u00e2ce \u00e0 dirigeants modestes, collaboration, discipline, simplicit\u00e9.\u00a0\u00bb<\/p>\n","protected":false},"featured_media":16002,"comment_status":"open","ping_status":"closed","template":"","meta":{"inline_featured_image":false},"product_cat":[204,91],"product_tag":[],"class_list":{"0":"post-15994","1":"product","2":"type-product","3":"status-publish","4":"has-post-thumbnail","6":"product_cat-francais","7":"product_cat-developpement","8":"pa_auteurs-jim-collins","10":"first","11":"instock","12":"shipping-taxable","13":"purchasable","14":"product-type-simple"},"_links":{"self":[{"href":"https:\/\/baralivres.ma\/index.php?rest_route=\/wp\/v2\/product\/15994","targetHints":{"allow":["GET"]}}],"collection":[{"href":"https:\/\/baralivres.ma\/index.php?rest_route=\/wp\/v2\/product"}],"about":[{"href":"https:\/\/baralivres.ma\/index.php?rest_route=\/wp\/v2\/types\/product"}],"replies":[{"embeddable":true,"href":"https:\/\/baralivres.ma\/index.php?rest_route=%2Fwp%2Fv2%2Fcomments&post=15994"}],"version-history":[{"count":1,"href":"https:\/\/baralivres.ma\/index.php?rest_route=\/wp\/v2\/product\/15994\/revisions"}],"predecessor-version":[{"id":16003,"href":"https:\/\/baralivres.ma\/index.php?rest_route=\/wp\/v2\/product\/15994\/revisions\/16003"}],"wp:featuredmedia":[{"embeddable":true,"href":"https:\/\/baralivres.ma\/index.php?rest_route=\/wp\/v2\/media\/16002"}],"wp:attachment":[{"href":"https:\/\/baralivres.ma\/index.php?rest_route=%2Fwp%2Fv2%2Fmedia&parent=15994"}],"wp:term":[{"taxonomy":"product_cat","embeddable":true,"href":"https:\/\/baralivres.ma\/index.php?rest_route=%2Fwp%2Fv2%2Fproduct_cat&post=15994"},{"taxonomy":"product_tag","embeddable":true,"href":"https:\/\/baralivres.ma\/index.php?rest_route=%2Fwp%2Fv2%2Fproduct_tag&post=15994"}],"curies":[{"name":"wp","href":"https:\/\/api.w.org\/{rel}","templated":true}]}}