{"id":15991,"date":"2023-10-30T14:44:14","date_gmt":"2023-10-30T13:44:14","guid":{"rendered":"https:\/\/baralivres.ma\/?post_type=product&#038;p=15991"},"modified":"2023-10-30T14:44:14","modified_gmt":"2023-10-30T13:44:14","slug":"le-geant-enfoui","status":"publish","type":"product","link":"https:\/\/baralivres.ma\/?product=le-geant-enfoui","title":{"rendered":"Le g\u00e9ant enfoui"},"content":{"rendered":"<p>Au c\u0153ur de l&rsquo;Angleterre durant le haut Moyen \u00c2ge, Axl et Beatrice, vivant dans un pays teint\u00e9 de superstitions, cultivent un amour qui a travers\u00e9 les ann\u00e9es, bien que leurs souvenirs soient aussi vagues que les contours des montagnes environnantes. Ensemble, ils entreprennent un p\u00e9riple pour retrouver leur fils, \u00e9loign\u00e9 depuis longtemps. Leur chemin est sem\u00e9 d&rsquo;obstacles, parfois \u00e9tranges, parfois effrayants. Cette aventure soul\u00e8ve la question : sommes-nous les captifs impuissants de nos propres souvenirs ?<\/p>\n","protected":false},"excerpt":{"rendered":"<div class=\"group w-full text-token-text-primary border-b border-black\/10 gizmo:border-0 dark:border-gray-900\/50 gizmo:dark:border-0 bg-gray-50 gizmo:bg-transparent dark:bg-[#444654] gizmo:dark:bg-transparent\" data-testid=\"conversation-turn-5\">\n<div class=\"p-4 gizmo:py-2 justify-center text-base md:gap-6 md:py-6 m-auto\">\n<div class=\"flex flex-1 gap-4 text-base mx-auto md:gap-6 gizmo:gap-3 gizmo:md:px-5 gizmo:lg:px-1 gizmo:xl:px-5 md:max-w-2xl lg:max-w-[38rem] gizmo:md:max-w-3xl gizmo:lg:max-w-[40rem] gizmo:xl:max-w-[48rem] xl:max-w-3xl }\">\n<div class=\"relative flex w-[calc(100%-50px)] flex-col gizmo:w-full lg:w-[calc(100%-115px)] agent-turn\">\n<div class=\"flex-col gap-1 md:gap-3\">\n<div class=\"flex flex-grow flex-col gap-3 max-w-full\">\n<div class=\"min-h-[20px] flex flex-col items-start gap-3 whitespace-pre-wrap break-words overflow-x-auto\" data-message-author-role=\"assistant\" data-message-id=\"bd3aa5d9-1961-4c23-9ac7-85a62f1d26b3\">\n<div class=\"markdown prose w-full break-words dark:prose-invert light\">\n<p>En Angleterre m\u00e9di\u00e9vale, Axl et Beatrice cherchent leur fils malgr\u00e9 des souvenirs incertain<\/p>\n<\/div>\n<\/div>\n<\/div>\n<\/div>\n<\/div>\n<\/div>\n<\/div>\n<\/div>\n","protected":false},"featured_media":15996,"comment_status":"open","ping_status":"closed","template":"","meta":{"inline_featured_image":false},"product_cat":[204,143],"product_tag":[],"class_list":{"0":"post-15991","1":"product","2":"type-product","3":"status-publish","4":"has-post-thumbnail","6":"product_cat-francais","7":"product_cat-roman","8":"pa_auteurs-kazuo-ishiguro","10":"first","11":"instock","12":"shipping-taxable","13":"purchasable","14":"product-type-simple"},"_links":{"self":[{"href":"https:\/\/baralivres.ma\/index.php?rest_route=\/wp\/v2\/product\/15991","targetHints":{"allow":["GET"]}}],"collection":[{"href":"https:\/\/baralivres.ma\/index.php?rest_route=\/wp\/v2\/product"}],"about":[{"href":"https:\/\/baralivres.ma\/index.php?rest_route=\/wp\/v2\/types\/product"}],"replies":[{"embeddable":true,"href":"https:\/\/baralivres.ma\/index.php?rest_route=%2Fwp%2Fv2%2Fcomments&post=15991"}],"version-history":[{"count":1,"href":"https:\/\/baralivres.ma\/index.php?rest_route=\/wp\/v2\/product\/15991\/revisions"}],"predecessor-version":[{"id":15997,"href":"https:\/\/baralivres.ma\/index.php?rest_route=\/wp\/v2\/product\/15991\/revisions\/15997"}],"wp:featuredmedia":[{"embeddable":true,"href":"https:\/\/baralivres.ma\/index.php?rest_route=\/wp\/v2\/media\/15996"}],"wp:attachment":[{"href":"https:\/\/baralivres.ma\/index.php?rest_route=%2Fwp%2Fv2%2Fmedia&parent=15991"}],"wp:term":[{"taxonomy":"product_cat","embeddable":true,"href":"https:\/\/baralivres.ma\/index.php?rest_route=%2Fwp%2Fv2%2Fproduct_cat&post=15991"},{"taxonomy":"product_tag","embeddable":true,"href":"https:\/\/baralivres.ma\/index.php?rest_route=%2Fwp%2Fv2%2Fproduct_tag&post=15991"}],"curies":[{"name":"wp","href":"https:\/\/api.w.org\/{rel}","templated":true}]}}