{"id":15981,"date":"2023-10-30T14:41:23","date_gmt":"2023-10-30T13:41:23","guid":{"rendered":"https:\/\/baralivres.ma\/?post_type=product&#038;p=15981"},"modified":"2023-12-04T11:51:29","modified_gmt":"2023-12-04T10:51:29","slug":"90-jours-pour-reussir-sa-prise-de-poste-n-couv","status":"publish","type":"product","link":"https:\/\/baralivres.ma\/?product=90-jours-pour-reussir-sa-prise-de-poste-n-couv","title":{"rendered":"90 JOURS POUR REUSSIR SA PRISE DE POSTE (N. COUV.)"},"content":{"rendered":"<p>\u00ab\u00a0Michael Watkins propose une m\u00e9thode en dix \u00e9tapes avec des exercices pour r\u00e9ussir sa prise de poste en 90 jours. Que vous soyez manager d\u00e9butant ou promu, l&rsquo;ouvrage propose des astuces pour acc\u00e9l\u00e9rer l&rsquo;apprentissage, hi\u00e9rarchiser les responsabilit\u00e9s, ajuster vos comp\u00e9tences, gagner le respect de votre sup\u00e9rieur, et \u00e9tablir un r\u00e9seau. La nouvelle \u00e9dition, ax\u00e9e sur l&rsquo;agilit\u00e9 et l&rsquo;adaptabilit\u00e9, inclut des cas r\u00e9els et un test d&rsquo;\u00e9valuation du risque de transition. Un guide incontournable pour les managers confront\u00e9s \u00e0 de nouveaux d\u00e9fis.<\/p>\n","protected":false},"excerpt":{"rendered":"<p>\u00ab\u00a0Pour r\u00e9ussir rapidement lors de votre nouvelle prise de poste, suivez la m\u00e9thode en dix points de Michael Watkins. Vous apprendrez \u00e0 acc\u00e9l\u00e9rer l&rsquo;apprentissage, prioriser les responsabilit\u00e9s, \u00e9valuer vos comp\u00e9tences, gagner la confiance de votre sup\u00e9rieur et \u00e9tablir un r\u00e9seau d&rsquo; Cette \u00e9dition, pertinente pour les managers recherchant agilit\u00e9, rapidit\u00e9 de d\u00e9cision et adaptation, inclut des cas r\u00e9els et un test d&rsquo;\u00e9valuation du risque.<\/p>\n","protected":false},"featured_media":15989,"comment_status":"open","ping_status":"closed","template":"","meta":{"inline_featured_image":false},"product_cat":[204,91],"product_tag":[],"class_list":{"0":"post-15981","1":"product","2":"type-product","3":"status-publish","4":"has-post-thumbnail","6":"product_cat-francais","7":"product_cat-developpement","8":"pa_auteurs-michael-watkins","10":"first","11":"instock","12":"shipping-taxable","13":"purchasable","14":"product-type-simple"},"_links":{"self":[{"href":"https:\/\/baralivres.ma\/index.php?rest_route=\/wp\/v2\/product\/15981","targetHints":{"allow":["GET"]}}],"collection":[{"href":"https:\/\/baralivres.ma\/index.php?rest_route=\/wp\/v2\/product"}],"about":[{"href":"https:\/\/baralivres.ma\/index.php?rest_route=\/wp\/v2\/types\/product"}],"replies":[{"embeddable":true,"href":"https:\/\/baralivres.ma\/index.php?rest_route=%2Fwp%2Fv2%2Fcomments&post=15981"}],"version-history":[{"count":1,"href":"https:\/\/baralivres.ma\/index.php?rest_route=\/wp\/v2\/product\/15981\/revisions"}],"predecessor-version":[{"id":15990,"href":"https:\/\/baralivres.ma\/index.php?rest_route=\/wp\/v2\/product\/15981\/revisions\/15990"}],"wp:featuredmedia":[{"embeddable":true,"href":"https:\/\/baralivres.ma\/index.php?rest_route=\/wp\/v2\/media\/15989"}],"wp:attachment":[{"href":"https:\/\/baralivres.ma\/index.php?rest_route=%2Fwp%2Fv2%2Fmedia&parent=15981"}],"wp:term":[{"taxonomy":"product_cat","embeddable":true,"href":"https:\/\/baralivres.ma\/index.php?rest_route=%2Fwp%2Fv2%2Fproduct_cat&post=15981"},{"taxonomy":"product_tag","embeddable":true,"href":"https:\/\/baralivres.ma\/index.php?rest_route=%2Fwp%2Fv2%2Fproduct_tag&post=15981"}],"curies":[{"name":"wp","href":"https:\/\/api.w.org\/{rel}","templated":true}]}}