{"id":15978,"date":"2023-10-30T14:39:51","date_gmt":"2023-10-30T13:39:51","guid":{"rendered":"https:\/\/baralivres.ma\/?post_type=product&#038;p=15978"},"modified":"2023-10-30T14:39:51","modified_gmt":"2023-10-30T13:39:51","slug":"la-joie","status":"publish","type":"product","link":"https:\/\/baralivres.ma\/?product=la-joie","title":{"rendered":"La joie"},"content":{"rendered":"<p>\u00ab\u00a0Je lui ai exprim\u00e9 que ma vie actuelle est pleine d&rsquo;amour et que c&rsquo;est suffisant. J&rsquo;ai d\u00e9clin\u00e9 son offre d&rsquo;espoir, car \u00e0 mes yeux, l&rsquo;espoir agit comme un poison : il nous prive de la capacit\u00e9 d&rsquo;appr\u00e9cier ce qui est pr\u00e9sent.\u00a0\u00bb Solaro surmonte les difficult\u00e9s de la vie avec une r\u00e9silience singuli\u00e8re ; il parvient \u00e0 percevoir la beaut\u00e9 dans chaque aspect de son quotidien, et de ce fait, il parvient \u00e0 en tirer une forme de bonheur. Ce livre raconte son histoire, le r\u00e9cit d&rsquo;un homme empreint de joie. Il repr\u00e9sente aussi une incitation \u00e0 la r\u00e9flexion, \u00e0 saisir cette force myst\u00e9rieuse qui, \u00e0 tout moment, peut rendre notre existence exaltante.<\/p>\n","protected":false},"excerpt":{"rendered":"<p>Solaro embrasse la vie sans espoir, trouvant la joie dans la beaut\u00e9 quotidienne, invitant \u00e0 r\u00e9fl\u00e9chir.<\/p>\n","protected":false},"featured_media":15984,"comment_status":"open","ping_status":"closed","template":"","meta":{"inline_featured_image":false},"product_cat":[204,143],"product_tag":[],"class_list":{"0":"post-15978","1":"product","2":"type-product","3":"status-publish","4":"has-post-thumbnail","6":"product_cat-francais","7":"product_cat-roman","8":"pa_auteurs-charles-pepin-2","10":"first","11":"instock","12":"shipping-taxable","13":"purchasable","14":"product-type-simple"},"_links":{"self":[{"href":"https:\/\/baralivres.ma\/index.php?rest_route=\/wp\/v2\/product\/15978","targetHints":{"allow":["GET"]}}],"collection":[{"href":"https:\/\/baralivres.ma\/index.php?rest_route=\/wp\/v2\/product"}],"about":[{"href":"https:\/\/baralivres.ma\/index.php?rest_route=\/wp\/v2\/types\/product"}],"replies":[{"embeddable":true,"href":"https:\/\/baralivres.ma\/index.php?rest_route=%2Fwp%2Fv2%2Fcomments&post=15978"}],"version-history":[{"count":1,"href":"https:\/\/baralivres.ma\/index.php?rest_route=\/wp\/v2\/product\/15978\/revisions"}],"predecessor-version":[{"id":15986,"href":"https:\/\/baralivres.ma\/index.php?rest_route=\/wp\/v2\/product\/15978\/revisions\/15986"}],"wp:featuredmedia":[{"embeddable":true,"href":"https:\/\/baralivres.ma\/index.php?rest_route=\/wp\/v2\/media\/15984"}],"wp:attachment":[{"href":"https:\/\/baralivres.ma\/index.php?rest_route=%2Fwp%2Fv2%2Fmedia&parent=15978"}],"wp:term":[{"taxonomy":"product_cat","embeddable":true,"href":"https:\/\/baralivres.ma\/index.php?rest_route=%2Fwp%2Fv2%2Fproduct_cat&post=15978"},{"taxonomy":"product_tag","embeddable":true,"href":"https:\/\/baralivres.ma\/index.php?rest_route=%2Fwp%2Fv2%2Fproduct_tag&post=15978"}],"curies":[{"name":"wp","href":"https:\/\/api.w.org\/{rel}","templated":true}]}}