{"id":15973,"date":"2023-10-30T14:37:10","date_gmt":"2023-10-30T13:37:10","guid":{"rendered":"https:\/\/baralivres.ma\/?post_type=product&#038;p=15973"},"modified":"2025-11-21T18:35:01","modified_gmt":"2025-11-21T17:35:01","slug":"domptez-votre-hypersensibilite-cest-malin","status":"publish","type":"product","link":"https:\/\/baralivres.ma\/?product=domptez-votre-hypersensibilite-cest-malin","title":{"rendered":"Domptez votre hypersensibilit\u00e9, c&rsquo;est malin"},"content":{"rendered":"<p>Vous vous demandez si vous pourriez \u00eatre hypersensible, avec des \u00e9motions qui semblent parfois vous submerger, une vuln\u00e9rabilit\u00e9 accrue \u00e0 la fatigue, et des difficult\u00e9s \u00e0 vous concentrer lorsque l&rsquo;environnement est bruyant ? Ce livre vous propose une exploration approfondie :<\/p>\n<ul>\n<li>Il vous aide \u00e0 identifier et \u00e0 comprendre l&rsquo;hypersensibilit\u00e9, en abordant la personnalit\u00e9 des individus hypersensibles, comment cette sensibilit\u00e9 peut \u00eatre per\u00e7ue par les autres, et vous offre un test pour \u00e9valuer votre propre niveau de sensibilit\u00e9.<\/li>\n<li>Il met en lumi\u00e8re les aspects positifs de l&rsquo;hypersensibilit\u00e9 en vous encourageant \u00e0 accepter vos \u00e9motions et \u00e0 reconna\u00eetre le potentiel qu&rsquo;elles renferment pour influencer votre vie. De plus, le livre explore comment exploiter votre cr\u00e9ativit\u00e9 et votre empathie.<\/li>\n<li>Enfin, il vous guide sur la mani\u00e8re de mieux vivre au quotidien avec votre hypersensibilit\u00e9, en offrant des conseils pratiques et en partageant de nombreux t\u00e9moignages pour vous aider \u00e0 d\u00e9velopper votre plein potentiel. Transformez votre hypersensibilit\u00e9 en une v\u00e9ritable force dans votre vie !<\/li>\n<\/ul>\n","protected":false},"excerpt":{"rendered":"<p>D\u00e9couvrez l&rsquo;hypersensibilit\u00e9, ses aspects positifs, et comment en faire une force dans votre vie quotidienne.<\/p>\n","protected":false},"featured_media":15979,"comment_status":"open","ping_status":"closed","template":"","meta":{"inline_featured_image":false},"product_cat":[204,91],"product_tag":[],"class_list":{"0":"post-15973","1":"product","2":"type-product","3":"status-publish","4":"has-post-thumbnail","6":"product_cat-francais","7":"product_cat-developpement","8":"pa_auteurs-nathalie-clobert","10":"first","11":"outofstock","12":"shipping-taxable","13":"purchasable","14":"product-type-simple"},"_links":{"self":[{"href":"https:\/\/baralivres.ma\/index.php?rest_route=\/wp\/v2\/product\/15973","targetHints":{"allow":["GET"]}}],"collection":[{"href":"https:\/\/baralivres.ma\/index.php?rest_route=\/wp\/v2\/product"}],"about":[{"href":"https:\/\/baralivres.ma\/index.php?rest_route=\/wp\/v2\/types\/product"}],"replies":[{"embeddable":true,"href":"https:\/\/baralivres.ma\/index.php?rest_route=%2Fwp%2Fv2%2Fcomments&post=15973"}],"version-history":[{"count":1,"href":"https:\/\/baralivres.ma\/index.php?rest_route=\/wp\/v2\/product\/15973\/revisions"}],"predecessor-version":[{"id":15980,"href":"https:\/\/baralivres.ma\/index.php?rest_route=\/wp\/v2\/product\/15973\/revisions\/15980"}],"wp:featuredmedia":[{"embeddable":true,"href":"https:\/\/baralivres.ma\/index.php?rest_route=\/wp\/v2\/media\/15979"}],"wp:attachment":[{"href":"https:\/\/baralivres.ma\/index.php?rest_route=%2Fwp%2Fv2%2Fmedia&parent=15973"}],"wp:term":[{"taxonomy":"product_cat","embeddable":true,"href":"https:\/\/baralivres.ma\/index.php?rest_route=%2Fwp%2Fv2%2Fproduct_cat&post=15973"},{"taxonomy":"product_tag","embeddable":true,"href":"https:\/\/baralivres.ma\/index.php?rest_route=%2Fwp%2Fv2%2Fproduct_tag&post=15973"}],"curies":[{"name":"wp","href":"https:\/\/api.w.org\/{rel}","templated":true}]}}