{"id":15970,"date":"2023-10-30T14:53:30","date_gmt":"2023-10-30T13:53:30","guid":{"rendered":"https:\/\/baralivres.ma\/?post_type=product&#038;p=15970"},"modified":"2023-10-30T14:53:30","modified_gmt":"2023-10-30T13:53:30","slug":"autant-en-emporte-le-vent","status":"publish","type":"product","link":"https:\/\/baralivres.ma\/?product=autant-en-emporte-le-vent","title":{"rendered":"Autant en emporte le vent"},"content":{"rendered":"<p>Malgr\u00e9 tout, malgr\u00e9 les obstacles qui se dressent entre nous, les d\u00e9fis personnels que nous affrontons, et les bouleversements de ce monde insens\u00e9, mon amour pour vous demeure. Scarlett, belle et intr\u00e9pide, est la fille de riches planteurs d&rsquo;Atlanta, en G\u00e9orgie. \u00c0 l&rsquo;\u00e2ge de seize ans, elle regarde vers l&rsquo;avenir avec une insatiable ambition et une confiance in\u00e9branlable. Cependant, en cette ann\u00e9e 1861, l&rsquo;ombre d&rsquo;une guerre imminente plane, une guerre d\u00e9vastatrice qui se profile, opposant les partisans du Sud et ceux du Nord&#8230; Cette saga historique in\u00e9gal\u00e9e relate les trag\u00e9dies de la guerre de S\u00e9cession, mais c&rsquo;est aussi un r\u00e9cit d&rsquo;amour mettant en sc\u00e8ne les personnages embl\u00e9matiques de Scarlett1 O&rsquo;Hara et Rhett Butler, qui sont entr\u00e9s dans la l\u00e9gende des amoureux.<\/p>\n","protected":false},"excerpt":{"rendered":"<p>Amour persistant malgr\u00e9 chaos de la guerre civile am\u00e9ricaine, Scarlett O&rsquo;Hara et Rhett Butler deviennent l\u00e9gendaires.<\/p>\n","protected":false},"featured_media":16014,"comment_status":"open","ping_status":"closed","template":"","meta":{"inline_featured_image":false},"product_cat":[204,143],"product_tag":[],"class_list":{"0":"post-15970","1":"product","2":"type-product","3":"status-publish","4":"has-post-thumbnail","6":"product_cat-francais","7":"product_cat-roman","8":"pa_auteurs-margaret-mitchell","10":"first","11":"instock","12":"shipping-taxable","13":"product-type-simple"},"_links":{"self":[{"href":"https:\/\/baralivres.ma\/index.php?rest_route=\/wp\/v2\/product\/15970","targetHints":{"allow":["GET"]}}],"collection":[{"href":"https:\/\/baralivres.ma\/index.php?rest_route=\/wp\/v2\/product"}],"about":[{"href":"https:\/\/baralivres.ma\/index.php?rest_route=\/wp\/v2\/types\/product"}],"replies":[{"embeddable":true,"href":"https:\/\/baralivres.ma\/index.php?rest_route=%2Fwp%2Fv2%2Fcomments&post=15970"}],"version-history":[{"count":1,"href":"https:\/\/baralivres.ma\/index.php?rest_route=\/wp\/v2\/product\/15970\/revisions"}],"predecessor-version":[{"id":16018,"href":"https:\/\/baralivres.ma\/index.php?rest_route=\/wp\/v2\/product\/15970\/revisions\/16018"}],"wp:featuredmedia":[{"embeddable":true,"href":"https:\/\/baralivres.ma\/index.php?rest_route=\/wp\/v2\/media\/16014"}],"wp:attachment":[{"href":"https:\/\/baralivres.ma\/index.php?rest_route=%2Fwp%2Fv2%2Fmedia&parent=15970"}],"wp:term":[{"taxonomy":"product_cat","embeddable":true,"href":"https:\/\/baralivres.ma\/index.php?rest_route=%2Fwp%2Fv2%2Fproduct_cat&post=15970"},{"taxonomy":"product_tag","embeddable":true,"href":"https:\/\/baralivres.ma\/index.php?rest_route=%2Fwp%2Fv2%2Fproduct_tag&post=15970"}],"curies":[{"name":"wp","href":"https:\/\/api.w.org\/{rel}","templated":true}]}}