{"id":15969,"date":"2023-10-30T14:35:17","date_gmt":"2023-10-30T13:35:17","guid":{"rendered":"https:\/\/baralivres.ma\/?post_type=product&#038;p=15969"},"modified":"2023-10-30T14:35:17","modified_gmt":"2023-10-30T13:35:17","slug":"nocturnes","status":"publish","type":"product","link":"https:\/\/baralivres.ma\/?product=nocturnes","title":{"rendered":"Nocturnes"},"content":{"rendered":"<p>Des places italiennes aux paysages vallonn\u00e9s de Malvern, des appartements londoniens aux atmosph\u00e8res \u00e9l\u00e9gantes des h\u00f4tels d&rsquo;Hollywood, se rencontrent des musiciens de rue et des c\u00e9l\u00e9brit\u00e9s d\u00e9chues, tous en qu\u00eate d&rsquo;une nouvelle partition \u00e0 jouer. Dans cette qu\u00eate musicale exigeante qui demande des sacrifices, se pose la question : un saxophoniste doit-il subir une chirurgie esth\u00e9tique pour r\u00e9ussir ? Un crooner doit-il m\u00e9tamorphoser sa vie pour retrouver la gloire ? Kazuo Ishiguro, avec une alternance subtile entre humour et m\u00e9lancolie, narre les destin\u00e9es de passionn\u00e9s. Au c\u0153ur de son r\u00e9cit, des th\u00e8mes intemporels \u00e9mergent : l&rsquo;amour, la musique et le combat acharn\u00e9 de chacun pour pr\u00e9server l&rsquo;essence de la vie lorsque les espoirs s&rsquo;amenuisent.<\/p>\n","protected":false},"excerpt":{"rendered":"<p>Passionn\u00e9s de musique cherchent succ\u00e8s, affrontent dilemmes personnels dans r\u00e9cit poignant d&rsquo;Ishiguro.<\/p>\n","protected":false},"featured_media":15974,"comment_status":"open","ping_status":"closed","template":"","meta":{"inline_featured_image":false},"product_cat":[204,143],"product_tag":[],"class_list":{"0":"post-15969","1":"product","2":"type-product","3":"status-publish","4":"has-post-thumbnail","6":"product_cat-francais","7":"product_cat-roman","8":"pa_auteurs-kazuo-ishiguro","10":"first","11":"instock","12":"shipping-taxable","13":"purchasable","14":"product-type-simple"},"_links":{"self":[{"href":"https:\/\/baralivres.ma\/index.php?rest_route=\/wp\/v2\/product\/15969","targetHints":{"allow":["GET"]}}],"collection":[{"href":"https:\/\/baralivres.ma\/index.php?rest_route=\/wp\/v2\/product"}],"about":[{"href":"https:\/\/baralivres.ma\/index.php?rest_route=\/wp\/v2\/types\/product"}],"replies":[{"embeddable":true,"href":"https:\/\/baralivres.ma\/index.php?rest_route=%2Fwp%2Fv2%2Fcomments&post=15969"}],"version-history":[{"count":1,"href":"https:\/\/baralivres.ma\/index.php?rest_route=\/wp\/v2\/product\/15969\/revisions"}],"predecessor-version":[{"id":15975,"href":"https:\/\/baralivres.ma\/index.php?rest_route=\/wp\/v2\/product\/15969\/revisions\/15975"}],"wp:featuredmedia":[{"embeddable":true,"href":"https:\/\/baralivres.ma\/index.php?rest_route=\/wp\/v2\/media\/15974"}],"wp:attachment":[{"href":"https:\/\/baralivres.ma\/index.php?rest_route=%2Fwp%2Fv2%2Fmedia&parent=15969"}],"wp:term":[{"taxonomy":"product_cat","embeddable":true,"href":"https:\/\/baralivres.ma\/index.php?rest_route=%2Fwp%2Fv2%2Fproduct_cat&post=15969"},{"taxonomy":"product_tag","embeddable":true,"href":"https:\/\/baralivres.ma\/index.php?rest_route=%2Fwp%2Fv2%2Fproduct_tag&post=15969"}],"curies":[{"name":"wp","href":"https:\/\/api.w.org\/{rel}","templated":true}]}}