{"id":15968,"date":"2023-10-30T14:35:51","date_gmt":"2023-10-30T13:35:51","guid":{"rendered":"https:\/\/baralivres.ma\/?post_type=product&#038;p=15968"},"modified":"2023-10-31T09:50:00","modified_gmt":"2023-10-31T08:50:00","slug":"pourquoi-motiver-est-il-si-complique-et-comment-y-arriver","status":"publish","type":"product","link":"https:\/\/baralivres.ma\/?product=pourquoi-motiver-est-il-si-complique-et-comment-y-arriver","title":{"rendered":"POURQUOI MOTIVER EST-IL SI COMPLIQUE&#8230; ET COMMENT Y ARRIVER"},"content":{"rendered":"<p>\u00ab\u00a0La motivation traditionnelle \u00e9choue souvent. Susan Fowler propose une nouvelle approche bas\u00e9e sur la recherche scientifique pour aider les managers \u00e0 cultiver la motivation impliqu\u00e9e, ax\u00e9e sur les besoins psychologiques fondamentaux. Cela am\u00e9liore la productivit\u00e9, l&rsquo;engagement et le sentiment d&rsquo;accomplissement, \u00e9liminant ainsi le recours excessif aux incitations et aux sanctions. Cette approche, d\u00e9j\u00e0 adopt\u00e9e par des entreprises telles que Microsoft, la NASA et Mattel, s&rsquo;aligne sur le leadership serviteur et r\u00e9pond aux besoins changeants du monde du travail et de la hi\u00e9rarchie.<\/p>\n","protected":false},"excerpt":{"rendered":"<p>\u00ab\u00a0Repenser la motivation : mod\u00e8le bas\u00e9 sur les besoins psychologiques, favoriser l&rsquo;engagement, l&rsquo;autonomie et la satisfaction au travail.\u00a0\u00bb<\/p>\n","protected":false},"featured_media":15976,"comment_status":"open","ping_status":"closed","template":"","meta":{"inline_featured_image":false},"product_cat":[204,91],"product_tag":[],"class_list":{"0":"post-15968","1":"product","2":"type-product","3":"status-publish","4":"has-post-thumbnail","6":"product_cat-francais","7":"product_cat-developpement","8":"pa_auteurs-susan-fowler","10":"first","11":"instock","12":"shipping-taxable","13":"purchasable","14":"product-type-simple"},"_links":{"self":[{"href":"https:\/\/baralivres.ma\/index.php?rest_route=\/wp\/v2\/product\/15968","targetHints":{"allow":["GET"]}}],"collection":[{"href":"https:\/\/baralivres.ma\/index.php?rest_route=\/wp\/v2\/product"}],"about":[{"href":"https:\/\/baralivres.ma\/index.php?rest_route=\/wp\/v2\/types\/product"}],"replies":[{"embeddable":true,"href":"https:\/\/baralivres.ma\/index.php?rest_route=%2Fwp%2Fv2%2Fcomments&post=15968"}],"version-history":[{"count":1,"href":"https:\/\/baralivres.ma\/index.php?rest_route=\/wp\/v2\/product\/15968\/revisions"}],"predecessor-version":[{"id":15977,"href":"https:\/\/baralivres.ma\/index.php?rest_route=\/wp\/v2\/product\/15968\/revisions\/15977"}],"wp:featuredmedia":[{"embeddable":true,"href":"https:\/\/baralivres.ma\/index.php?rest_route=\/wp\/v2\/media\/15976"}],"wp:attachment":[{"href":"https:\/\/baralivres.ma\/index.php?rest_route=%2Fwp%2Fv2%2Fmedia&parent=15968"}],"wp:term":[{"taxonomy":"product_cat","embeddable":true,"href":"https:\/\/baralivres.ma\/index.php?rest_route=%2Fwp%2Fv2%2Fproduct_cat&post=15968"},{"taxonomy":"product_tag","embeddable":true,"href":"https:\/\/baralivres.ma\/index.php?rest_route=%2Fwp%2Fv2%2Fproduct_tag&post=15968"}],"curies":[{"name":"wp","href":"https:\/\/api.w.org\/{rel}","templated":true}]}}