{"id":15959,"date":"2023-10-30T14:30:37","date_gmt":"2023-10-30T13:30:37","guid":{"rendered":"https:\/\/baralivres.ma\/?post_type=product&#038;p=15959"},"modified":"2023-12-04T12:16:57","modified_gmt":"2023-12-04T11:16:57","slug":"lestime-de-soi","status":"publish","type":"product","link":"https:\/\/baralivres.ma\/?product=lestime-de-soi","title":{"rendered":"L&rsquo;estime de soi"},"content":{"rendered":"<p>Pour mener une vie \u00e9panouissante et confiante dans nos interactions avec les autres, il est essentiel de s&rsquo;appr\u00e9cier et de se respecter. Souvent, l&rsquo;\u00e9ducation et la soci\u00e9t\u00e9 nous inculquent une image n\u00e9gative de nous-m\u00eames et restreignent notre plein potentiel. Ce livre vous guidera vers la lib\u00e9ration de ces entraves en vous aidant \u00e0 prendre conscience de vos v\u00e9ritables valeurs et de votre unicit\u00e9. Cette prise de conscience permettra \u00e0 votre v\u00e9ritable personnalit\u00e9 de s&rsquo;\u00e9panouir pleinement.<\/p>\n","protected":false},"excerpt":{"rendered":"<p>Pour une vie harmonieuse, l&rsquo;estime de soi et la prise de conscience de sa valeur sont essentielles.<\/p>\n","protected":false},"featured_media":15963,"comment_status":"open","ping_status":"closed","template":"","meta":{"inline_featured_image":false},"product_cat":[204,91],"product_tag":[],"class_list":{"0":"post-15959","1":"product","2":"type-product","3":"status-publish","4":"has-post-thumbnail","6":"product_cat-francais","7":"product_cat-developpement","8":"pa_auteurs-rosette-poletti","10":"first","11":"instock","12":"shipping-taxable","13":"purchasable","14":"product-type-simple"},"_links":{"self":[{"href":"https:\/\/baralivres.ma\/index.php?rest_route=\/wp\/v2\/product\/15959","targetHints":{"allow":["GET"]}}],"collection":[{"href":"https:\/\/baralivres.ma\/index.php?rest_route=\/wp\/v2\/product"}],"about":[{"href":"https:\/\/baralivres.ma\/index.php?rest_route=\/wp\/v2\/types\/product"}],"replies":[{"embeddable":true,"href":"https:\/\/baralivres.ma\/index.php?rest_route=%2Fwp%2Fv2%2Fcomments&post=15959"}],"version-history":[{"count":1,"href":"https:\/\/baralivres.ma\/index.php?rest_route=\/wp\/v2\/product\/15959\/revisions"}],"predecessor-version":[{"id":15964,"href":"https:\/\/baralivres.ma\/index.php?rest_route=\/wp\/v2\/product\/15959\/revisions\/15964"}],"wp:featuredmedia":[{"embeddable":true,"href":"https:\/\/baralivres.ma\/index.php?rest_route=\/wp\/v2\/media\/15963"}],"wp:attachment":[{"href":"https:\/\/baralivres.ma\/index.php?rest_route=%2Fwp%2Fv2%2Fmedia&parent=15959"}],"wp:term":[{"taxonomy":"product_cat","embeddable":true,"href":"https:\/\/baralivres.ma\/index.php?rest_route=%2Fwp%2Fv2%2Fproduct_cat&post=15959"},{"taxonomy":"product_tag","embeddable":true,"href":"https:\/\/baralivres.ma\/index.php?rest_route=%2Fwp%2Fv2%2Fproduct_tag&post=15959"}],"curies":[{"name":"wp","href":"https:\/\/api.w.org\/{rel}","templated":true}]}}