{"id":15954,"date":"2023-10-30T14:29:57","date_gmt":"2023-10-30T13:29:57","guid":{"rendered":"https:\/\/baralivres.ma\/?post_type=product&#038;p=15954"},"modified":"2023-10-30T14:29:57","modified_gmt":"2023-10-30T13:29:57","slug":"au-pays","status":"publish","type":"product","link":"https:\/\/baralivres.ma\/?product=au-pays","title":{"rendered":"Au pays"},"content":{"rendered":"<p>\u00c0 l&rsquo;approche de sa retraite imminente, Mohamed se retrouve r\u00e9ticent \u00e0 l&rsquo;id\u00e9e de quitter l&rsquo;atelier o\u00f9 il a consacr\u00e9 la majeure partie de sa vie depuis qu&rsquo;il a quitt\u00e9 son lieu d&rsquo;origine. Pour combattre ce sentiment de malaise grandissant, il entreprend une introspection empreinte de simplicit\u00e9 et d&rsquo;humilit\u00e9. Ses pens\u00e9es se dirigent vers son attachement profond \u00e0 l&rsquo;islam, qu&rsquo;il d\u00e9sapprouve lorsqu&rsquo;il est d\u00e9tourn\u00e9 vers des extr\u00e9mismes. Il ressent de la peine en constatant l&rsquo;\u00e9loignement de ses enfants par rapport \u00e0 leurs racines marocaines. Surtout, il r\u00e9alise que la retraite repr\u00e9sente pour lui le plus grand d\u00e9sarroi de son existence.<\/p>\n<p>Un matin, il entame un voyage vers son village natal, d\u00e9termin\u00e9 \u00e0 b\u00e2tir une vaste demeure capable d&rsquo;accueillir tous ses enfants. Ce retour \u00ab\u00a0au pays\u00a0\u00bb s&rsquo;\u00e9loignera consid\u00e9rablement de ses attentes initiales.<\/p>\n","protected":false},"excerpt":{"rendered":"<p>Avant la retraite, Mohamed cherche sens dans racines, islam, et un nouveau chez-soi familial.<\/p>\n","protected":false},"featured_media":15960,"comment_status":"open","ping_status":"closed","template":"","meta":{"inline_featured_image":false},"product_cat":[204,143],"product_tag":[],"class_list":{"0":"post-15954","1":"product","2":"type-product","3":"status-publish","4":"has-post-thumbnail","6":"product_cat-francais","7":"product_cat-roman","8":"pa_auteurs-tahar-ben-jelloun","10":"first","11":"instock","12":"shipping-taxable","13":"purchasable","14":"product-type-simple"},"_links":{"self":[{"href":"https:\/\/baralivres.ma\/index.php?rest_route=\/wp\/v2\/product\/15954","targetHints":{"allow":["GET"]}}],"collection":[{"href":"https:\/\/baralivres.ma\/index.php?rest_route=\/wp\/v2\/product"}],"about":[{"href":"https:\/\/baralivres.ma\/index.php?rest_route=\/wp\/v2\/types\/product"}],"replies":[{"embeddable":true,"href":"https:\/\/baralivres.ma\/index.php?rest_route=%2Fwp%2Fv2%2Fcomments&post=15954"}],"version-history":[{"count":1,"href":"https:\/\/baralivres.ma\/index.php?rest_route=\/wp\/v2\/product\/15954\/revisions"}],"predecessor-version":[{"id":15962,"href":"https:\/\/baralivres.ma\/index.php?rest_route=\/wp\/v2\/product\/15954\/revisions\/15962"}],"wp:featuredmedia":[{"embeddable":true,"href":"https:\/\/baralivres.ma\/index.php?rest_route=\/wp\/v2\/media\/15960"}],"wp:attachment":[{"href":"https:\/\/baralivres.ma\/index.php?rest_route=%2Fwp%2Fv2%2Fmedia&parent=15954"}],"wp:term":[{"taxonomy":"product_cat","embeddable":true,"href":"https:\/\/baralivres.ma\/index.php?rest_route=%2Fwp%2Fv2%2Fproduct_cat&post=15954"},{"taxonomy":"product_tag","embeddable":true,"href":"https:\/\/baralivres.ma\/index.php?rest_route=%2Fwp%2Fv2%2Fproduct_tag&post=15954"}],"curies":[{"name":"wp","href":"https:\/\/api.w.org\/{rel}","templated":true}]}}