{"id":15951,"date":"2023-10-30T14:27:41","date_gmt":"2023-10-30T13:27:41","guid":{"rendered":"https:\/\/baralivres.ma\/?post_type=product&#038;p=15951"},"modified":"2023-12-04T12:19:30","modified_gmt":"2023-12-04T11:19:30","slug":"oser-changer-sa-vie","status":"publish","type":"product","link":"https:\/\/baralivres.ma\/?product=oser-changer-sa-vie","title":{"rendered":"Oser changer sa vie"},"content":{"rendered":"<p>De nombreux individus aspirent \u00e0 changer leur vie, mais se demandent s&rsquo;il existe un guide pratique pour les orienter. Quelles \u00e9tapes doivent-ils franchir, quels obstacles \u00e9viter, et quelles cl\u00e9s chercher pour r\u00e9ussir ? Tout d&rsquo;abord, explorons les fondations du succ\u00e8s, qui englobent l&rsquo;\u00e9quilibre psychologique, \u00e9motionnel, relationnel et environnemental. Quelles remises en question sont n\u00e9cessaires pour go\u00fbter au bonheur quotidien ? En parcourant ces lignes, vous d\u00e9couvrirez comment semer les graines de votre avenir, trouver les ressources pour engager des changements durables, et combiner la pleine pr\u00e9sence dans le moment pr\u00e9sent avec la capacit\u00e9 d&rsquo;attirer la richesse de la vie vers vous.<\/p>\n","protected":false},"excerpt":{"rendered":"<p>Guide pour changer sa vie : \u00e9quilibre \u00e9motionnel, relationnel, ressources, bonheur quotidien, pr\u00e9sence, attirer la richesse.<\/p>\n","protected":false},"featured_media":15955,"comment_status":"open","ping_status":"closed","template":"","meta":{"inline_featured_image":false},"product_cat":[204,91],"product_tag":[],"class_list":{"0":"post-15951","1":"product","2":"type-product","3":"status-publish","4":"has-post-thumbnail","6":"product_cat-francais","7":"product_cat-developpement","8":"pa_auteurs-christine-marsan","10":"first","11":"instock","12":"shipping-taxable","13":"purchasable","14":"product-type-simple"},"_links":{"self":[{"href":"https:\/\/baralivres.ma\/index.php?rest_route=\/wp\/v2\/product\/15951","targetHints":{"allow":["GET"]}}],"collection":[{"href":"https:\/\/baralivres.ma\/index.php?rest_route=\/wp\/v2\/product"}],"about":[{"href":"https:\/\/baralivres.ma\/index.php?rest_route=\/wp\/v2\/types\/product"}],"replies":[{"embeddable":true,"href":"https:\/\/baralivres.ma\/index.php?rest_route=%2Fwp%2Fv2%2Fcomments&post=15951"}],"version-history":[{"count":1,"href":"https:\/\/baralivres.ma\/index.php?rest_route=\/wp\/v2\/product\/15951\/revisions"}],"predecessor-version":[{"id":15956,"href":"https:\/\/baralivres.ma\/index.php?rest_route=\/wp\/v2\/product\/15951\/revisions\/15956"}],"wp:featuredmedia":[{"embeddable":true,"href":"https:\/\/baralivres.ma\/index.php?rest_route=\/wp\/v2\/media\/15955"}],"wp:attachment":[{"href":"https:\/\/baralivres.ma\/index.php?rest_route=%2Fwp%2Fv2%2Fmedia&parent=15951"}],"wp:term":[{"taxonomy":"product_cat","embeddable":true,"href":"https:\/\/baralivres.ma\/index.php?rest_route=%2Fwp%2Fv2%2Fproduct_cat&post=15951"},{"taxonomy":"product_tag","embeddable":true,"href":"https:\/\/baralivres.ma\/index.php?rest_route=%2Fwp%2Fv2%2Fproduct_tag&post=15951"}],"curies":[{"name":"wp","href":"https:\/\/api.w.org\/{rel}","templated":true}]}}