{"id":15948,"date":"2023-10-30T14:26:05","date_gmt":"2023-10-30T13:26:05","guid":{"rendered":"https:\/\/baralivres.ma\/?post_type=product&#038;p=15948"},"modified":"2023-10-30T14:26:05","modified_gmt":"2023-10-30T13:26:05","slug":"cannibale","status":"publish","type":"product","link":"https:\/\/baralivres.ma\/?product=cannibale","title":{"rendered":"Cannibale"},"content":{"rendered":"<p>En 1931, juste avant l&rsquo;ouverture officielle de l&rsquo;Exposition Coloniale \u00e0 Paris, un \u00e9v\u00e9nement tragique survient : tous les crocodiles du marigot meurent subitement, probablement empoisonn\u00e9s ou affect\u00e9s par une alimentation inad\u00e9quate. Pour rem\u00e9dier \u00e0 cette catastrophe, les organisateurs n\u00e9gocient une solution inhabituelle. Le cirque H\u00f6ffner de Francfort-sur-le-Main, cherchant \u00e0 susciter un nouvel int\u00e9r\u00eat chez le public allemand, propose de pr\u00eater ses propres crocodiles en \u00e9change d&rsquo;un nombre \u00e9quivalent de personnes originaires de la Nouvelle-Cal\u00e9donie, appel\u00e9es Canaques.<\/p>\n<p>Malgr\u00e9 le terme p\u00e9joratif utilis\u00e9 \u00e0 l&rsquo;\u00e9poque pour d\u00e9signer les habitants de la Nouvelle-Cal\u00e9donie, un accord est conclu pour exp\u00e9dier ces individus. Inspir\u00e9 par cet \u00e9v\u00e9nement authentique, le r\u00e9cit se d\u00e9roule dans le contexte du Paris des ann\u00e9es trente, mettant en lumi\u00e8re les mentalit\u00e9s de l&rsquo;\u00e9poque et l&rsquo;atmosph\u00e8re singuli\u00e8re de l&rsquo;Exposition Coloniale. Tout en faisant r\u00e9f\u00e9rence \u00e0 cet \u00e9v\u00e9nement, l&rsquo;histoire offre une perspective sur les soul\u00e8vements qui ont eu lieu en Nouvelle-Cal\u00e9donie une cinquantaine d&rsquo;ann\u00e9es plus tard.<\/p>\n","protected":false},"excerpt":{"rendered":"<p>Expo coloniale Paris 1931 : crocodiles morts, \u00e9change controvers\u00e9 Canaques-Allemagne, inspirant r\u00e9cit historique.<\/p>\n","protected":false},"featured_media":15952,"comment_status":"open","ping_status":"closed","template":"","meta":{"inline_featured_image":false},"product_cat":[204,143],"product_tag":[],"class_list":{"0":"post-15948","1":"product","2":"type-product","3":"status-publish","4":"has-post-thumbnail","6":"product_cat-francais","7":"product_cat-roman","8":"pa_auteurs-didier-daeninckx","10":"first","11":"instock","12":"shipping-taxable","13":"purchasable","14":"product-type-simple"},"_links":{"self":[{"href":"https:\/\/baralivres.ma\/index.php?rest_route=\/wp\/v2\/product\/15948","targetHints":{"allow":["GET"]}}],"collection":[{"href":"https:\/\/baralivres.ma\/index.php?rest_route=\/wp\/v2\/product"}],"about":[{"href":"https:\/\/baralivres.ma\/index.php?rest_route=\/wp\/v2\/types\/product"}],"replies":[{"embeddable":true,"href":"https:\/\/baralivres.ma\/index.php?rest_route=%2Fwp%2Fv2%2Fcomments&post=15948"}],"version-history":[{"count":1,"href":"https:\/\/baralivres.ma\/index.php?rest_route=\/wp\/v2\/product\/15948\/revisions"}],"predecessor-version":[{"id":15953,"href":"https:\/\/baralivres.ma\/index.php?rest_route=\/wp\/v2\/product\/15948\/revisions\/15953"}],"wp:featuredmedia":[{"embeddable":true,"href":"https:\/\/baralivres.ma\/index.php?rest_route=\/wp\/v2\/media\/15952"}],"wp:attachment":[{"href":"https:\/\/baralivres.ma\/index.php?rest_route=%2Fwp%2Fv2%2Fmedia&parent=15948"}],"wp:term":[{"taxonomy":"product_cat","embeddable":true,"href":"https:\/\/baralivres.ma\/index.php?rest_route=%2Fwp%2Fv2%2Fproduct_cat&post=15948"},{"taxonomy":"product_tag","embeddable":true,"href":"https:\/\/baralivres.ma\/index.php?rest_route=%2Fwp%2Fv2%2Fproduct_tag&post=15948"}],"curies":[{"name":"wp","href":"https:\/\/api.w.org\/{rel}","templated":true}]}}