{"id":15944,"date":"2023-10-30T14:22:15","date_gmt":"2023-10-30T13:22:15","guid":{"rendered":"https:\/\/baralivres.ma\/?post_type=product&#038;p=15944"},"modified":"2023-10-30T14:22:15","modified_gmt":"2023-10-30T13:22:15","slug":"couleurs-de-ladieu","status":"publish","type":"product","link":"https:\/\/baralivres.ma\/?product=couleurs-de-ladieu","title":{"rendered":"Couleurs de l&rsquo;adieu"},"content":{"rendered":"<p>\u00ab\u00a0Observant son expression d\u00e9termin\u00e9e et triomphante, j&rsquo;ai capt\u00e9 l&rsquo;apr\u00e8s d&rsquo;une conqu\u00eate. Mais quelle victoire ? Avait-elle enfin obtenu le dossier de son p\u00e8re ? \u00c9tait-ce enfin le statut de fille d&rsquo;une victime ? Quelle vengeance cherchait-elle ? Et pourquoi ressentait-elle une telle joie \u00e0 m&rsquo;avoir dup\u00e9, \u00e0 m&rsquo;avoir manipul\u00e9 ?\u00a0\u00bb<\/p>\n<p>\u00ab\u00a0Les teintes de l&rsquo;adieu \u00e9voquent ces moments teint\u00e9s de remords ou de m\u00e9lancolie. \u00c0 travers neuf r\u00e9cits, les personnages de ce livre se rem\u00e9morent un moment irr\u00e9versible de leur vie : un choix subi plut\u00f4t qu&rsquo;assum\u00e9, un regret laissant un vide b\u00e9ant, ou un geste scellant un destin.\u00a0\u00bb<\/p>\n","protected":false},"excerpt":{"rendered":"<p>Regrets, choix in\u00e9vitables et gestes marquants d\u00e9finissent neuf r\u00e9cits r\u00e9v\u00e9lateurs de vies alt\u00e9r\u00e9es.<\/p>\n","protected":false},"featured_media":15945,"comment_status":"open","ping_status":"closed","template":"","meta":{"inline_featured_image":false},"product_cat":[204,143],"product_tag":[],"class_list":{"0":"post-15944","1":"product","2":"type-product","3":"status-publish","4":"has-post-thumbnail","6":"product_cat-francais","7":"product_cat-roman","8":"pa_auteurs-bernhard-schlink","10":"first","11":"instock","12":"shipping-taxable","13":"purchasable","14":"product-type-simple"},"_links":{"self":[{"href":"https:\/\/baralivres.ma\/index.php?rest_route=\/wp\/v2\/product\/15944","targetHints":{"allow":["GET"]}}],"collection":[{"href":"https:\/\/baralivres.ma\/index.php?rest_route=\/wp\/v2\/product"}],"about":[{"href":"https:\/\/baralivres.ma\/index.php?rest_route=\/wp\/v2\/types\/product"}],"replies":[{"embeddable":true,"href":"https:\/\/baralivres.ma\/index.php?rest_route=%2Fwp%2Fv2%2Fcomments&post=15944"}],"version-history":[{"count":1,"href":"https:\/\/baralivres.ma\/index.php?rest_route=\/wp\/v2\/product\/15944\/revisions"}],"predecessor-version":[{"id":15946,"href":"https:\/\/baralivres.ma\/index.php?rest_route=\/wp\/v2\/product\/15944\/revisions\/15946"}],"wp:featuredmedia":[{"embeddable":true,"href":"https:\/\/baralivres.ma\/index.php?rest_route=\/wp\/v2\/media\/15945"}],"wp:attachment":[{"href":"https:\/\/baralivres.ma\/index.php?rest_route=%2Fwp%2Fv2%2Fmedia&parent=15944"}],"wp:term":[{"taxonomy":"product_cat","embeddable":true,"href":"https:\/\/baralivres.ma\/index.php?rest_route=%2Fwp%2Fv2%2Fproduct_cat&post=15944"},{"taxonomy":"product_tag","embeddable":true,"href":"https:\/\/baralivres.ma\/index.php?rest_route=%2Fwp%2Fv2%2Fproduct_tag&post=15944"}],"curies":[{"name":"wp","href":"https:\/\/api.w.org\/{rel}","templated":true}]}}