{"id":15941,"date":"2023-10-30T14:23:17","date_gmt":"2023-10-30T13:23:17","guid":{"rendered":"https:\/\/baralivres.ma\/?post_type=product&#038;p=15941"},"modified":"2024-03-14T15:21:01","modified_gmt":"2024-03-14T14:21:01","slug":"side-business","status":"publish","type":"product","link":"https:\/\/baralivres.ma\/?product=side-business","title":{"rendered":"SIDE BUSINESS"},"content":{"rendered":"<div class=\"group w-full text-token-text-primary border-b border-black\/10 gizmo:border-0 dark:border-gray-900\/50 gizmo:dark:border-0 bg-gray-50 gizmo:bg-transparent dark:bg-[#444654] gizmo:dark:bg-transparent\" data-testid=\"conversation-turn-3\">\n<div class=\"p-4 gizmo:py-2 justify-center text-base md:gap-6 md:py-6 m-auto\">\n<div class=\"flex flex-1 gap-4 text-base mx-auto md:gap-6 gizmo:gap-3 gizmo:md:px-5 gizmo:lg:px-1 gizmo:xl:px-5 md:max-w-2xl lg:max-w-[38rem] gizmo:md:max-w-3xl gizmo:lg:max-w-[40rem] gizmo:xl:max-w-[48rem] xl:max-w-3xl }\">\n<div class=\"relative flex w-[calc(100%-50px)] flex-col gizmo:w-full lg:w-[calc(100%-115px)] agent-turn\">\n<div class=\"flex-col gap-1 md:gap-3\">\n<div class=\"flex flex-grow flex-col gap-3 max-w-full\">\n<div class=\"min-h-[20px] flex flex-col items-start gap-3 whitespace-pre-wrap break-words overflow-x-auto\" data-message-author-role=\"assistant\" data-message-id=\"9168f7fd-7901-4dfa-bf46-a9b699232b02\">\n<div class=\"markdown prose w-full break-words dark:prose-invert light\">\n<p>\u00ab\u00a0Cr\u00e9er une source de revenus compl\u00e9mentaires en moins d&rsquo;un mois ! Pour certains, abandonner tout pour se lancer dans l&rsquo;entrepreneuriat ou vivre de leur passion est excitante. Pour d&rsquo;autres, c&rsquo;est une perspective effrayante. Et si vous pouviez d\u00e9velopper une activit\u00e9 lucrative sans sacrifier votre emploi actuel ? Chris Guillebeau vous propose un guide complet pour vous lancer en seulement 27 jours :<\/p>\n<ul>\n<li>La premi\u00e8re semaine consiste<\/li>\n<li>La deuxi\u00e8me semaine est d\u00e9di\u00e9e \u00e0 la s\u00e9lection de la meilleure id\u00e9e<\/li>\n<li>La troisi\u00e8me semaine implique la pr\u00e9paration du lancement, la gestion des aspects administratifs et juridiques, ainsi que le d\u00e9veloppement de votre pr\u00e9sence sur les<\/li>\n<li>Enfin, la quatri\u00e8me semaine marque le moment de lancer votre produit !<\/li>\n<\/ul>\n<p>Chris Guideau, un entrepreneur chevronn\u00e9 et auteur \u00e0 succ\u00e8s du New York Times, est \u00e0 l&rsquo;origine du podcast Sid\u00e9\u00a0Haust<\/p>\n<\/div>\n<\/div>\n<\/div>\n<\/div>\n<\/div>\n<\/div>\n<\/div>\n<\/div>\n","protected":false},"excerpt":{"rendered":"<p>\u00ab\u00a0Chris Guillebeau guide vers une activit\u00e9 lucrative en 27 jours, sans quitter son emploi actuel.\u00a0\u00bb<\/p>\n","protected":false},"featured_media":15947,"comment_status":"open","ping_status":"closed","template":"","meta":{"inline_featured_image":false},"product_cat":[204,3677,91],"product_tag":[],"class_list":{"0":"post-15941","1":"product","2":"type-product","3":"status-publish","4":"has-post-thumbnail","6":"product_cat-francais","7":"product_cat-les-livres-pour-business","8":"product_cat-developpement","9":"pa_auteurs-chris-guillebeau","11":"first","12":"instock","13":"shipping-taxable","14":"purchasable","15":"product-type-simple"},"_links":{"self":[{"href":"https:\/\/baralivres.ma\/index.php?rest_route=\/wp\/v2\/product\/15941","targetHints":{"allow":["GET"]}}],"collection":[{"href":"https:\/\/baralivres.ma\/index.php?rest_route=\/wp\/v2\/product"}],"about":[{"href":"https:\/\/baralivres.ma\/index.php?rest_route=\/wp\/v2\/types\/product"}],"replies":[{"embeddable":true,"href":"https:\/\/baralivres.ma\/index.php?rest_route=%2Fwp%2Fv2%2Fcomments&post=15941"}],"version-history":[{"count":1,"href":"https:\/\/baralivres.ma\/index.php?rest_route=\/wp\/v2\/product\/15941\/revisions"}],"predecessor-version":[{"id":15949,"href":"https:\/\/baralivres.ma\/index.php?rest_route=\/wp\/v2\/product\/15941\/revisions\/15949"}],"wp:featuredmedia":[{"embeddable":true,"href":"https:\/\/baralivres.ma\/index.php?rest_route=\/wp\/v2\/media\/15947"}],"wp:attachment":[{"href":"https:\/\/baralivres.ma\/index.php?rest_route=%2Fwp%2Fv2%2Fmedia&parent=15941"}],"wp:term":[{"taxonomy":"product_cat","embeddable":true,"href":"https:\/\/baralivres.ma\/index.php?rest_route=%2Fwp%2Fv2%2Fproduct_cat&post=15941"},{"taxonomy":"product_tag","embeddable":true,"href":"https:\/\/baralivres.ma\/index.php?rest_route=%2Fwp%2Fv2%2Fproduct_tag&post=15941"}],"curies":[{"name":"wp","href":"https:\/\/api.w.org\/{rel}","templated":true}]}}