{"id":15940,"date":"2023-10-30T14:18:03","date_gmt":"2023-10-30T13:18:03","guid":{"rendered":"https:\/\/baralivres.ma\/?post_type=product&#038;p=15940"},"modified":"2023-10-30T14:18:03","modified_gmt":"2023-10-30T13:18:03","slug":"lhomme-en-rouge","status":"publish","type":"product","link":"https:\/\/baralivres.ma\/?product=lhomme-en-rouge","title":{"rendered":"L&rsquo;homme en rouge"},"content":{"rendered":"<p>Dans le Paris de la fin du XIXe si\u00e8cle, l&rsquo;\u00e9minent m\u00e9decin Samuel Pozzi, au sommet de sa renomm\u00e9e lorsqu&rsquo;il est immortalis\u00e9 par John Singer Sargent en 1881, repr\u00e9sente l&rsquo;apog\u00e9e de la m\u00e9decine et de la gyn\u00e9cologie. Il est pris\u00e9 par les femmes de la haute soci\u00e9t\u00e9, nombre d&rsquo;entre elles, telles que Sarah Bernhardt, \u00e9tant \u00e9galement ses compagnes. Sa vie priv\u00e9e, souvent tumultueuse, et sa brillante carri\u00e8re professionnelle d\u00e9peignent un tableau vivant de la Belle \u00c9poque. Cependant, derri\u00e8re cette image embl\u00e9matique de tranquillit\u00e9 et de plaisirs, se cache une facette plus obscure : une p\u00e9riode rong\u00e9e par l&rsquo;instabilit\u00e9 politique, les crimes et les scandales.<\/p>\n","protected":false},"excerpt":{"rendered":"<p>Paris, fin XIXe si\u00e8cle : Dr. Pozzi, figure m\u00e9dicale pris\u00e9e, illumine une Belle \u00c9poque trouble.<\/p>\n","protected":false},"featured_media":15942,"comment_status":"open","ping_status":"closed","template":"","meta":{"inline_featured_image":false},"product_cat":[204,143],"product_tag":[],"class_list":{"0":"post-15940","1":"product","2":"type-product","3":"status-publish","4":"has-post-thumbnail","6":"product_cat-francais","7":"product_cat-roman","8":"pa_auteurs-julian-barnes","10":"first","11":"instock","12":"shipping-taxable","13":"purchasable","14":"product-type-simple"},"_links":{"self":[{"href":"https:\/\/baralivres.ma\/index.php?rest_route=\/wp\/v2\/product\/15940","targetHints":{"allow":["GET"]}}],"collection":[{"href":"https:\/\/baralivres.ma\/index.php?rest_route=\/wp\/v2\/product"}],"about":[{"href":"https:\/\/baralivres.ma\/index.php?rest_route=\/wp\/v2\/types\/product"}],"replies":[{"embeddable":true,"href":"https:\/\/baralivres.ma\/index.php?rest_route=%2Fwp%2Fv2%2Fcomments&post=15940"}],"version-history":[{"count":1,"href":"https:\/\/baralivres.ma\/index.php?rest_route=\/wp\/v2\/product\/15940\/revisions"}],"predecessor-version":[{"id":15943,"href":"https:\/\/baralivres.ma\/index.php?rest_route=\/wp\/v2\/product\/15940\/revisions\/15943"}],"wp:featuredmedia":[{"embeddable":true,"href":"https:\/\/baralivres.ma\/index.php?rest_route=\/wp\/v2\/media\/15942"}],"wp:attachment":[{"href":"https:\/\/baralivres.ma\/index.php?rest_route=%2Fwp%2Fv2%2Fmedia&parent=15940"}],"wp:term":[{"taxonomy":"product_cat","embeddable":true,"href":"https:\/\/baralivres.ma\/index.php?rest_route=%2Fwp%2Fv2%2Fproduct_cat&post=15940"},{"taxonomy":"product_tag","embeddable":true,"href":"https:\/\/baralivres.ma\/index.php?rest_route=%2Fwp%2Fv2%2Fproduct_tag&post=15940"}],"curies":[{"name":"wp","href":"https:\/\/api.w.org\/{rel}","templated":true}]}}