{"id":15935,"date":"2023-10-30T14:12:39","date_gmt":"2023-10-30T13:12:39","guid":{"rendered":"https:\/\/baralivres.ma\/?post_type=product&#038;p=15935"},"modified":"2023-10-30T14:12:40","modified_gmt":"2023-10-30T13:12:40","slug":"aupres-de-moi-toujours","status":"publish","type":"product","link":"https:\/\/baralivres.ma\/?product=aupres-de-moi-toujours","title":{"rendered":"Aupr\u00e8s de moi toujours"},"content":{"rendered":"<p>Kath, Ruth et Tommy ont fr\u00e9quent\u00e9 Hailsham dans les ann\u00e9es 1990, une \u00e9cole idyllique situ\u00e9e dans la campagne anglaise. Les enfants y \u00e9taient \u00e9duqu\u00e9s dans l&rsquo;id\u00e9e que leur bien-\u00eatre individuel \u00e9tait crucial pour la soci\u00e9t\u00e9. Cependant, la raison pour laquelle ils ont \u00e9t\u00e9 rassembl\u00e9s l\u00e0-bas demeure myst\u00e9rieuse. Des ann\u00e9es plus tard, Kath cherche \u00e0 donner un sens \u00e0 leur pass\u00e9 commun. Avec Ruth et Tommy, elle r\u00e9alise que malgr\u00e9 leur enfance en apparence heureuse, des ombres du pass\u00e9 continuent de hanter leur vie adulte.<\/p>\n<p>Dans ce roman de Kazuo Ishiguro, l&rsquo;auteur aborde des th\u00e8mes profonds tels que la perte de l&rsquo;innocence, l&rsquo;importance de la m\u00e9moire et la valeur que nous accordons aux autres. Ce r\u00e9cit d&rsquo;anticipation d\u00e9crit une histoire d&rsquo;humanit\u00e9 et d&rsquo;amour dans l&rsquo;Angleterre contemporaine. Pr\u00e9sent\u00e9 comme un futur classique, ce livre explore les fragilit\u00e9s de nos vies.<\/p>\n","protected":false},"excerpt":{"rendered":"<p>Enfance \u00e0 Hailsham hante adultes Kath, Ruth, Tommy; Ishiguro explore m\u00e9moire, humanit\u00e9, et amour.<\/p>\n","protected":false},"featured_media":15937,"comment_status":"open","ping_status":"closed","template":"","meta":{"inline_featured_image":false},"product_cat":[204,143],"product_tag":[],"class_list":{"0":"post-15935","1":"product","2":"type-product","3":"status-publish","4":"has-post-thumbnail","6":"product_cat-francais","7":"product_cat-roman","9":"first","10":"instock","11":"shipping-taxable","12":"purchasable","13":"product-type-simple"},"_links":{"self":[{"href":"https:\/\/baralivres.ma\/index.php?rest_route=\/wp\/v2\/product\/15935","targetHints":{"allow":["GET"]}}],"collection":[{"href":"https:\/\/baralivres.ma\/index.php?rest_route=\/wp\/v2\/product"}],"about":[{"href":"https:\/\/baralivres.ma\/index.php?rest_route=\/wp\/v2\/types\/product"}],"replies":[{"embeddable":true,"href":"https:\/\/baralivres.ma\/index.php?rest_route=%2Fwp%2Fv2%2Fcomments&post=15935"}],"version-history":[{"count":1,"href":"https:\/\/baralivres.ma\/index.php?rest_route=\/wp\/v2\/product\/15935\/revisions"}],"predecessor-version":[{"id":15938,"href":"https:\/\/baralivres.ma\/index.php?rest_route=\/wp\/v2\/product\/15935\/revisions\/15938"}],"wp:featuredmedia":[{"embeddable":true,"href":"https:\/\/baralivres.ma\/index.php?rest_route=\/wp\/v2\/media\/15937"}],"wp:attachment":[{"href":"https:\/\/baralivres.ma\/index.php?rest_route=%2Fwp%2Fv2%2Fmedia&parent=15935"}],"wp:term":[{"taxonomy":"product_cat","embeddable":true,"href":"https:\/\/baralivres.ma\/index.php?rest_route=%2Fwp%2Fv2%2Fproduct_cat&post=15935"},{"taxonomy":"product_tag","embeddable":true,"href":"https:\/\/baralivres.ma\/index.php?rest_route=%2Fwp%2Fv2%2Fproduct_tag&post=15935"}],"curies":[{"name":"wp","href":"https:\/\/api.w.org\/{rel}","templated":true}]}}