{"id":15927,"date":"2023-10-30T13:01:13","date_gmt":"2023-10-30T12:01:13","guid":{"rendered":"https:\/\/baralivres.ma\/?post_type=product&#038;p=15927"},"modified":"2023-12-18T14:52:26","modified_gmt":"2023-12-18T13:52:26","slug":"n57-le-bonheur-ca-sapprend","status":"publish","type":"product","link":"https:\/\/baralivres.ma\/?product=n57-le-bonheur-ca-sapprend","title":{"rendered":"Le bonheur, \u00e7a s&rsquo;apprend"},"content":{"rendered":"<p>Tout le monde aspire au bonheur, une qu\u00eate int\u00e9rieure qui ne peut \u00eatre achet\u00e9e et qui \u00e9chappe au mod\u00e8le de la soci\u00e9t\u00e9 actuelle. Bien que le bonheur soit un \u00e9tat int\u00e9rieur, il existe quelques r\u00e8gles simples pour le comprendre et le construire. L&rsquo;essentiel r\u00e9side dans leur mise en pratique au quotidien et dans l&rsquo;exp\u00e9rience personnelle. C&rsquo;est pourquoi ce livre est bref et direct, privil\u00e9giant le c\u0153ur plut\u00f4t que l&rsquo;intellect, afin de vous donner les outils pour avancer dans votre recherche du bonheur.<\/p>\n","protected":false},"excerpt":{"rendered":"<p>Le bonheur est une qu\u00eate int\u00e9rieure, guid\u00e9e par quelques r\u00e8gles simples, privil\u00e9giant l&rsquo;exp\u00e9rience personnelle.<\/p>\n","protected":false},"featured_media":15931,"comment_status":"open","ping_status":"closed","template":"","meta":{"inline_featured_image":false},"product_cat":[204,91],"product_tag":[],"class_list":{"0":"post-15927","1":"product","2":"type-product","3":"status-publish","4":"has-post-thumbnail","6":"product_cat-francais","7":"product_cat-developpement","8":"pa_auteurs-pierre-pradervand","10":"first","11":"instock","12":"shipping-taxable","13":"purchasable","14":"product-type-simple"},"_links":{"self":[{"href":"https:\/\/baralivres.ma\/index.php?rest_route=\/wp\/v2\/product\/15927","targetHints":{"allow":["GET"]}}],"collection":[{"href":"https:\/\/baralivres.ma\/index.php?rest_route=\/wp\/v2\/product"}],"about":[{"href":"https:\/\/baralivres.ma\/index.php?rest_route=\/wp\/v2\/types\/product"}],"replies":[{"embeddable":true,"href":"https:\/\/baralivres.ma\/index.php?rest_route=%2Fwp%2Fv2%2Fcomments&post=15927"}],"version-history":[{"count":2,"href":"https:\/\/baralivres.ma\/index.php?rest_route=\/wp\/v2\/product\/15927\/revisions"}],"predecessor-version":[{"id":20643,"href":"https:\/\/baralivres.ma\/index.php?rest_route=\/wp\/v2\/product\/15927\/revisions\/20643"}],"wp:featuredmedia":[{"embeddable":true,"href":"https:\/\/baralivres.ma\/index.php?rest_route=\/wp\/v2\/media\/15931"}],"wp:attachment":[{"href":"https:\/\/baralivres.ma\/index.php?rest_route=%2Fwp%2Fv2%2Fmedia&parent=15927"}],"wp:term":[{"taxonomy":"product_cat","embeddable":true,"href":"https:\/\/baralivres.ma\/index.php?rest_route=%2Fwp%2Fv2%2Fproduct_cat&post=15927"},{"taxonomy":"product_tag","embeddable":true,"href":"https:\/\/baralivres.ma\/index.php?rest_route=%2Fwp%2Fv2%2Fproduct_tag&post=15927"}],"curies":[{"name":"wp","href":"https:\/\/api.w.org\/{rel}","templated":true}]}}