{"id":15924,"date":"2023-10-30T13:00:05","date_gmt":"2023-10-30T12:00:05","guid":{"rendered":"https:\/\/baralivres.ma\/?post_type=product&#038;p=15924"},"modified":"2023-10-30T13:00:06","modified_gmt":"2023-10-30T12:00:06","slug":"notre-dame-du-nil","status":"publish","type":"product","link":"https:\/\/baralivres.ma\/?product=notre-dame-du-nil","title":{"rendered":"Notre-Dame du Nil"},"content":{"rendered":"<p>\u00ab\u00a0Le lyc\u00e9e Notre-Dame du Nil est proclam\u00e9 comme \u00e9tant le meilleur, perch\u00e9 \u00e0 une altitude in\u00e9gal\u00e9e de 2 500 m\u00e8tres, du moins selon les professeurs blancs. Cependant, la pr\u00e9cision de 2 493 m\u00e8tres, corrig\u00e9e par S\u0153ur Lydwine, professeure de g\u00e9ographie, est soulign\u00e9e. \u00ab\u00a0Nous sommes si proches du ciel\u00a0\u00bb, murmure la m\u00e8re sup\u00e9rieure, joignant les mains. Au Rwanda, dans les ann\u00e9es 1970, ce lyc\u00e9e situ\u00e9 pr\u00e8s des sources du grand fleuve \u00e9gyptien abrite de jeunes filles en pleine \u00e9panouissement, destin\u00e9es \u00e0 devenir d&rsquo;excellentes \u00e9pouses, m\u00e8res et chr\u00e9tiennes. Mais sous cette apparente s\u00e9r\u00e9nit\u00e9, se cache une profonde haine raciale. Un quota \u00ab\u00a0ethnique\u00a0\u00bb limite \u00e0 10 % le nombre d&rsquo;\u00e9l\u00e8ves tutsi, entra\u00eenant des pers\u00e9cutions croissantes, alors que les agents du pouvoir se rapprochent. Scholastique Mukasonga, survivante du massacre des Tutsi, pr\u00e9sente une \u0153uvre bouleversante o\u00f9 de jeunes adolescentes tentent d\u00e9sesp\u00e9r\u00e9ment d&rsquo;\u00e9chapper \u00e0 une Histoire monstrueuse, les mains nues et les c\u0153urs tremblants.\u00a0\u00bb<\/p>\n","protected":false},"excerpt":{"rendered":"<p>Lyc\u00e9e Notre-Dame du Nil : tensions ethniques, jeunes filles tutsi tentent \u00e9chapper massacre monstrueux.<\/p>\n","protected":false},"featured_media":15928,"comment_status":"open","ping_status":"closed","template":"","meta":{"inline_featured_image":false},"product_cat":[204,143],"product_tag":[],"class_list":{"0":"post-15924","1":"product","2":"type-product","3":"status-publish","4":"has-post-thumbnail","6":"product_cat-francais","7":"product_cat-roman","8":"pa_auteurs-scholastique-mukasonga","10":"first","11":"instock","12":"shipping-taxable","13":"purchasable","14":"product-type-simple"},"_links":{"self":[{"href":"https:\/\/baralivres.ma\/index.php?rest_route=\/wp\/v2\/product\/15924","targetHints":{"allow":["GET"]}}],"collection":[{"href":"https:\/\/baralivres.ma\/index.php?rest_route=\/wp\/v2\/product"}],"about":[{"href":"https:\/\/baralivres.ma\/index.php?rest_route=\/wp\/v2\/types\/product"}],"replies":[{"embeddable":true,"href":"https:\/\/baralivres.ma\/index.php?rest_route=%2Fwp%2Fv2%2Fcomments&post=15924"}],"version-history":[{"count":1,"href":"https:\/\/baralivres.ma\/index.php?rest_route=\/wp\/v2\/product\/15924\/revisions"}],"predecessor-version":[{"id":15929,"href":"https:\/\/baralivres.ma\/index.php?rest_route=\/wp\/v2\/product\/15924\/revisions\/15929"}],"wp:featuredmedia":[{"embeddable":true,"href":"https:\/\/baralivres.ma\/index.php?rest_route=\/wp\/v2\/media\/15928"}],"wp:attachment":[{"href":"https:\/\/baralivres.ma\/index.php?rest_route=%2Fwp%2Fv2%2Fmedia&parent=15924"}],"wp:term":[{"taxonomy":"product_cat","embeddable":true,"href":"https:\/\/baralivres.ma\/index.php?rest_route=%2Fwp%2Fv2%2Fproduct_cat&post=15924"},{"taxonomy":"product_tag","embeddable":true,"href":"https:\/\/baralivres.ma\/index.php?rest_route=%2Fwp%2Fv2%2Fproduct_tag&post=15924"}],"curies":[{"name":"wp","href":"https:\/\/api.w.org\/{rel}","templated":true}]}}