{"id":15918,"date":"2023-10-30T12:55:56","date_gmt":"2023-10-30T11:55:56","guid":{"rendered":"https:\/\/baralivres.ma\/?post_type=product&#038;p=15918"},"modified":"2023-12-18T14:57:28","modified_gmt":"2023-12-18T13:57:28","slug":"oser-parler-en-public","status":"publish","type":"product","link":"https:\/\/baralivres.ma\/?product=oser-parler-en-public","title":{"rendered":"Oser parler en public"},"content":{"rendered":"<p>Les occasions de s&rsquo;exprimer en public, que ce soit lors d&rsquo;entretiens d&#8217;embauche, de r\u00e9unions ou de d\u00e9bats, sont nombreuses, mais si ce n&rsquo;est pas votre point fort et que vous souhaitez vous am\u00e9liorer, il est essentiel de retrouver confiance en vous, perfectionner votre expression orale, et comprendre les bases d&rsquo;une communication efficace. Marie-France Muller partage des astuces essentielles pour bien g\u00e9rer la prise de parole en public, notamment en contr\u00f4lant vos \u00e9motions, en cr\u00e9ant une image mentale positive de la situation, en ma\u00eetrisant votre voix et en utilisant correctement le langage corporel. Avec ces conseils, vous pourrez dire adieu au trac et \u00e0 l&rsquo;appr\u00e9hension, et vous pr\u00e9parerez \u00e0 des prises de parole couronn\u00e9es de succ\u00e8s !<\/p>\n","protected":false},"excerpt":{"rendered":"<p>Gagner confiance, s&rsquo;exprimer clairement et ma\u00eetriser la communication en public gr\u00e2ce aux astuces de Marie-France Muller.<\/p>\n","protected":false},"featured_media":15921,"comment_status":"open","ping_status":"closed","template":"","meta":{"inline_featured_image":false},"product_cat":[204,91],"product_tag":[],"class_list":{"0":"post-15918","1":"product","2":"type-product","3":"status-publish","4":"has-post-thumbnail","6":"product_cat-francais","7":"product_cat-developpement","8":"pa_auteurs-marie-france-muller","10":"first","11":"instock","12":"shipping-taxable","13":"purchasable","14":"product-type-simple"},"_links":{"self":[{"href":"https:\/\/baralivres.ma\/index.php?rest_route=\/wp\/v2\/product\/15918","targetHints":{"allow":["GET"]}}],"collection":[{"href":"https:\/\/baralivres.ma\/index.php?rest_route=\/wp\/v2\/product"}],"about":[{"href":"https:\/\/baralivres.ma\/index.php?rest_route=\/wp\/v2\/types\/product"}],"replies":[{"embeddable":true,"href":"https:\/\/baralivres.ma\/index.php?rest_route=%2Fwp%2Fv2%2Fcomments&post=15918"}],"version-history":[{"count":1,"href":"https:\/\/baralivres.ma\/index.php?rest_route=\/wp\/v2\/product\/15918\/revisions"}],"predecessor-version":[{"id":15922,"href":"https:\/\/baralivres.ma\/index.php?rest_route=\/wp\/v2\/product\/15918\/revisions\/15922"}],"wp:featuredmedia":[{"embeddable":true,"href":"https:\/\/baralivres.ma\/index.php?rest_route=\/wp\/v2\/media\/15921"}],"wp:attachment":[{"href":"https:\/\/baralivres.ma\/index.php?rest_route=%2Fwp%2Fv2%2Fmedia&parent=15918"}],"wp:term":[{"taxonomy":"product_cat","embeddable":true,"href":"https:\/\/baralivres.ma\/index.php?rest_route=%2Fwp%2Fv2%2Fproduct_cat&post=15918"},{"taxonomy":"product_tag","embeddable":true,"href":"https:\/\/baralivres.ma\/index.php?rest_route=%2Fwp%2Fv2%2Fproduct_tag&post=15918"}],"curies":[{"name":"wp","href":"https:\/\/api.w.org\/{rel}","templated":true}]}}