{"id":15915,"date":"2023-10-30T12:55:33","date_gmt":"2023-10-30T11:55:33","guid":{"rendered":"https:\/\/baralivres.ma\/?post_type=product&#038;p=15915"},"modified":"2023-10-30T12:55:34","modified_gmt":"2023-10-30T11:55:34","slug":"limonov","status":"publish","type":"product","link":"https:\/\/baralivres.ma\/?product=limonov","title":{"rendered":"Limonov"},"content":{"rendered":"<p>\u00ab\u00a0Limonov est bien r\u00e9el, pas un personnage fictif. Son existence est multiple : ancien voyou en Ukraine, ic\u00f4ne de l&rsquo;underground sovi\u00e9tique sous Brejnev, a v\u00e9cu dans la rue avant de devenir le domestique d&rsquo;un milliardaire \u00e0 Manhattan, \u00e9crivain en vogue \u00e0 Paris, combattant perdu dans les guerres des Balkans, et actuellement, au c\u0153ur du tumulte post-communiste en Russie, il est devenu le chef v\u00e9n\u00e9r\u00e9 d&rsquo;un parti de jeunes marginaux. Lui-m\u00eame se per\u00e7oit en h\u00e9ros, mais on peut le consid\u00e9rer autrement. Pour ma part, je retiens mon jugement. Sa vie est une aventure dangereuse et ambigu\u00eb, un v\u00e9ritable roman d&rsquo;action. Mais c&rsquo;est aussi, \u00e0 mon avis, une vie qui r\u00e9v\u00e8le quelque chose. Non seulement sur Limonov et la Russie, mais aussi sur l&rsquo;histoire de chacun d&rsquo;entre nous depuis la fin de la Seconde Guerre mondiale.\u00a0\u00bb &#8211; Emmanuel Carr\u00e8re<\/p>\n","protected":false},"excerpt":{"rendered":"<p>Limonov : voyou, rebelle, \u00e9crivain, aventurier, ambigu, charismatique, symbolique, ic\u00f4ne, histoire mondiale post-guerre.<\/p>\n","protected":false},"featured_media":15919,"comment_status":"open","ping_status":"closed","template":"","meta":{"inline_featured_image":false},"product_cat":[204,143],"product_tag":[],"class_list":{"0":"post-15915","1":"product","2":"type-product","3":"status-publish","4":"has-post-thumbnail","6":"product_cat-francais","7":"product_cat-roman","8":"pa_auteurs-emmanuel-carrere","10":"first","11":"instock","12":"shipping-taxable","13":"purchasable","14":"product-type-simple"},"_links":{"self":[{"href":"https:\/\/baralivres.ma\/index.php?rest_route=\/wp\/v2\/product\/15915","targetHints":{"allow":["GET"]}}],"collection":[{"href":"https:\/\/baralivres.ma\/index.php?rest_route=\/wp\/v2\/product"}],"about":[{"href":"https:\/\/baralivres.ma\/index.php?rest_route=\/wp\/v2\/types\/product"}],"replies":[{"embeddable":true,"href":"https:\/\/baralivres.ma\/index.php?rest_route=%2Fwp%2Fv2%2Fcomments&post=15915"}],"version-history":[{"count":1,"href":"https:\/\/baralivres.ma\/index.php?rest_route=\/wp\/v2\/product\/15915\/revisions"}],"predecessor-version":[{"id":15920,"href":"https:\/\/baralivres.ma\/index.php?rest_route=\/wp\/v2\/product\/15915\/revisions\/15920"}],"wp:featuredmedia":[{"embeddable":true,"href":"https:\/\/baralivres.ma\/index.php?rest_route=\/wp\/v2\/media\/15919"}],"wp:attachment":[{"href":"https:\/\/baralivres.ma\/index.php?rest_route=%2Fwp%2Fv2%2Fmedia&parent=15915"}],"wp:term":[{"taxonomy":"product_cat","embeddable":true,"href":"https:\/\/baralivres.ma\/index.php?rest_route=%2Fwp%2Fv2%2Fproduct_cat&post=15915"},{"taxonomy":"product_tag","embeddable":true,"href":"https:\/\/baralivres.ma\/index.php?rest_route=%2Fwp%2Fv2%2Fproduct_tag&post=15915"}],"curies":[{"name":"wp","href":"https:\/\/api.w.org\/{rel}","templated":true}]}}