{"id":15912,"date":"2023-10-30T12:53:16","date_gmt":"2023-10-30T11:53:16","guid":{"rendered":"https:\/\/baralivres.ma\/?post_type=product&#038;p=15912"},"modified":"2023-12-04T13:03:35","modified_gmt":"2023-12-04T12:03:35","slug":"lacher-prise","status":"publish","type":"product","link":"https:\/\/baralivres.ma\/?product=lacher-prise","title":{"rendered":"L\u00e2cher prise"},"content":{"rendered":"<p>Renoncer \u00e0 ce qui n&rsquo;a plus sa place dans notre vie pour embrasser l&rsquo;avenir constitue un \u00e9l\u00e9ment crucial de notre existence. Que ce soit pour se lib\u00e9rer de la d\u00e9pendance affective, surmonter des \u00e9motions n\u00e9gatives, faire face \u00e0 un deuil, changer de carri\u00e8re ou approfondir sa spiritualit\u00e9, la capacit\u00e9 de l\u00e2cher prise ouvre la voie \u00e0 de nouvelles perspectives. Ce petit livre exceptionnel explore diff\u00e9rentes approches visant \u00e0 d\u00e9finir le concept de l\u00e2cher prise, \u00e0 identifier les obstacles qui se dressent sur notre chemin, ainsi qu&rsquo;\u00e0 fournir des m\u00e9thodes pour y parvenir. Il pr\u00e9sente \u00e9galement divers rituels, notamment pour faire face aux d\u00e9fis souvent \u00e9prouvants du divorce.<\/p>\n","protected":false},"excerpt":{"rendered":"<p>Abandonner le pass\u00e9, surmonter les obstacles, \u00e9voluer vers un avenir meilleur : l&rsquo;essence du l\u00e2cher-prise.<\/p>\n","protected":false},"featured_media":15916,"comment_status":"open","ping_status":"closed","template":"","meta":{"inline_featured_image":false},"product_cat":[204,91],"product_tag":[],"class_list":{"0":"post-15912","1":"product","2":"type-product","3":"status-publish","4":"has-post-thumbnail","6":"product_cat-francais","7":"product_cat-developpement","8":"pa_auteurs-rosette-poletti","10":"first","11":"instock","12":"shipping-taxable","13":"purchasable","14":"product-type-simple"},"_links":{"self":[{"href":"https:\/\/baralivres.ma\/index.php?rest_route=\/wp\/v2\/product\/15912","targetHints":{"allow":["GET"]}}],"collection":[{"href":"https:\/\/baralivres.ma\/index.php?rest_route=\/wp\/v2\/product"}],"about":[{"href":"https:\/\/baralivres.ma\/index.php?rest_route=\/wp\/v2\/types\/product"}],"replies":[{"embeddable":true,"href":"https:\/\/baralivres.ma\/index.php?rest_route=%2Fwp%2Fv2%2Fcomments&post=15912"}],"version-history":[{"count":1,"href":"https:\/\/baralivres.ma\/index.php?rest_route=\/wp\/v2\/product\/15912\/revisions"}],"predecessor-version":[{"id":15917,"href":"https:\/\/baralivres.ma\/index.php?rest_route=\/wp\/v2\/product\/15912\/revisions\/15917"}],"wp:featuredmedia":[{"embeddable":true,"href":"https:\/\/baralivres.ma\/index.php?rest_route=\/wp\/v2\/media\/15916"}],"wp:attachment":[{"href":"https:\/\/baralivres.ma\/index.php?rest_route=%2Fwp%2Fv2%2Fmedia&parent=15912"}],"wp:term":[{"taxonomy":"product_cat","embeddable":true,"href":"https:\/\/baralivres.ma\/index.php?rest_route=%2Fwp%2Fv2%2Fproduct_cat&post=15912"},{"taxonomy":"product_tag","embeddable":true,"href":"https:\/\/baralivres.ma\/index.php?rest_route=%2Fwp%2Fv2%2Fproduct_tag&post=15912"}],"curies":[{"name":"wp","href":"https:\/\/api.w.org\/{rel}","templated":true}]}}