{"id":15907,"date":"2023-10-30T12:49:53","date_gmt":"2023-10-30T11:49:53","guid":{"rendered":"https:\/\/baralivres.ma\/?post_type=product&#038;p=15907"},"modified":"2023-12-04T13:06:57","modified_gmt":"2023-12-04T12:06:57","slug":"oser-montrer-ses-faiblesses","status":"publish","type":"product","link":"https:\/\/baralivres.ma\/?product=oser-montrer-ses-faiblesses","title":{"rendered":"Oser montrer ses faiblesses"},"content":{"rendered":"<p>Bien s\u00fbr, il est courant pour la plupart d&rsquo;entre nous de dissimuler nos vuln\u00e9rabilit\u00e9s, une pratique qui semble largement r\u00e9pandue. Mais qu&rsquo;entend-on exactement par \u00ab\u00a0faiblesse\u00a0\u00bb ? S&rsquo;agit-il d&rsquo;un concept objectif ou bien autre chose ? Comprendre nos faiblesses peut nous aider \u00e0 mieux les g\u00e9rer et \u00e0 ne pas en souffrir autant. Dans ce nouveau ouvrage, Patrice Ras, avec son habituelle efficacit\u00e9, explore diverses approches pour y parvenir, notamment la relativisation, l&rsquo;oubli, l&rsquo;acceptation, la gu\u00e9rison et, en fin de compte, la transformation positive. Il existe \u00e9galement d&rsquo;autres m\u00e9thodes que nous utilisons peut-\u00eatre d\u00e9j\u00e0 de mani\u00e8re inconsciente, ainsi que celles que nous d\u00e9couvrirons \u00e0 l&rsquo;avenir. Il est important de noter que la transcendance ne se manifeste pas n\u00e9cessairement lorsque nous d\u00e9passons notre nature humaine, mais plut\u00f4t quand nous reconnaissons notre humanit\u00e9 et nos fragilit\u00e9s, comme le soulignait Karl Friedrich Graf D\u00fcrckheim. Patrice Ras, passionn\u00e9 de psychologie avec 33 ann\u00e9es de recherche et 15 ans d&rsquo;exp\u00e9rience en enseignement, exerce en tant que professionnel ind\u00e9pendant. Il intervient fr\u00e9quemment dans les m\u00e9dias et donne des conf\u00e9rences ainsi que des formations.<\/p>\n","protected":false},"excerpt":{"rendered":"<p>Patrice Ras explore la gestion des faiblesses avec diverses approches pour une meilleure compr\u00e9hension et transformation.<\/p>\n","protected":false},"featured_media":15910,"comment_status":"open","ping_status":"closed","template":"","meta":{"inline_featured_image":false},"product_cat":[204,91],"product_tag":[],"class_list":{"0":"post-15907","1":"product","2":"type-product","3":"status-publish","4":"has-post-thumbnail","6":"product_cat-francais","7":"product_cat-developpement","8":"pa_auteurs-patrice-ras","10":"first","11":"instock","12":"shipping-taxable","13":"purchasable","14":"product-type-simple"},"_links":{"self":[{"href":"https:\/\/baralivres.ma\/index.php?rest_route=\/wp\/v2\/product\/15907","targetHints":{"allow":["GET"]}}],"collection":[{"href":"https:\/\/baralivres.ma\/index.php?rest_route=\/wp\/v2\/product"}],"about":[{"href":"https:\/\/baralivres.ma\/index.php?rest_route=\/wp\/v2\/types\/product"}],"replies":[{"embeddable":true,"href":"https:\/\/baralivres.ma\/index.php?rest_route=%2Fwp%2Fv2%2Fcomments&post=15907"}],"version-history":[{"count":1,"href":"https:\/\/baralivres.ma\/index.php?rest_route=\/wp\/v2\/product\/15907\/revisions"}],"predecessor-version":[{"id":15911,"href":"https:\/\/baralivres.ma\/index.php?rest_route=\/wp\/v2\/product\/15907\/revisions\/15911"}],"wp:featuredmedia":[{"embeddable":true,"href":"https:\/\/baralivres.ma\/index.php?rest_route=\/wp\/v2\/media\/15910"}],"wp:attachment":[{"href":"https:\/\/baralivres.ma\/index.php?rest_route=%2Fwp%2Fv2%2Fmedia&parent=15907"}],"wp:term":[{"taxonomy":"product_cat","embeddable":true,"href":"https:\/\/baralivres.ma\/index.php?rest_route=%2Fwp%2Fv2%2Fproduct_cat&post=15907"},{"taxonomy":"product_tag","embeddable":true,"href":"https:\/\/baralivres.ma\/index.php?rest_route=%2Fwp%2Fv2%2Fproduct_tag&post=15907"}],"curies":[{"name":"wp","href":"https:\/\/api.w.org\/{rel}","templated":true}]}}