{"id":15906,"date":"2023-10-30T12:51:38","date_gmt":"2023-10-30T11:51:38","guid":{"rendered":"https:\/\/baralivres.ma\/?post_type=product&#038;p=15906"},"modified":"2023-10-30T12:51:38","modified_gmt":"2023-10-30T11:51:38","slug":"le-vieil-homme-et-la-mer","status":"publish","type":"product","link":"https:\/\/baralivres.ma\/?product=le-vieil-homme-et-la-mer","title":{"rendered":"Le vieil homme et la mer"},"content":{"rendered":"<p>Pendant quatre-vingt-quatre jours cons\u00e9cutifs, \u00e0 Cuba, le vieux p\u00eacheur Santiago revient de la mer sans aucune prise, ses filets restant d\u00e9sesp\u00e9r\u00e9ment vides. Sa chance l&rsquo;a abandonn\u00e9 depuis longtemps. Mais au lever du quatre-vingt-cinqui\u00e8me jour, son jeune ami Manolin lui donne deux belles sardines fra\u00eeches pour attirer le poisson, lui souhaitant bonne chance alors qu&rsquo;il s&rsquo;\u00e9loigne \u00e0 bord de son modeste bateau. Aujourd&rsquo;hui, Santiago ressent un changement dans sa fortune. En effet, un poisson mord \u00e0 l&rsquo;hame\u00e7on : un magnifique et \u00e9norme marlin. C&rsquo;est le d\u00e9but d&rsquo;un duel intense entre l&rsquo;homme et la nature, un r\u00e9cit illustrant le courage et l&rsquo;espoir. \u00ab\u00a0Le vieil homme et la mer\u00a0\u00bb est consid\u00e9r\u00e9 comme l&rsquo;un des plus grands livres de la litt\u00e9rature am\u00e9ricaine, d\u00e9crivant ce combat acharn\u00e9.<\/p>\n","protected":false},"excerpt":{"rendered":"<p>P\u00eacheur Santiago endure \u00e9puisement, mais capture enfin un \u00e9norme marlin apr\u00e8s quatre-vingt-quatre jours.<\/p>\n","protected":false},"featured_media":15913,"comment_status":"open","ping_status":"closed","template":"","meta":{"inline_featured_image":false},"product_cat":[204,143],"product_tag":[],"class_list":{"0":"post-15906","1":"product","2":"type-product","3":"status-publish","4":"has-post-thumbnail","6":"product_cat-francais","7":"product_cat-roman","8":"pa_auteurs-ernest-hemingway","10":"first","11":"instock","12":"shipping-taxable","13":"purchasable","14":"product-type-simple"},"_links":{"self":[{"href":"https:\/\/baralivres.ma\/index.php?rest_route=\/wp\/v2\/product\/15906","targetHints":{"allow":["GET"]}}],"collection":[{"href":"https:\/\/baralivres.ma\/index.php?rest_route=\/wp\/v2\/product"}],"about":[{"href":"https:\/\/baralivres.ma\/index.php?rest_route=\/wp\/v2\/types\/product"}],"replies":[{"embeddable":true,"href":"https:\/\/baralivres.ma\/index.php?rest_route=%2Fwp%2Fv2%2Fcomments&post=15906"}],"version-history":[{"count":1,"href":"https:\/\/baralivres.ma\/index.php?rest_route=\/wp\/v2\/product\/15906\/revisions"}],"predecessor-version":[{"id":15914,"href":"https:\/\/baralivres.ma\/index.php?rest_route=\/wp\/v2\/product\/15906\/revisions\/15914"}],"wp:featuredmedia":[{"embeddable":true,"href":"https:\/\/baralivres.ma\/index.php?rest_route=\/wp\/v2\/media\/15913"}],"wp:attachment":[{"href":"https:\/\/baralivres.ma\/index.php?rest_route=%2Fwp%2Fv2%2Fmedia&parent=15906"}],"wp:term":[{"taxonomy":"product_cat","embeddable":true,"href":"https:\/\/baralivres.ma\/index.php?rest_route=%2Fwp%2Fv2%2Fproduct_cat&post=15906"},{"taxonomy":"product_tag","embeddable":true,"href":"https:\/\/baralivres.ma\/index.php?rest_route=%2Fwp%2Fv2%2Fproduct_tag&post=15906"}],"curies":[{"name":"wp","href":"https:\/\/api.w.org\/{rel}","templated":true}]}}