{"id":15901,"date":"2023-10-30T12:47:14","date_gmt":"2023-10-30T11:47:14","guid":{"rendered":"https:\/\/baralivres.ma\/?post_type=product&#038;p=15901"},"modified":"2023-12-04T13:06:23","modified_gmt":"2023-12-04T12:06:23","slug":"les-fabuleux-pouvoirs-de-la-psychologie-positive","status":"publish","type":"product","link":"https:\/\/baralivres.ma\/?product=les-fabuleux-pouvoirs-de-la-psychologie-positive","title":{"rendered":"Les fabuleux pouvoirs de la psychologie positive"},"content":{"rendered":"<p>La pens\u00e9e positive, \u00e0 travers la Loi d&rsquo;attraction, promet de r\u00e9aliser nos d\u00e9sirs et d&rsquo;am\u00e9liorer notre qualit\u00e9 de vie. Cependant, la psychologie positive, qui explore la science du bonheur, nous enseigne que la satisfaction de nos souhaits n&rsquo;apporte qu&rsquo;un bonheur \u00e9ph\u00e9m\u00e8re. Pour cultiver un bonheur durable, il est essentiel d&rsquo;apprendre \u00e0 appr\u00e9cier ce que nous avons plut\u00f4t que de constamment d\u00e9sirer davantage, en adoptant une attitude de gratitude. Pour la premi\u00e8re fois, ce texte fusionne les principes de la pens\u00e9e positive avec les d\u00e9couvertes scientifiques de la psychologie positive.<\/p>\n","protected":false},"excerpt":{"rendered":"<p>La pens\u00e9e positive promet le bonheur \u00e0 travers la Loi d&rsquo;attraction, mais la gratitude offre une joie durable.<\/p>\n","protected":false},"featured_media":15904,"comment_status":"open","ping_status":"closed","template":"","meta":{"inline_featured_image":false},"product_cat":[204,91],"product_tag":[],"class_list":{"0":"post-15901","1":"product","2":"type-product","3":"status-publish","4":"has-post-thumbnail","6":"product_cat-francais","7":"product_cat-developpement","8":"pa_auteurs-yves-alexandre-thalmann","10":"first","11":"instock","12":"shipping-taxable","13":"purchasable","14":"product-type-simple"},"_links":{"self":[{"href":"https:\/\/baralivres.ma\/index.php?rest_route=\/wp\/v2\/product\/15901","targetHints":{"allow":["GET"]}}],"collection":[{"href":"https:\/\/baralivres.ma\/index.php?rest_route=\/wp\/v2\/product"}],"about":[{"href":"https:\/\/baralivres.ma\/index.php?rest_route=\/wp\/v2\/types\/product"}],"replies":[{"embeddable":true,"href":"https:\/\/baralivres.ma\/index.php?rest_route=%2Fwp%2Fv2%2Fcomments&post=15901"}],"version-history":[{"count":1,"href":"https:\/\/baralivres.ma\/index.php?rest_route=\/wp\/v2\/product\/15901\/revisions"}],"predecessor-version":[{"id":15905,"href":"https:\/\/baralivres.ma\/index.php?rest_route=\/wp\/v2\/product\/15901\/revisions\/15905"}],"wp:featuredmedia":[{"embeddable":true,"href":"https:\/\/baralivres.ma\/index.php?rest_route=\/wp\/v2\/media\/15904"}],"wp:attachment":[{"href":"https:\/\/baralivres.ma\/index.php?rest_route=%2Fwp%2Fv2%2Fmedia&parent=15901"}],"wp:term":[{"taxonomy":"product_cat","embeddable":true,"href":"https:\/\/baralivres.ma\/index.php?rest_route=%2Fwp%2Fv2%2Fproduct_cat&post=15901"},{"taxonomy":"product_tag","embeddable":true,"href":"https:\/\/baralivres.ma\/index.php?rest_route=%2Fwp%2Fv2%2Fproduct_tag&post=15901"}],"curies":[{"name":"wp","href":"https:\/\/api.w.org\/{rel}","templated":true}]}}