{"id":15900,"date":"2023-10-30T12:46:50","date_gmt":"2023-10-30T11:46:50","guid":{"rendered":"https:\/\/baralivres.ma\/?post_type=product&#038;p=15900"},"modified":"2023-10-30T12:46:51","modified_gmt":"2023-10-30T11:46:51","slug":"la-panthere-des-neiges","status":"publish","type":"product","link":"https:\/\/baralivres.ma\/?product=la-panthere-des-neiges","title":{"rendered":"La panth\u00e8re des neiges"},"content":{"rendered":"<p>\u00ab\u00a0Vincent Munier invite Sylvain Tesson \u00e0 le rejoindre dans une qu\u00eate de six ans \u00e0 la poursuite d&rsquo;une cr\u00e9ature insaisissable : la panth\u00e8re des neiges, cach\u00e9e dans les plateaux du Tibet. Malgr\u00e9 les doutes sur son existence, Munier est convaincu de sa pr\u00e9sence. Ensemble, ils parcourent le Tibet oriental, Tesson apprenant les subtilit\u00e9s de l&rsquo;aff\u00fbt, plongeant dans l&rsquo;hiver et le silence, m\u00ealant espoir et appr\u00e9hension. Mais que se passerait-il si la majestueuse cr\u00e9ature magique refusait de se montrer ?\u00a0\u00bb<\/p>\n","protected":false},"excerpt":{"rendered":"<p>Chasse \u00e0 la panth\u00e8re des neiges : exploration tib\u00e9taine, espoir, doute, hiver, aff\u00fbt, myst\u00e8re animalier.<\/p>\n","protected":false},"featured_media":15902,"comment_status":"open","ping_status":"closed","template":"","meta":{"inline_featured_image":false},"product_cat":[204,143],"product_tag":[],"class_list":{"0":"post-15900","1":"product","2":"type-product","3":"status-publish","4":"has-post-thumbnail","6":"product_cat-francais","7":"product_cat-roman","8":"pa_auteurs-sylvain-tesson","10":"first","11":"instock","12":"shipping-taxable","13":"purchasable","14":"product-type-simple"},"_links":{"self":[{"href":"https:\/\/baralivres.ma\/index.php?rest_route=\/wp\/v2\/product\/15900","targetHints":{"allow":["GET"]}}],"collection":[{"href":"https:\/\/baralivres.ma\/index.php?rest_route=\/wp\/v2\/product"}],"about":[{"href":"https:\/\/baralivres.ma\/index.php?rest_route=\/wp\/v2\/types\/product"}],"replies":[{"embeddable":true,"href":"https:\/\/baralivres.ma\/index.php?rest_route=%2Fwp%2Fv2%2Fcomments&post=15900"}],"version-history":[{"count":1,"href":"https:\/\/baralivres.ma\/index.php?rest_route=\/wp\/v2\/product\/15900\/revisions"}],"predecessor-version":[{"id":15903,"href":"https:\/\/baralivres.ma\/index.php?rest_route=\/wp\/v2\/product\/15900\/revisions\/15903"}],"wp:featuredmedia":[{"embeddable":true,"href":"https:\/\/baralivres.ma\/index.php?rest_route=\/wp\/v2\/media\/15902"}],"wp:attachment":[{"href":"https:\/\/baralivres.ma\/index.php?rest_route=%2Fwp%2Fv2%2Fmedia&parent=15900"}],"wp:term":[{"taxonomy":"product_cat","embeddable":true,"href":"https:\/\/baralivres.ma\/index.php?rest_route=%2Fwp%2Fv2%2Fproduct_cat&post=15900"},{"taxonomy":"product_tag","embeddable":true,"href":"https:\/\/baralivres.ma\/index.php?rest_route=%2Fwp%2Fv2%2Fproduct_tag&post=15900"}],"curies":[{"name":"wp","href":"https:\/\/api.w.org\/{rel}","templated":true}]}}