{"id":15899,"date":"2023-10-30T12:49:42","date_gmt":"2023-10-30T11:49:42","guid":{"rendered":"https:\/\/baralivres.ma\/?post_type=product&#038;p=15899"},"modified":"2023-10-31T10:06:22","modified_gmt":"2023-10-31T09:06:22","slug":"arretons-de-bosser-comme-des-fous","status":"publish","type":"product","link":"https:\/\/baralivres.ma\/?product=arretons-de-bosser-comme-des-fous","title":{"rendered":"ARRETONS DE BOSSER COMME DES FOUS"},"content":{"rendered":"<p>Jason Fried et David Heinemeier Hansson, auteurs du best-seller \u00ab\u00a0Rework &#8211; r\u00e9ussir autrement,\u00a0\u00bb remettent en question l&rsquo;id\u00e9e de longues heures de travail et de fr\u00e9n\u00e9sie comme n\u00e9cessaires \u00e0 la r\u00e9ussite. Ils proposent une approche de travail plus efficace bas\u00e9e sur l&rsquo;id\u00e9e de l&rsquo;\u00ab entreprise calme \u00bb pour \u00e9liminer le stress, l&rsquo;anxi\u00e9t\u00e9 et le chaos. Cela signifie travailler intelligemment, \u00e9liminer les t\u00e2ches inutiles et les distractions pour une vie professionnelle plus sereine et productive, en rempla\u00e7ant la culture de la surcharge de travail par une culture de l&rsquo;efficacit\u00e9. Leur livre vise \u00e0 changer la perception de la productivit\u00e9 en mettant l&rsquo;accent sur la qualit\u00e9 du travail et le bien-\u00eatre.<\/p>\n","protected":false},"excerpt":{"rendered":"<p>L&rsquo;ouvrage remet en question la culture du travail intense pour promouvoir une approche calme et efficace.<\/p>\n","protected":false},"featured_media":15908,"comment_status":"open","ping_status":"closed","template":"","meta":{"inline_featured_image":false},"product_cat":[204,91],"product_tag":[],"class_list":{"0":"post-15899","1":"product","2":"type-product","3":"status-publish","4":"has-post-thumbnail","6":"product_cat-francais","7":"product_cat-developpement","8":"pa_auteurs-jason-fried","10":"first","11":"instock","12":"shipping-taxable","13":"purchasable","14":"product-type-simple"},"_links":{"self":[{"href":"https:\/\/baralivres.ma\/index.php?rest_route=\/wp\/v2\/product\/15899","targetHints":{"allow":["GET"]}}],"collection":[{"href":"https:\/\/baralivres.ma\/index.php?rest_route=\/wp\/v2\/product"}],"about":[{"href":"https:\/\/baralivres.ma\/index.php?rest_route=\/wp\/v2\/types\/product"}],"replies":[{"embeddable":true,"href":"https:\/\/baralivres.ma\/index.php?rest_route=%2Fwp%2Fv2%2Fcomments&post=15899"}],"version-history":[{"count":2,"href":"https:\/\/baralivres.ma\/index.php?rest_route=\/wp\/v2\/product\/15899\/revisions"}],"predecessor-version":[{"id":15936,"href":"https:\/\/baralivres.ma\/index.php?rest_route=\/wp\/v2\/product\/15899\/revisions\/15936"}],"wp:featuredmedia":[{"embeddable":true,"href":"https:\/\/baralivres.ma\/index.php?rest_route=\/wp\/v2\/media\/15908"}],"wp:attachment":[{"href":"https:\/\/baralivres.ma\/index.php?rest_route=%2Fwp%2Fv2%2Fmedia&parent=15899"}],"wp:term":[{"taxonomy":"product_cat","embeddable":true,"href":"https:\/\/baralivres.ma\/index.php?rest_route=%2Fwp%2Fv2%2Fproduct_cat&post=15899"},{"taxonomy":"product_tag","embeddable":true,"href":"https:\/\/baralivres.ma\/index.php?rest_route=%2Fwp%2Fv2%2Fproduct_tag&post=15899"}],"curies":[{"name":"wp","href":"https:\/\/api.w.org\/{rel}","templated":true}]}}