{"id":15889,"date":"2023-10-30T12:42:52","date_gmt":"2023-10-30T11:42:52","guid":{"rendered":"https:\/\/baralivres.ma\/?post_type=product&#038;p=15889"},"modified":"2023-10-30T12:42:53","modified_gmt":"2023-10-30T11:42:53","slug":"vol-de-nuit","status":"publish","type":"product","link":"https:\/\/baralivres.ma\/?product=vol-de-nuit","title":{"rendered":"Vol de nuit"},"content":{"rendered":"<p>Trois avions postaux, chacun en provenance de la Patagonie, du Chili et du Paraguay, s&rsquo;appr\u00eataient \u00e0 regagner Buenos Aires depuis le sud, l&rsquo;ouest et le nord. Leur chargement \u00e9tait attendu pour le d\u00e9part de l&rsquo;avion en direction de l&rsquo;Europe, programm\u00e9 vers minuit. Trois pilotes, solitaires derri\u00e8re le capot de leurs machines massives, naviguaient dans l&rsquo;obscurit\u00e9, r\u00e9fl\u00e9chissant \u00e0 leur vol. Ils s&rsquo;appr\u00eataient \u00e0 descendre vers la vaste m\u00e9tropole, se d\u00e9tachant lentement de leur ciel tourment\u00e9 ou serein, telles des figures \u00e9tranges \u00e9mergeant des hauteurs, telles que des paysans \u00e9voquant des montagnes lointaines. Pendant ce temps, Rivi\u00e8re, responsable de l&rsquo;ensemble du r\u00e9seau, se d\u00e9pla\u00e7ait paisiblement sur le terrain d&rsquo;atterrissage de Buenos Aires. Son silence t\u00e9moignait de son appr\u00e9hension, attendant l&rsquo;arriv\u00e9e imminente des trois avions, cette journ\u00e9e restant redoutable pour lui jusqu&rsquo;\u00e0 leur atterrissage. \u00ab\u00a0Vol de nuit\u00a0\u00bb, laur\u00e9at du prix Femina en 1931, a immortalis\u00e9 Antoine de Saint-Exup\u00e9ry, \u00e0 la fois pilote \u00e9m\u00e9rite et \u00e9crivain de renom, disparu au cours d&rsquo;une mission militaire en 1944.<\/p>\n","protected":false},"excerpt":{"rendered":"<p>Trois avions postaux convergent vers Buenos Aires, angoisse avant leur atterrissage, illustrant \u00ab\u00a0Vol de nuit\u00a0\u00bb.<\/p>\n","protected":false},"featured_media":15893,"comment_status":"open","ping_status":"closed","template":"","meta":{"inline_featured_image":false},"product_cat":[204,143],"product_tag":[],"class_list":{"0":"post-15889","1":"product","2":"type-product","3":"status-publish","4":"has-post-thumbnail","6":"product_cat-francais","7":"product_cat-roman","8":"pa_auteurs-antoine-de-saint-exupery","10":"first","11":"instock","12":"shipping-taxable","13":"purchasable","14":"product-type-simple"},"_links":{"self":[{"href":"https:\/\/baralivres.ma\/index.php?rest_route=\/wp\/v2\/product\/15889","targetHints":{"allow":["GET"]}}],"collection":[{"href":"https:\/\/baralivres.ma\/index.php?rest_route=\/wp\/v2\/product"}],"about":[{"href":"https:\/\/baralivres.ma\/index.php?rest_route=\/wp\/v2\/types\/product"}],"replies":[{"embeddable":true,"href":"https:\/\/baralivres.ma\/index.php?rest_route=%2Fwp%2Fv2%2Fcomments&post=15889"}],"version-history":[{"count":1,"href":"https:\/\/baralivres.ma\/index.php?rest_route=\/wp\/v2\/product\/15889\/revisions"}],"predecessor-version":[{"id":15894,"href":"https:\/\/baralivres.ma\/index.php?rest_route=\/wp\/v2\/product\/15889\/revisions\/15894"}],"wp:featuredmedia":[{"embeddable":true,"href":"https:\/\/baralivres.ma\/index.php?rest_route=\/wp\/v2\/media\/15893"}],"wp:attachment":[{"href":"https:\/\/baralivres.ma\/index.php?rest_route=%2Fwp%2Fv2%2Fmedia&parent=15889"}],"wp:term":[{"taxonomy":"product_cat","embeddable":true,"href":"https:\/\/baralivres.ma\/index.php?rest_route=%2Fwp%2Fv2%2Fproduct_cat&post=15889"},{"taxonomy":"product_tag","embeddable":true,"href":"https:\/\/baralivres.ma\/index.php?rest_route=%2Fwp%2Fv2%2Fproduct_tag&post=15889"}],"curies":[{"name":"wp","href":"https:\/\/api.w.org\/{rel}","templated":true}]}}