{"id":15887,"date":"2023-10-30T12:43:19","date_gmt":"2023-10-30T11:43:19","guid":{"rendered":"https:\/\/baralivres.ma\/?post_type=product&#038;p=15887"},"modified":"2023-10-31T09:52:34","modified_gmt":"2023-10-31T08:52:34","slug":"le-code-du-talent","status":"publish","type":"product","link":"https:\/\/baralivres.ma\/?product=le-code-du-talent","title":{"rendered":"LE CODE DU TALENT"},"content":{"rendered":"<p>L&rsquo;ouvrage d\u00e9crit comment la my\u00e9line, une substance qui entoure les fibres nerveuses, influence l&rsquo;apprentissage. Il met en avant l&rsquo;importance de la pratique intensive, de l&rsquo;engagement \u00e9lev\u00e9 et d&rsquo;un coaching efficace pour d\u00e9velopper le talent. Il remet en question la dichotomie entre l&rsquo;inn\u00e9 et l&rsquo;acquis, offrant des cl\u00e9s pour lib\u00e9rer le potentiel dans n&rsquo;importe quel domaine, suscitant des perspectives r\u00e9volutionnaires dans l&rsquo;\u00e9ducation. L&rsquo;auteur, Daniel Coyle, est un conf\u00e9rencier de renomm\u00e9e internationale et auteur de best-sellers du New York Times.<\/p>\n","protected":false},"excerpt":{"rendered":"<p>Ce livre explore les d\u00e9couvertes en neurosciences sur la my\u00e9line, r\u00e9v\u00e9lant comment le talent \u00e9merge de la pratique, de l&rsquo;engagement et du coaching efficace.<\/p>\n","protected":false},"featured_media":15895,"comment_status":"open","ping_status":"closed","template":"","meta":{"inline_featured_image":false},"product_cat":[204,91],"product_tag":[],"class_list":{"0":"post-15887","1":"product","2":"type-product","3":"status-publish","4":"has-post-thumbnail","6":"product_cat-francais","7":"product_cat-developpement","8":"pa_auteurs-daniel-coyle","10":"first","11":"instock","12":"shipping-taxable","13":"purchasable","14":"product-type-simple"},"_links":{"self":[{"href":"https:\/\/baralivres.ma\/index.php?rest_route=\/wp\/v2\/product\/15887","targetHints":{"allow":["GET"]}}],"collection":[{"href":"https:\/\/baralivres.ma\/index.php?rest_route=\/wp\/v2\/product"}],"about":[{"href":"https:\/\/baralivres.ma\/index.php?rest_route=\/wp\/v2\/types\/product"}],"replies":[{"embeddable":true,"href":"https:\/\/baralivres.ma\/index.php?rest_route=%2Fwp%2Fv2%2Fcomments&post=15887"}],"version-history":[{"count":1,"href":"https:\/\/baralivres.ma\/index.php?rest_route=\/wp\/v2\/product\/15887\/revisions"}],"predecessor-version":[{"id":15896,"href":"https:\/\/baralivres.ma\/index.php?rest_route=\/wp\/v2\/product\/15887\/revisions\/15896"}],"wp:featuredmedia":[{"embeddable":true,"href":"https:\/\/baralivres.ma\/index.php?rest_route=\/wp\/v2\/media\/15895"}],"wp:attachment":[{"href":"https:\/\/baralivres.ma\/index.php?rest_route=%2Fwp%2Fv2%2Fmedia&parent=15887"}],"wp:term":[{"taxonomy":"product_cat","embeddable":true,"href":"https:\/\/baralivres.ma\/index.php?rest_route=%2Fwp%2Fv2%2Fproduct_cat&post=15887"},{"taxonomy":"product_tag","embeddable":true,"href":"https:\/\/baralivres.ma\/index.php?rest_route=%2Fwp%2Fv2%2Fproduct_tag&post=15887"}],"curies":[{"name":"wp","href":"https:\/\/api.w.org\/{rel}","templated":true}]}}