{"id":15886,"date":"2023-10-30T12:40:26","date_gmt":"2023-10-30T11:40:26","guid":{"rendered":"https:\/\/baralivres.ma\/?post_type=product&#038;p=15886"},"modified":"2023-12-04T13:01:41","modified_gmt":"2023-12-04T12:01:41","slug":"les-7-etapes-du-lacher-prise","status":"publish","type":"product","link":"https:\/\/baralivres.ma\/?product=les-7-etapes-du-lacher-prise","title":{"rendered":"Les 7 \u00e9tapes du l\u00e2cher-prise"},"content":{"rendered":"<p>Le concept de \u00ab\u00a0l\u00e2cher-prise\u00a0\u00bb est un terme fr\u00e9quemment utilis\u00e9, et il semble avoir le pouvoir magique de transformer notre sentiment d&rsquo;impuissance en une perspective ouverte vers de multiples possibilit\u00e9s. C&rsquo;est une notion abstraite que l&rsquo;on \u00e9voque comme une promesse de d\u00e9livrance et de soulagement de nos tourments.<\/p>\n<p>Cependant, dans la r\u00e9alit\u00e9, il n&rsquo;est pas si simple de pratiquer le l\u00e2cher-prise. Cela d\u00e9pend davantage de notre capacit\u00e9 \u00e0 \u00eatre ouverts au changement et \u00e0 consentir \u00e0 explorer les myst\u00e8res de notre monde int\u00e9rieur que d&rsquo;un acte magique ou d&rsquo;une simple volont\u00e9.<\/p>\n<p>Le l\u00e2cher-prise fait partie d&rsquo;un processus qui englobe plusieurs \u00e9tapes, chacune d&rsquo;entre elles \u00e9tant cruciale. Ce guide pratique vous pr\u00e9sentera ces \u00e9tapes de mani\u00e8re \u00e0 ce que vous puissiez les appliquer concr\u00e8tement dans les situations difficiles que vous traversez. Au fil de votre lecture, vous serez guid\u00e9 vers une exploration de vous-m\u00eame \u00e0 l&rsquo;aide de m\u00e9thodes simples et accessibles, vous octroyant ainsi le pouvoir de r\u00e9soudre vos probl\u00e8mes et d&rsquo;atteindre la s\u00e9r\u00e9nit\u00e9.<\/p>\n<p>Pas \u00e0 pas, apprenez \u00e0 l\u00e2cher prise sans effort !<\/p>\n","protected":false},"excerpt":{"rendered":"<p>\u00ab\u00a0L\u00e2cher-prise, un concept transformateur, demande ouverture au changement, exploration int\u00e9rieure, et suit un processus en plusieurs \u00e9tapes.\u00a0\u00bb<\/p>\n","protected":false},"featured_media":15890,"comment_status":"open","ping_status":"closed","template":"","meta":{"inline_featured_image":false},"product_cat":[204,91],"product_tag":[],"class_list":{"0":"post-15886","1":"product","2":"type-product","3":"status-publish","4":"has-post-thumbnail","6":"product_cat-francais","7":"product_cat-developpement","8":"pa_auteurs-colette-portelance","10":"first","11":"instock","12":"shipping-taxable","13":"purchasable","14":"product-type-simple"},"_links":{"self":[{"href":"https:\/\/baralivres.ma\/index.php?rest_route=\/wp\/v2\/product\/15886","targetHints":{"allow":["GET"]}}],"collection":[{"href":"https:\/\/baralivres.ma\/index.php?rest_route=\/wp\/v2\/product"}],"about":[{"href":"https:\/\/baralivres.ma\/index.php?rest_route=\/wp\/v2\/types\/product"}],"replies":[{"embeddable":true,"href":"https:\/\/baralivres.ma\/index.php?rest_route=%2Fwp%2Fv2%2Fcomments&post=15886"}],"version-history":[{"count":1,"href":"https:\/\/baralivres.ma\/index.php?rest_route=\/wp\/v2\/product\/15886\/revisions"}],"predecessor-version":[{"id":15891,"href":"https:\/\/baralivres.ma\/index.php?rest_route=\/wp\/v2\/product\/15886\/revisions\/15891"}],"wp:featuredmedia":[{"embeddable":true,"href":"https:\/\/baralivres.ma\/index.php?rest_route=\/wp\/v2\/media\/15890"}],"wp:attachment":[{"href":"https:\/\/baralivres.ma\/index.php?rest_route=%2Fwp%2Fv2%2Fmedia&parent=15886"}],"wp:term":[{"taxonomy":"product_cat","embeddable":true,"href":"https:\/\/baralivres.ma\/index.php?rest_route=%2Fwp%2Fv2%2Fproduct_cat&post=15886"},{"taxonomy":"product_tag","embeddable":true,"href":"https:\/\/baralivres.ma\/index.php?rest_route=%2Fwp%2Fv2%2Fproduct_tag&post=15886"}],"curies":[{"name":"wp","href":"https:\/\/api.w.org\/{rel}","templated":true}]}}