{"id":15877,"date":"2023-10-30T12:38:34","date_gmt":"2023-10-30T11:38:34","guid":{"rendered":"https:\/\/baralivres.ma\/?post_type=product&#038;p=15877"},"modified":"2023-10-30T12:38:34","modified_gmt":"2023-10-30T11:38:34","slug":"une-femme","status":"publish","type":"product","link":"https:\/\/baralivres.ma\/?product=une-femme","title":{"rendered":"Une femme"},"content":{"rendered":"<p>\u00ab\u00a0Ici, Annie Ernaux entreprend la qu\u00eate des multiples facettes de la vie de sa m\u00e8re, d\u00e9c\u00e9d\u00e9e le 7 avril 1986, \u00e0 la suite d&rsquo;une maladie qui avait ravag\u00e9 sa m\u00e9moire et alt\u00e9r\u00e9 son int\u00e9grit\u00e9 intellectuelle et physique. Sa m\u00e8re, jadis si active et ouverte au monde, contrastait avec la femme anxieuse d&rsquo;ascension sociale et avide d&rsquo;apprentissage. Cette d\u00e9marche r\u00e9v\u00e8le \u00e9galement l&rsquo;\u00e9volution et la dualit\u00e9 des sentiments qu&rsquo;une fille \u00e9prouve envers sa m\u00e8re : amour, haine, tendresse, culpabilit\u00e9, et en fin de compte, un attachement visc\u00e9ral envers la vieille femme affaiblie. Annie Ernaux exprime : &lsquo;Je ne pourrai plus entendre sa voix&#8230; J&rsquo;ai perdu le dernier lien avec le monde dont je suis issue.&rsquo;<\/p>\n","protected":false},"excerpt":{"rendered":"<div class=\"group w-full text-token-text-primary border-b border-black\/10 gizmo:border-0 dark:border-gray-900\/50 gizmo:dark:border-0 bg-gray-50 gizmo:bg-transparent dark:bg-[#444654] gizmo:dark:bg-transparent\" data-testid=\"conversation-turn-7\">\n<div class=\"p-4 gizmo:py-2 justify-center text-base md:gap-6 md:py-6 m-auto\">\n<div class=\"flex flex-1 gap-4 text-base mx-auto md:gap-6 gizmo:gap-3 gizmo:md:px-5 gizmo:lg:px-1 gizmo:xl:px-5 md:max-w-2xl lg:max-w-[38rem] gizmo:md:max-w-3xl gizmo:lg:max-w-[40rem] gizmo:xl:max-w-[48rem] xl:max-w-3xl }\">\n<div class=\"relative flex w-[calc(100%-50px)] flex-col gizmo:w-full lg:w-[calc(100%-115px)] agent-turn\">\n<div class=\"flex-col gap-1 md:gap-3\">\n<div class=\"flex flex-grow flex-col gap-3 max-w-full\">\n<div class=\"min-h-[20px] flex flex-col items-start gap-3 whitespace-pre-wrap break-words overflow-x-auto\" data-message-author-role=\"assistant\" data-message-id=\"a9137df1-f3a7-44ee-8392-9215cf89c076\">\n<div class=\"markdown prose w-full break-words dark:prose-invert dark\">\n<p>Annie Ernaux explore la vie de sa m\u00e8re, ses \u00e9motions et la perte de ce dernier lien familial.<\/p>\n<\/div>\n<\/div>\n<\/div>\n<\/div>\n<\/div>\n<\/div>\n<\/div>\n<\/div>\n","protected":false},"featured_media":15878,"comment_status":"open","ping_status":"closed","template":"","meta":{"inline_featured_image":false},"product_cat":[204,143],"product_tag":[],"class_list":{"0":"post-15877","1":"product","2":"type-product","3":"status-publish","4":"has-post-thumbnail","6":"product_cat-francais","7":"product_cat-roman","8":"pa_auteurs-annie-ernaux","10":"first","11":"instock","12":"shipping-taxable","13":"purchasable","14":"product-type-simple"},"_links":{"self":[{"href":"https:\/\/baralivres.ma\/index.php?rest_route=\/wp\/v2\/product\/15877","targetHints":{"allow":["GET"]}}],"collection":[{"href":"https:\/\/baralivres.ma\/index.php?rest_route=\/wp\/v2\/product"}],"about":[{"href":"https:\/\/baralivres.ma\/index.php?rest_route=\/wp\/v2\/types\/product"}],"replies":[{"embeddable":true,"href":"https:\/\/baralivres.ma\/index.php?rest_route=%2Fwp%2Fv2%2Fcomments&post=15877"}],"version-history":[{"count":1,"href":"https:\/\/baralivres.ma\/index.php?rest_route=\/wp\/v2\/product\/15877\/revisions"}],"predecessor-version":[{"id":15888,"href":"https:\/\/baralivres.ma\/index.php?rest_route=\/wp\/v2\/product\/15877\/revisions\/15888"}],"wp:featuredmedia":[{"embeddable":true,"href":"https:\/\/baralivres.ma\/index.php?rest_route=\/wp\/v2\/media\/15878"}],"wp:attachment":[{"href":"https:\/\/baralivres.ma\/index.php?rest_route=%2Fwp%2Fv2%2Fmedia&parent=15877"}],"wp:term":[{"taxonomy":"product_cat","embeddable":true,"href":"https:\/\/baralivres.ma\/index.php?rest_route=%2Fwp%2Fv2%2Fproduct_cat&post=15877"},{"taxonomy":"product_tag","embeddable":true,"href":"https:\/\/baralivres.ma\/index.php?rest_route=%2Fwp%2Fv2%2Fproduct_tag&post=15877"}],"curies":[{"name":"wp","href":"https:\/\/api.w.org\/{rel}","templated":true}]}}