{"id":15875,"date":"2023-10-30T12:36:45","date_gmt":"2023-10-30T11:36:45","guid":{"rendered":"https:\/\/baralivres.ma\/?post_type=product&#038;p=15875"},"modified":"2023-10-30T12:36:46","modified_gmt":"2023-10-30T11:36:46","slug":"la-loi-du-reveur","status":"publish","type":"product","link":"https:\/\/baralivres.ma\/?product=la-loi-du-reveur","title":{"rendered":"La loi du r\u00eaveur"},"content":{"rendered":"<p>\u00ab\u00a0During a screening of Fellini&rsquo;s film &lsquo;Amarcord,&rsquo; the projector bulb suddenly burst while Minne and I were comfortably watching from our bed. In a rush to replace the burnt-out bulb, I hastily stacked a chair on a table and ascended to change it. However, there was a muffled explosion, the house plunged into darkness, and I stumbled from my makeshift platform, failing to get back on my feet. My wife found me apparently lifeless at the foot of our marital bed. Meanwhile, I experienced a vivid review of my life, a phenomenon that&rsquo;s said to occur at times. Yet, this retrospective journey wasn&rsquo;t an exact replay of the life I had lived.\u00a0\u00bb &#8211; Daniel Pennac<\/p>\n","protected":false},"excerpt":{"rendered":"<p>Projection film, ampoule \u00e9clate, chute, r\u00e9v\u00e8le vie pass\u00e9e diff\u00e9remment. Exp\u00e9rience intense, inattendue, introspective.<\/p>\n","protected":false},"featured_media":15879,"comment_status":"open","ping_status":"closed","template":"","meta":{"inline_featured_image":false},"product_cat":[204,143],"product_tag":[],"class_list":{"0":"post-15875","1":"product","2":"type-product","3":"status-publish","4":"has-post-thumbnail","6":"product_cat-francais","7":"product_cat-roman","8":"pa_auteurs-daniel-pennac","10":"first","11":"instock","12":"shipping-taxable","13":"purchasable","14":"product-type-simple"},"_links":{"self":[{"href":"https:\/\/baralivres.ma\/index.php?rest_route=\/wp\/v2\/product\/15875","targetHints":{"allow":["GET"]}}],"collection":[{"href":"https:\/\/baralivres.ma\/index.php?rest_route=\/wp\/v2\/product"}],"about":[{"href":"https:\/\/baralivres.ma\/index.php?rest_route=\/wp\/v2\/types\/product"}],"replies":[{"embeddable":true,"href":"https:\/\/baralivres.ma\/index.php?rest_route=%2Fwp%2Fv2%2Fcomments&post=15875"}],"version-history":[{"count":1,"href":"https:\/\/baralivres.ma\/index.php?rest_route=\/wp\/v2\/product\/15875\/revisions"}],"predecessor-version":[{"id":15880,"href":"https:\/\/baralivres.ma\/index.php?rest_route=\/wp\/v2\/product\/15875\/revisions\/15880"}],"wp:featuredmedia":[{"embeddable":true,"href":"https:\/\/baralivres.ma\/index.php?rest_route=\/wp\/v2\/media\/15879"}],"wp:attachment":[{"href":"https:\/\/baralivres.ma\/index.php?rest_route=%2Fwp%2Fv2%2Fmedia&parent=15875"}],"wp:term":[{"taxonomy":"product_cat","embeddable":true,"href":"https:\/\/baralivres.ma\/index.php?rest_route=%2Fwp%2Fv2%2Fproduct_cat&post=15875"},{"taxonomy":"product_tag","embeddable":true,"href":"https:\/\/baralivres.ma\/index.php?rest_route=%2Fwp%2Fv2%2Fproduct_tag&post=15875"}],"curies":[{"name":"wp","href":"https:\/\/api.w.org\/{rel}","templated":true}]}}