{"id":15870,"date":"2023-10-30T12:34:07","date_gmt":"2023-10-30T11:34:07","guid":{"rendered":"https:\/\/baralivres.ma\/?post_type=product&#038;p=15870"},"modified":"2023-12-04T13:04:14","modified_gmt":"2023-12-04T12:04:14","slug":"la-communication-nonviolente-au-quotidien","status":"publish","type":"product","link":"https:\/\/baralivres.ma\/?product=la-communication-nonviolente-au-quotidien","title":{"rendered":"La Communication NonViolente au quotidien"},"content":{"rendered":"<p>La communication est une activit\u00e9 omnipr\u00e9sente dans nos vies, mais rares sont ceux qui ma\u00eetrisent v\u00e9ritablement les principes d&rsquo;une communication respectueuse de soi et des autres. Dans son ouvrage, Marshall B. Rosenberg pr\u00e9sente une m\u00e9thode qui permet d&rsquo;am\u00e9liorer la qualit\u00e9 des relations, la compr\u00e9hension mutuelle, et le respect des diff\u00e9rences, quelles que soient les circonstances. En suivant les conseils dispens\u00e9s tout au long du livre, vous d\u00e9couvrirez comment maintenir des \u00e9changes fluides et exp\u00e9rimenter la bienveillance pour des interactions plus harmonieuses.<\/p>\n","protected":false},"excerpt":{"rendered":"<div class=\"group w-full text-token-text-primary border-b border-black\/10 gizmo:border-0 dark:border-gray-900\/50 gizmo:dark:border-0 bg-gray-50 gizmo:bg-transparent dark:bg-[#444654] gizmo:dark:bg-transparent\" data-testid=\"conversation-turn-5\">\n<div class=\"p-4 gizmo:py-2 justify-center text-base md:gap-6 md:py-6 m-auto\">\n<div class=\"flex flex-1 gap-4 text-base mx-auto md:gap-6 gizmo:gap-3 gizmo:md:px-5 gizmo:lg:px-1 gizmo:xl:px-5 md:max-w-2xl lg:max-w-[38rem] gizmo:md:max-w-3xl gizmo:lg:max-w-[40rem] gizmo:xl:max-w-[48rem] xl:max-w-3xl }\">\n<div class=\"relative flex w-[calc(100%-50px)] flex-col gizmo:w-full lg:w-[calc(100%-115px)] agent-turn\">\n<div class=\"flex-col gap-1 md:gap-3\">\n<div class=\"flex flex-grow flex-col gap-3 max-w-full\">\n<div class=\"min-h-[20px] flex flex-col items-start gap-3 whitespace-pre-wrap break-words overflow-x-auto\" data-message-author-role=\"assistant\" data-message-id=\"88992beb-9504-4939-80f3-0a486c8dd20a\">\n<div class=\"markdown prose w-full break-words dark:prose-invert light\">\n<p>Livre de M. B. Rosenberg enseigne communication respectueuse, am\u00e9liorant relations, compr\u00e9hension, et respect des diff\u00e9rences dans toutes situations.<\/p>\n<\/div>\n<\/div>\n<\/div>\n<div class=\"flex justify-between empty:hidden gizmo:justify-start gizmo:gap-3 lg:block gizmo:lg:flex\">\n<div class=\"text-gray-400 flex self-end lg:self-center justify-center gizmo:lg:justify-start mt-2 gizmo:mt-0 visible lg:gap-1 lg:absolute lg:top-0 lg:translate-x-full lg:right-0 lg:mt-0 lg:pl-2 gap-2 md:gap-3\">\n<p>&nbsp;<\/p>\n<div class=\"flex gap-1\"><\/div>\n<\/div>\n<\/div>\n<\/div>\n<\/div>\n<\/div>\n<\/div>\n<\/div>\n","protected":false},"featured_media":15873,"comment_status":"open","ping_status":"closed","template":"","meta":{"inline_featured_image":false},"product_cat":[204,91],"product_tag":[],"class_list":{"0":"post-15870","1":"product","2":"type-product","3":"status-publish","4":"has-post-thumbnail","6":"product_cat-francais","7":"product_cat-developpement","8":"pa_auteurs-marshall-b-rosenberg","10":"first","11":"instock","12":"shipping-taxable","13":"purchasable","14":"product-type-simple"},"_links":{"self":[{"href":"https:\/\/baralivres.ma\/index.php?rest_route=\/wp\/v2\/product\/15870","targetHints":{"allow":["GET"]}}],"collection":[{"href":"https:\/\/baralivres.ma\/index.php?rest_route=\/wp\/v2\/product"}],"about":[{"href":"https:\/\/baralivres.ma\/index.php?rest_route=\/wp\/v2\/types\/product"}],"replies":[{"embeddable":true,"href":"https:\/\/baralivres.ma\/index.php?rest_route=%2Fwp%2Fv2%2Fcomments&post=15870"}],"version-history":[{"count":2,"href":"https:\/\/baralivres.ma\/index.php?rest_route=\/wp\/v2\/product\/15870\/revisions"}],"predecessor-version":[{"id":20635,"href":"https:\/\/baralivres.ma\/index.php?rest_route=\/wp\/v2\/product\/15870\/revisions\/20635"}],"wp:featuredmedia":[{"embeddable":true,"href":"https:\/\/baralivres.ma\/index.php?rest_route=\/wp\/v2\/media\/15873"}],"wp:attachment":[{"href":"https:\/\/baralivres.ma\/index.php?rest_route=%2Fwp%2Fv2%2Fmedia&parent=15870"}],"wp:term":[{"taxonomy":"product_cat","embeddable":true,"href":"https:\/\/baralivres.ma\/index.php?rest_route=%2Fwp%2Fv2%2Fproduct_cat&post=15870"},{"taxonomy":"product_tag","embeddable":true,"href":"https:\/\/baralivres.ma\/index.php?rest_route=%2Fwp%2Fv2%2Fproduct_tag&post=15870"}],"curies":[{"name":"wp","href":"https:\/\/api.w.org\/{rel}","templated":true}]}}