{"id":15866,"date":"2023-10-30T12:37:14","date_gmt":"2023-10-30T11:37:14","guid":{"rendered":"https:\/\/baralivres.ma\/?post_type=product&#038;p=15866"},"modified":"2023-10-31T09:53:09","modified_gmt":"2023-10-31T08:53:09","slug":"cassez-la-baraque","status":"publish","type":"product","link":"https:\/\/baralivres.ma\/?product=cassez-la-baraque","title":{"rendered":"CASSEZ LA BARAQUE !"},"content":{"rendered":"<p>Ce livre de Gary Vaynerchuk, entrepreneur renomm\u00e9, expose comment b\u00e2tir sa marque personnelle en utilisant efficacement les m\u00e9dias sociaux. Il encourage \u00e0 poursuivre ses passions et projets, offre des conseils sur les r\u00e9seaux sociaux, des astuces pour maximiser leur potentiel, et des t\u00e9moignages de r\u00e9ussites. Un guide pour exploiter pleinement Internet et atteindre le succ\u00e8s.<\/p>\n","protected":false},"excerpt":{"rendered":"<p>Guide de Gary Vaynerchuk sur l&rsquo;utilisation des m\u00e9dias sociaux pour d\u00e9velopper sa marque personnelle et r\u00e9ussir.<\/p>\n","protected":false},"featured_media":15881,"comment_status":"open","ping_status":"closed","template":"","meta":{"inline_featured_image":false},"product_cat":[204,91],"product_tag":[],"class_list":{"0":"post-15866","1":"product","2":"type-product","3":"status-publish","4":"has-post-thumbnail","6":"product_cat-francais","7":"product_cat-developpement","8":"pa_auteurs-gary-vaynerchuk","10":"first","11":"instock","12":"shipping-taxable","13":"purchasable","14":"product-type-simple"},"_links":{"self":[{"href":"https:\/\/baralivres.ma\/index.php?rest_route=\/wp\/v2\/product\/15866","targetHints":{"allow":["GET"]}}],"collection":[{"href":"https:\/\/baralivres.ma\/index.php?rest_route=\/wp\/v2\/product"}],"about":[{"href":"https:\/\/baralivres.ma\/index.php?rest_route=\/wp\/v2\/types\/product"}],"replies":[{"embeddable":true,"href":"https:\/\/baralivres.ma\/index.php?rest_route=%2Fwp%2Fv2%2Fcomments&post=15866"}],"version-history":[{"count":1,"href":"https:\/\/baralivres.ma\/index.php?rest_route=\/wp\/v2\/product\/15866\/revisions"}],"predecessor-version":[{"id":15884,"href":"https:\/\/baralivres.ma\/index.php?rest_route=\/wp\/v2\/product\/15866\/revisions\/15884"}],"wp:featuredmedia":[{"embeddable":true,"href":"https:\/\/baralivres.ma\/index.php?rest_route=\/wp\/v2\/media\/15881"}],"wp:attachment":[{"href":"https:\/\/baralivres.ma\/index.php?rest_route=%2Fwp%2Fv2%2Fmedia&parent=15866"}],"wp:term":[{"taxonomy":"product_cat","embeddable":true,"href":"https:\/\/baralivres.ma\/index.php?rest_route=%2Fwp%2Fv2%2Fproduct_cat&post=15866"},{"taxonomy":"product_tag","embeddable":true,"href":"https:\/\/baralivres.ma\/index.php?rest_route=%2Fwp%2Fv2%2Fproduct_tag&post=15866"}],"curies":[{"name":"wp","href":"https:\/\/api.w.org\/{rel}","templated":true}]}}