{"id":15859,"date":"2023-10-30T12:31:06","date_gmt":"2023-10-30T11:31:06","guid":{"rendered":"https:\/\/baralivres.ma\/?post_type=product&#038;p=15859"},"modified":"2023-12-04T12:59:53","modified_gmt":"2023-12-04T11:59:53","slug":"estime-de-soi-confiance-en-soi-amour-de-soi","status":"publish","type":"product","link":"https:\/\/baralivres.ma\/?product=estime-de-soi-confiance-en-soi-amour-de-soi","title":{"rendered":"Estime de soi, confiance en soi, amour de soi"},"content":{"rendered":"<p>Pensez-vous de mani\u00e8re positive \u00e0 votre propre valeur ? \u00c9prouvez-vous de l&rsquo;affection envers vous-m\u00eame ? Avez-vous une solide estime de vous et de votre capacit\u00e9 \u00e0 prendre des d\u00e9cisions et \u00e0 agir ? Ces trois aspects sont interconnect\u00e9s, s&rsquo;influen\u00e7ant mutuellement. Ce guide pratique vous invite \u00e0 \u00e9valuer ces trois dimensions de votre personnalit\u00e9, puis \u00e0 explorer des solutions pour les r\u00e9\u00e9quilibrer en fonction de diff\u00e9rents profils, tels que les individus trop arrogants, ceux qui ont une trop grande estime d&rsquo;eux-m\u00eames, ceux qui ont une confiance excessive en leurs capacit\u00e9s, ou encore les personnes timides qui souffrent de ces trois lacunes. Pour chaque profil, des conseils concrets sont propos\u00e9s pour favoriser un \u00e9panouissement personnel optimal.<\/p>\n","protected":false},"excerpt":{"rendered":"<p>\u00c9valuez l&rsquo;estime de soi, l&rsquo;amour-propre et la confiance en soi, puis r\u00e9\u00e9quilibrez-les pour un \u00e9panouissement personnel.<\/p>\n","protected":false},"featured_media":15867,"comment_status":"open","ping_status":"closed","template":"","meta":{"inline_featured_image":false},"product_cat":[204,91],"product_tag":[],"class_list":{"0":"post-15859","1":"product","2":"type-product","3":"status-publish","4":"has-post-thumbnail","6":"product_cat-francais","7":"product_cat-developpement","8":"pa_auteurs-patrice-ras","10":"first","11":"instock","12":"shipping-taxable","13":"purchasable","14":"product-type-simple"},"_links":{"self":[{"href":"https:\/\/baralivres.ma\/index.php?rest_route=\/wp\/v2\/product\/15859","targetHints":{"allow":["GET"]}}],"collection":[{"href":"https:\/\/baralivres.ma\/index.php?rest_route=\/wp\/v2\/product"}],"about":[{"href":"https:\/\/baralivres.ma\/index.php?rest_route=\/wp\/v2\/types\/product"}],"replies":[{"embeddable":true,"href":"https:\/\/baralivres.ma\/index.php?rest_route=%2Fwp%2Fv2%2Fcomments&post=15859"}],"version-history":[{"count":1,"href":"https:\/\/baralivres.ma\/index.php?rest_route=\/wp\/v2\/product\/15859\/revisions"}],"predecessor-version":[{"id":15868,"href":"https:\/\/baralivres.ma\/index.php?rest_route=\/wp\/v2\/product\/15859\/revisions\/15868"}],"wp:featuredmedia":[{"embeddable":true,"href":"https:\/\/baralivres.ma\/index.php?rest_route=\/wp\/v2\/media\/15867"}],"wp:attachment":[{"href":"https:\/\/baralivres.ma\/index.php?rest_route=%2Fwp%2Fv2%2Fmedia&parent=15859"}],"wp:term":[{"taxonomy":"product_cat","embeddable":true,"href":"https:\/\/baralivres.ma\/index.php?rest_route=%2Fwp%2Fv2%2Fproduct_cat&post=15859"},{"taxonomy":"product_tag","embeddable":true,"href":"https:\/\/baralivres.ma\/index.php?rest_route=%2Fwp%2Fv2%2Fproduct_tag&post=15859"}],"curies":[{"name":"wp","href":"https:\/\/api.w.org\/{rel}","templated":true}]}}